{"id":877,"date":"2022-03-14T16:41:00","date_gmt":"2022-03-14T15:41:00","guid":{"rendered":"https:\/\/peixoto.oceanville.fr\/?page_id=877"},"modified":"2023-07-19T10:44:50","modified_gmt":"2023-07-19T08:44:50","slug":"temperature-dirigee","status":"publish","type":"page","link":"https:\/\/peixoto.fr\/pt\/nos-metiers\/temperature-dirigee\/","title":{"rendered":"Distribui\u00e7\u00e3o sob temperatura controlada"},"content":{"rendered":"<div data-elementor-type=\"wp-page\" data-elementor-id=\"877\" class=\"elementor elementor-877\" data-elementor-post-type=\"page\">\n\t\t\t\t\t\t<section class=\"elementor-section elementor-top-section elementor-element elementor-element-4a8014e5 elementor-section-boxed elementor-section-height-default elementor-section-height-default\" data-id=\"4a8014e5\" data-element_type=\"section\" data-e-type=\"section\" data-settings=\"{&quot;background_background&quot;:&quot;classic&quot;}\">\n\t\t\t\t\t\t\t<div class=\"elementor-background-overlay\"><\/div>\n\t\t\t\t\t\t\t<div class=\"elementor-container elementor-column-gap-default\">\n\t\t\t\t\t<div class=\"elementor-column elementor-col-100 elementor-top-column elementor-element elementor-element-dc7a31c\" data-id=\"dc7a31c\" data-element_type=\"column\" data-e-type=\"column\">\n\t\t\t<div class=\"elementor-widget-wrap elementor-element-populated\">\n\t\t\t\t\t\t<div class=\"elementor-element elementor-element-6a9b4970 elementor-widget elementor-widget-heading\" data-id=\"6a9b4970\" data-element_type=\"widget\" data-e-type=\"widget\" data-widget_type=\"heading.default\">\n\t\t\t\t<div class=\"elementor-widget-container\">\n\t\t\t\t\t<h2 class=\"elementor-heading-title elementor-size-default\">Distribui\u00e7\u00e3o sob temperatura controlada<\/h2>\t\t\t\t<\/div>\n\t\t\t\t<\/div>\n\t\t\t\t\t<\/div>\n\t\t<\/div>\n\t\t\t\t\t<\/div>\n\t\t<\/section>\n\t\t\t\t<section class=\"elementor-section elementor-top-section elementor-element elementor-element-17c5574a elementor-section-boxed elementor-section-height-default elementor-section-height-default\" data-id=\"17c5574a\" data-element_type=\"section\" data-e-type=\"section\">\n\t\t\t\t\t\t<div class=\"elementor-container elementor-column-gap-default\">\n\t\t\t\t\t<div class=\"elementor-column elementor-col-100 elementor-top-column elementor-element elementor-element-b8e3d6\" data-id=\"b8e3d6\" data-element_type=\"column\" data-e-type=\"column\">\n\t\t\t<div class=\"elementor-widget-wrap elementor-element-populated\">\n\t\t\t\t\t\t<div class=\"elementor-element elementor-element-a8af1d9 elementor-widget elementor-widget-elementskit-heading\" data-id=\"a8af1d9\" data-element_type=\"widget\" data-e-type=\"widget\" data-widget_type=\"elementskit-heading.default\">\n\t\t\t\t<div class=\"elementor-widget-container\">\n\t\t\t\t\t<div class=\"ekit-wid-con\" ><div class=\"ekit-heading elementskit-section-title-wraper text_left   ekit_heading_tablet-   ekit_heading_mobile-\"><div class=\"ekit_heading_separetor_wraper ekit_heading_elementskit-border-divider elementskit-style-long\"><div class=\"elementskit-border-divider elementskit-style-long\"><\/div><\/div><h2 class=\"ekit-heading--title elementskit-section-title\">Distribui\u00e7\u00e3o sob temperatura controlada<\/h2><\/div><\/div>\t\t\t\t<\/div>\n\t\t\t\t<\/div>\n\t\t\t\t<div class=\"elementor-element elementor-element-5ce9df20 elementor-widget elementor-widget-heading\" data-id=\"5ce9df20\" data-element_type=\"widget\" data-e-type=\"widget\" data-widget_type=\"heading.default\">\n\t\t\t\t<div class=\"elementor-widget-container\">\n\t\t\t\t\t<h2 class=\"elementor-heading-title elementor-size-default\">Apresenta\u00e7\u00e3o<\/h2>\t\t\t\t<\/div>\n\t\t\t\t<\/div>\n\t\t\t\t<section class=\"elementor-section elementor-inner-section elementor-element elementor-element-79a42f5 elementor-section-boxed elementor-section-height-default elementor-section-height-default\" data-id=\"79a42f5\" data-element_type=\"section\" data-e-type=\"section\">\n\t\t\t\t\t\t<div class=\"elementor-container elementor-column-gap-default\">\n\t\t\t\t\t<div class=\"elementor-column elementor-col-50 elementor-inner-column elementor-element elementor-element-20215608\" data-id=\"20215608\" data-element_type=\"column\" data-e-type=\"column\">\n\t\t\t<div class=\"elementor-widget-wrap elementor-element-populated\">\n\t\t\t\t\t\t<div class=\"elementor-element elementor-element-64963f84 elementor-widget elementor-widget-text-editor\" data-id=\"64963f84\" data-element_type=\"widget\" data-e-type=\"widget\" data-widget_type=\"text-editor.default\">\n\t\t\t\t<div class=\"elementor-widget-container\">\n\t\t\t\t\t\t\t\t\t<p><br><\/p><p>Le groupe Peixoto, sp\u00e9cialiste du transport sous temp\u00e9rature dirig\u00e9e depuis plus de 30 ans, s\u2019engage sur un service de qualit\u00e9 et de tra\u00e7abilit\u00e9 pour transporter vos produits alimentaires.&nbsp;<\/p><p><br><\/p><p>Vos sp\u00e9cificit\u00e9s et vos attentes sont prises en compte par notre service commercial et par nos exploitations pour construire avec vous des solutions adapt\u00e9es \u00e0 votre fili\u00e8re.<br><\/p>\n<p><\/p>\t\t\t\t\t\t\t\t<\/div>\n\t\t\t\t<\/div>\n\t\t\t\t\t<\/div>\n\t\t<\/div>\n\t\t\t\t<div class=\"elementor-column elementor-col-50 elementor-inner-column elementor-element elementor-element-22cb186e\" data-id=\"22cb186e\" data-element_type=\"column\" data-e-type=\"column\">\n\t\t\t<div class=\"elementor-widget-wrap elementor-element-populated\">\n\t\t\t\t\t\t<div class=\"elementor-element elementor-element-c43c465 elementor-widget elementor-widget-image\" data-id=\"c43c465\" data-element_type=\"widget\" data-e-type=\"widget\" data-widget_type=\"image.default\">\n\t\t\t\t<div class=\"elementor-widget-container\">\n\t\t\t\t\t\t\t\t\t\t\t\t\t\t\t<img fetchpriority=\"high\" decoding=\"async\" width=\"800\" height=\"566\" src=\"https:\/\/peixoto.fr\/wp-content\/uploads\/2022\/11\/Carte-distri-frais-1024x724.png\" class=\"attachment-large size-large wp-image-2954\" alt=\"\" srcset=\"https:\/\/peixoto.fr\/wp-content\/uploads\/2022\/11\/Carte-distri-frais-1024x724.png 1024w, https:\/\/peixoto.fr\/wp-content\/uploads\/2022\/11\/Carte-distri-frais-300x212.png 300w, https:\/\/peixoto.fr\/wp-content\/uploads\/2022\/11\/Carte-distri-frais-768x543.png 768w, https:\/\/peixoto.fr\/wp-content\/uploads\/2022\/11\/Carte-distri-frais-1536x1086.png 1536w, https:\/\/peixoto.fr\/wp-content\/uploads\/2022\/11\/Carte-distri-frais-2048x1448.png 2048w, https:\/\/peixoto.fr\/wp-content\/uploads\/2022\/11\/Carte-distri-frais-18x12.png 18w\" sizes=\"(max-width: 800px) 100vw, 800px\" \/>\t\t\t\t\t\t\t\t\t\t\t\t\t\t\t<\/div>\n\t\t\t\t<\/div>\n\t\t\t\t<div class=\"elementor-element elementor-element-94ab295 elementor-widget elementor-widget-image\" data-id=\"94ab295\" data-element_type=\"widget\" data-e-type=\"widget\" data-widget_type=\"image.default\">\n\t\t\t\t<div class=\"elementor-widget-container\">\n\t\t\t\t\t\t\t\t\t\t\t\t\t\t\t<img decoding=\"async\" width=\"800\" height=\"573\" src=\"https:\/\/peixoto.fr\/wp-content\/uploads\/2022\/11\/TPS-SOUS-TEMP-DIRI-1.jpg\" class=\"attachment-large size-large wp-image-2963\" alt=\"\" srcset=\"https:\/\/peixoto.fr\/wp-content\/uploads\/2022\/11\/TPS-SOUS-TEMP-DIRI-1.jpg 899w, https:\/\/peixoto.fr\/wp-content\/uploads\/2022\/11\/TPS-SOUS-TEMP-DIRI-1-300x215.jpg 300w, https:\/\/peixoto.fr\/wp-content\/uploads\/2022\/11\/TPS-SOUS-TEMP-DIRI-1-768x550.jpg 768w, https:\/\/peixoto.fr\/wp-content\/uploads\/2022\/11\/TPS-SOUS-TEMP-DIRI-1-18x12.jpg 18w\" sizes=\"(max-width: 800px) 100vw, 800px\" \/>\t\t\t\t\t\t\t\t\t\t\t\t\t\t\t<\/div>\n\t\t\t\t<\/div>\n\t\t\t\t\t<\/div>\n\t\t<\/div>\n\t\t\t\t\t<\/div>\n\t\t<\/section>\n\t\t\t\t<div class=\"elementor-element elementor-element-207d28d0 elementor-widget elementor-widget-heading\" data-id=\"207d28d0\" data-element_type=\"widget\" data-e-type=\"widget\" data-widget_type=\"heading.default\">\n\t\t\t\t<div class=\"elementor-widget-container\">\n\t\t\t\t\t<h2 class=\"elementor-heading-title elementor-size-default\">Como funciona ?<\/h2>\t\t\t\t<\/div>\n\t\t\t\t<\/div>\n\t\t\t\t<section class=\"elementor-section elementor-inner-section elementor-element elementor-element-2db0c2b elementor-reverse-tablet elementor-reverse-mobile elementor-section-boxed elementor-section-height-default elementor-section-height-default\" data-id=\"2db0c2b\" data-element_type=\"section\" data-e-type=\"section\">\n\t\t\t\t\t\t<div class=\"elementor-container elementor-column-gap-default\">\n\t\t\t\t\t<div class=\"elementor-column elementor-col-50 elementor-inner-column elementor-element elementor-element-4816093e elementor-hidden-phone\" data-id=\"4816093e\" data-element_type=\"column\" data-e-type=\"column\">\n\t\t\t<div class=\"elementor-widget-wrap elementor-element-populated\">\n\t\t\t\t\t\t<div class=\"elementor-element elementor-element-44efb290 elementor-widget__width-initial elementor-hidden-phone elementor-widget elementor-widget-image\" data-id=\"44efb290\" data-element_type=\"widget\" data-e-type=\"widget\" data-widget_type=\"image.default\">\n\t\t\t\t<div class=\"elementor-widget-container\">\n\t\t\t\t\t\t\t\t\t\t\t\t\t\t\t<img decoding=\"async\" width=\"1575\" height=\"2100\" src=\"https:\/\/peixoto.fr\/wp-content\/uploads\/2022\/10\/IMG_0017-01.jpeg\" class=\"attachment-full size-full wp-image-2007\" alt=\"\" srcset=\"https:\/\/peixoto.fr\/wp-content\/uploads\/2022\/10\/IMG_0017-01.jpeg 1575w, https:\/\/peixoto.fr\/wp-content\/uploads\/2022\/10\/IMG_0017-01-225x300.jpeg 225w, https:\/\/peixoto.fr\/wp-content\/uploads\/2022\/10\/IMG_0017-01-768x1024.jpeg 768w, https:\/\/peixoto.fr\/wp-content\/uploads\/2022\/10\/IMG_0017-01-1152x1536.jpeg 1152w, https:\/\/peixoto.fr\/wp-content\/uploads\/2022\/10\/IMG_0017-01-1536x2048.jpeg 1536w, https:\/\/peixoto.fr\/wp-content\/uploads\/2022\/10\/IMG_0017-01-9x12.jpeg 9w\" sizes=\"(max-width: 1575px) 100vw, 1575px\" \/>\t\t\t\t\t\t\t\t\t\t\t\t\t\t\t<\/div>\n\t\t\t\t<\/div>\n\t\t\t\t<div class=\"elementor-element elementor-element-17dfccaa elementor-widget__width-initial elementor-absolute elementor-widget-tablet__width-initial elementor-widget-mobile__width-initial elementor-hidden-phone elementor-widget elementor-widget-image\" data-id=\"17dfccaa\" data-element_type=\"widget\" data-e-type=\"widget\" data-settings=\"{&quot;_position&quot;:&quot;absolute&quot;}\" data-widget_type=\"image.default\">\n\t\t\t\t<div class=\"elementor-widget-container\">\n\t\t\t\t\t\t\t\t\t\t\t\t\t\t\t<img loading=\"lazy\" decoding=\"async\" width=\"2560\" height=\"1920\" src=\"https:\/\/peixoto.fr\/wp-content\/uploads\/2022\/10\/20220809_151013-scaled.jpg\" class=\"attachment-full size-full wp-image-1963\" alt=\"\" srcset=\"https:\/\/peixoto.fr\/wp-content\/uploads\/2022\/10\/20220809_151013-scaled.jpg 2560w, https:\/\/peixoto.fr\/wp-content\/uploads\/2022\/10\/20220809_151013-300x225.jpg 300w, https:\/\/peixoto.fr\/wp-content\/uploads\/2022\/10\/20220809_151013-1024x768.jpg 1024w, https:\/\/peixoto.fr\/wp-content\/uploads\/2022\/10\/20220809_151013-768x576.jpg 768w, https:\/\/peixoto.fr\/wp-content\/uploads\/2022\/10\/20220809_151013-1536x1152.jpg 1536w, https:\/\/peixoto.fr\/wp-content\/uploads\/2022\/10\/20220809_151013-2048x1536.jpg 2048w, https:\/\/peixoto.fr\/wp-content\/uploads\/2022\/10\/20220809_151013-16x12.jpg 16w, https:\/\/peixoto.fr\/wp-content\/uploads\/2022\/10\/20220809_151013-600x450.jpg 600w\" sizes=\"(max-width: 2560px) 100vw, 2560px\" \/>\t\t\t\t\t\t\t\t\t\t\t\t\t\t\t<\/div>\n\t\t\t\t<\/div>\n\t\t\t\t\t<\/div>\n\t\t<\/div>\n\t\t\t\t<div class=\"elementor-column elementor-col-50 elementor-inner-column elementor-element elementor-element-3a3f7247\" data-id=\"3a3f7247\" data-element_type=\"column\" data-e-type=\"column\">\n\t\t\t<div class=\"elementor-widget-wrap elementor-element-populated\">\n\t\t\t\t\t\t<div class=\"elementor-element elementor-element-24eee43 elementor-widget elementor-widget-text-editor\" data-id=\"24eee43\" data-element_type=\"widget\" data-e-type=\"widget\" data-widget_type=\"text-editor.default\">\n\t\t\t\t<div class=\"elementor-widget-container\">\n\t\t\t\t\t\t\t\t\t<p>Notre mat\u00e9riel bi temp\u00e9rature nous permet de vous offrir un panel de services quelque soit votre secteur d\u2019activit\u00e9 (industrie agroalimentaire, artisans, grande distribution, commer\u00e7ants, producteurs, collectivit\u00e9s, grossistes agroalimentaires, acteurs du BIO).<\/p><p>Nous nous engageons fortement sur le plan humain, technique, et \u00e9conomique. La s\u00e9curit\u00e9 de votre marchandise est notre priorit\u00e9. Du plus, en tant que transporteur, nous sommes directement concern\u00e9s par les d\u00e9fis de la transition \u00e9nerg\u00e9tique. C\u2019est pourquoi il nous tient \u00e0 c\u0153ur de r\u00e9duire notre empreinte environnementale.<\/p><p>Notre savoir-faire reconnu et appr\u00e9ci\u00e9 dans le transport frigorifique ainsi que notre maillage r\u00e9gional nous permettent d\u2019offrir \u00e0 nos clients un service de proximit\u00e9 alliant r\u00e9activit\u00e9, ponctualit\u00e9, et qualit\u00e9 de service. <br \/>Nous maitrisons toutes les op\u00e9rations de transport sous temp\u00e9rature dirig\u00e9e, de -20\u00b0 \u00e0 +15\u00b0, telles que la messagerie, les camions complets et multi produits, les lots et livraison au d\u00e9tail, les tourn\u00e9es d\u00e9di\u00e9es ou encore les taxis colis.<\/p>\t\t\t\t\t\t\t\t<\/div>\n\t\t\t\t<\/div>\n\t\t\t\t\t<\/div>\n\t\t<\/div>\n\t\t\t\t\t<\/div>\n\t\t<\/section>\n\t\t\t\t<section class=\"elementor-section elementor-inner-section elementor-element elementor-element-2d409881 elementor-section-boxed elementor-section-height-default elementor-section-height-default\" data-id=\"2d409881\" data-element_type=\"section\" data-e-type=\"section\">\n\t\t\t\t\t\t<div class=\"elementor-container elementor-column-gap-default\">\n\t\t\t\t\t<div class=\"elementor-column elementor-col-33 elementor-inner-column elementor-element elementor-element-60406350\" data-id=\"60406350\" data-element_type=\"column\" data-e-type=\"column\">\n\t\t\t<div class=\"elementor-widget-wrap elementor-element-populated\">\n\t\t\t\t\t\t<div class=\"elementor-element elementor-element-43ef6792 elementor-widget elementor-widget-elementskit-blog-posts\" data-id=\"43ef6792\" data-element_type=\"widget\" data-e-type=\"widget\" data-widget_type=\"elementskit-blog-posts.default\">\n\t\t\t\t<div class=\"elementor-widget-container\">\n\t\t\t\t\t<div class=\"ekit-wid-con\" >        <div id=\"post-items--43ef6792\" class=\"row post-items\">\n                <\/div>\n       <\/div>\t\t\t\t<\/div>\n\t\t\t\t<\/div>\n\t\t\t\t\t<\/div>\n\t\t<\/div>\n\t\t\t\t<div class=\"elementor-column elementor-col-33 elementor-inner-column elementor-element elementor-element-4ead6705\" data-id=\"4ead6705\" data-element_type=\"column\" data-e-type=\"column\">\n\t\t\t<div class=\"elementor-widget-wrap elementor-element-populated\">\n\t\t\t\t\t\t<div class=\"elementor-element elementor-element-40039dc elementor-widget elementor-widget-elementskit-blog-posts\" data-id=\"40039dc\" data-element_type=\"widget\" data-e-type=\"widget\" data-widget_type=\"elementskit-blog-posts.default\">\n\t\t\t\t<div class=\"elementor-widget-container\">\n\t\t\t\t\t<div class=\"ekit-wid-con\" >        <div id=\"post-items--40039dc\" class=\"row post-items\">\n                <\/div>\n       <\/div>\t\t\t\t<\/div>\n\t\t\t\t<\/div>\n\t\t\t\t\t<\/div>\n\t\t<\/div>\n\t\t\t\t<div class=\"elementor-column elementor-col-33 elementor-inner-column elementor-element elementor-element-527af039\" data-id=\"527af039\" data-element_type=\"column\" data-e-type=\"column\">\n\t\t\t<div class=\"elementor-widget-wrap elementor-element-populated\">\n\t\t\t\t\t\t<div class=\"elementor-element elementor-element-41c76031 elementor-widget elementor-widget-elementskit-blog-posts\" data-id=\"41c76031\" data-element_type=\"widget\" data-e-type=\"widget\" data-widget_type=\"elementskit-blog-posts.default\">\n\t\t\t\t<div class=\"elementor-widget-container\">\n\t\t\t\t\t<div class=\"ekit-wid-con\" >        <div id=\"post-items--41c76031\" class=\"row post-items\">\n                <\/div>\n       <\/div>\t\t\t\t<\/div>\n\t\t\t\t<\/div>\n\t\t\t\t\t<\/div>\n\t\t<\/div>\n\t\t\t\t\t<\/div>\n\t\t<\/section>\n\t\t\t\t\t<\/div>\n\t\t<\/div>\n\t\t\t\t\t<\/div>\n\t\t<\/section>\n\t\t\t\t<\/div>","protected":false},"excerpt":{"rendered":"<p>Distribution sous temp\u00e9rature dirig\u00e9e Distribution sous temp\u00e9rature dirig\u00e9e Pr\u00e9sentation Le groupe Peixoto, sp\u00e9cialiste du transport sous temp\u00e9rature dirig\u00e9e depuis plus de 30 ans, s\u2019engage sur un service de qualit\u00e9 et de tra\u00e7abilit\u00e9 pour transporter vos produits alimentaires.&nbsp; Vos sp\u00e9cificit\u00e9s et vos attentes sont prises en compte par notre service commercial et par nos exploitations pour [&hellip;]<\/p>\n","protected":false},"author":2,"featured_media":0,"parent":254,"menu_order":0,"comment_status":"closed","ping_status":"closed","template":"","meta":{"_acf_changed":false,"footnotes":""},"class_list":["post-877","page","type-page","status-publish","hentry"],"acf":[],"yoast_head":"<!-- This site is optimized with the Yoast SEO plugin v27.4 - https:\/\/yoast.com\/product\/yoast-seo-wordpress\/ -->\n<title>Distribution sous temp\u00e9rature dirig\u00e9e - PEIXOTO<\/title>\n<meta name=\"robots\" content=\"index, follow, max-snippet:-1, max-image-preview:large, max-video-preview:-1\" \/>\n<link rel=\"canonical\" href=\"https:\/\/peixoto.fr\/pt\/nos-metiers\/temperature-dirigee\/\" \/>\n<meta property=\"og:locale\" content=\"pt_PT\" \/>\n<meta property=\"og:type\" content=\"article\" \/>\n<meta property=\"og:title\" content=\"Distribution sous temp\u00e9rature dirig\u00e9e - PEIXOTO\" \/>\n<meta property=\"og:description\" content=\"Distribution sous temp\u00e9rature dirig\u00e9e Distribution sous temp\u00e9rature dirig\u00e9e Pr\u00e9sentation Le groupe Peixoto, sp\u00e9cialiste du transport sous temp\u00e9rature dirig\u00e9e depuis plus de 30 ans, s\u2019engage sur un service de qualit\u00e9 et de tra\u00e7abilit\u00e9 pour transporter vos produits alimentaires.&nbsp; Vos sp\u00e9cificit\u00e9s et vos attentes sont prises en compte par notre service commercial et par nos exploitations pour [&hellip;]\" \/>\n<meta property=\"og:url\" content=\"https:\/\/peixoto.fr\/pt\/nos-metiers\/temperature-dirigee\/\" \/>\n<meta property=\"og:site_name\" content=\"PEIXOTO\" \/>\n<meta property=\"article:publisher\" content=\"https:\/\/www.facebook.com\/profile.php?id=100064380831467\" \/>\n<meta property=\"article:modified_time\" content=\"2023-07-19T08:44:50+00:00\" \/>\n<meta property=\"og:image\" content=\"https:\/\/peixoto.fr\/wp-content\/uploads\/2022\/11\/Carte-distri-frais-1024x724.png\" \/>\n<meta name=\"twitter:card\" content=\"summary_large_image\" \/>\n<meta name=\"twitter:label1\" content=\"Tempo estimado de leitura\" \/>\n\t<meta name=\"twitter:data1\" content=\"2 minutos\" \/>\n<script type=\"application\/ld+json\" class=\"yoast-schema-graph\">{\"@context\":\"https:\\\/\\\/schema.org\",\"@graph\":[{\"@type\":\"WebPage\",\"@id\":\"https:\\\/\\\/peixoto.fr\\\/nos-metiers\\\/temperature-dirigee\\\/\",\"url\":\"https:\\\/\\\/peixoto.fr\\\/nos-metiers\\\/temperature-dirigee\\\/\",\"name\":\"Distribution sous temp\u00e9rature dirig\u00e9e - PEIXOTO\",\"isPartOf\":{\"@id\":\"https:\\\/\\\/peixoto.fr\\\/#website\"},\"primaryImageOfPage\":{\"@id\":\"https:\\\/\\\/peixoto.fr\\\/nos-metiers\\\/temperature-dirigee\\\/#primaryimage\"},\"image\":{\"@id\":\"https:\\\/\\\/peixoto.fr\\\/nos-metiers\\\/temperature-dirigee\\\/#primaryimage\"},\"thumbnailUrl\":\"https:\\\/\\\/peixoto.fr\\\/wp-content\\\/uploads\\\/2022\\\/11\\\/Carte-distri-frais-1024x724.png\",\"datePublished\":\"2022-03-14T15:41:00+00:00\",\"dateModified\":\"2023-07-19T08:44:50+00:00\",\"breadcrumb\":{\"@id\":\"https:\\\/\\\/peixoto.fr\\\/nos-metiers\\\/temperature-dirigee\\\/#breadcrumb\"},\"inLanguage\":\"pt-PT\",\"potentialAction\":[{\"@type\":\"ReadAction\",\"target\":[\"https:\\\/\\\/peixoto.fr\\\/nos-metiers\\\/temperature-dirigee\\\/\"]}]},{\"@type\":\"ImageObject\",\"inLanguage\":\"pt-PT\",\"@id\":\"https:\\\/\\\/peixoto.fr\\\/nos-metiers\\\/temperature-dirigee\\\/#primaryimage\",\"url\":\"https:\\\/\\\/peixoto.fr\\\/wp-content\\\/uploads\\\/2022\\\/11\\\/Carte-distri-frais-1024x724.png\",\"contentUrl\":\"https:\\\/\\\/peixoto.fr\\\/wp-content\\\/uploads\\\/2022\\\/11\\\/Carte-distri-frais-1024x724.png\"},{\"@type\":\"BreadcrumbList\",\"@id\":\"https:\\\/\\\/peixoto.fr\\\/nos-metiers\\\/temperature-dirigee\\\/#breadcrumb\",\"itemListElement\":[{\"@type\":\"ListItem\",\"position\":1,\"name\":\"Accueil\",\"item\":\"https:\\\/\\\/peixoto.fr\\\/\"},{\"@type\":\"ListItem\",\"position\":2,\"name\":\"Nos m\u00e9tiers\",\"item\":\"https:\\\/\\\/peixoto.fr\\\/nos-metiers\\\/\"},{\"@type\":\"ListItem\",\"position\":3,\"name\":\"Distribution sous temp\u00e9rature dirig\u00e9e\"}]},{\"@type\":\"WebSite\",\"@id\":\"https:\\\/\\\/peixoto.fr\\\/#website\",\"url\":\"https:\\\/\\\/peixoto.fr\\\/\",\"name\":\"PEIXOTO\",\"description\":\"Site WEB du Groupe PEIXOTO\",\"publisher\":{\"@id\":\"https:\\\/\\\/peixoto.fr\\\/#organization\"},\"potentialAction\":[{\"@type\":\"SearchAction\",\"target\":{\"@type\":\"EntryPoint\",\"urlTemplate\":\"https:\\\/\\\/peixoto.fr\\\/?s={search_term_string}\"},\"query-input\":{\"@type\":\"PropertyValueSpecification\",\"valueRequired\":true,\"valueName\":\"search_term_string\"}}],\"inLanguage\":\"pt-PT\"},{\"@type\":\"Organization\",\"@id\":\"https:\\\/\\\/peixoto.fr\\\/#organization\",\"name\":\"PEIXOTO\",\"url\":\"https:\\\/\\\/peixoto.fr\\\/\",\"logo\":{\"@type\":\"ImageObject\",\"inLanguage\":\"pt-PT\",\"@id\":\"https:\\\/\\\/peixoto.fr\\\/#\\\/schema\\\/logo\\\/image\\\/\",\"url\":\"https:\\\/\\\/peixoto.fr\\\/wp-content\\\/uploads\\\/2022\\\/05\\\/logoPEIXOTO-declinaison-texte-bleu-degrad-02.png\",\"contentUrl\":\"https:\\\/\\\/peixoto.fr\\\/wp-content\\\/uploads\\\/2022\\\/05\\\/logoPEIXOTO-declinaison-texte-bleu-degrad-02.png\",\"width\":2442,\"height\":776,\"caption\":\"PEIXOTO\"},\"image\":{\"@id\":\"https:\\\/\\\/peixoto.fr\\\/#\\\/schema\\\/logo\\\/image\\\/\"},\"sameAs\":[\"https:\\\/\\\/www.facebook.com\\\/profile.php?id=100064380831467\",\"https:\\\/\\\/www.instagram.com\\\/groupepeixoto\\\/?hl=fr\",\"https:\\\/\\\/www.linkedin.com\\\/company\\\/sarl-transports-peixoto-et-fils\\\/\"]}]}<\/script>\n<!-- \/ Yoast SEO plugin. -->","yoast_head_json":{"title":"Distribution sous temp\u00e9rature dirig\u00e9e - PEIXOTO","robots":{"index":"index","follow":"follow","max-snippet":"max-snippet:-1","max-image-preview":"max-image-preview:large","max-video-preview":"max-video-preview:-1"},"canonical":"https:\/\/peixoto.fr\/pt\/nos-metiers\/temperature-dirigee\/","og_locale":"pt_PT","og_type":"article","og_title":"Distribution sous temp\u00e9rature dirig\u00e9e - PEIXOTO","og_description":"Distribution sous temp\u00e9rature dirig\u00e9e Distribution sous temp\u00e9rature dirig\u00e9e Pr\u00e9sentation Le groupe Peixoto, sp\u00e9cialiste du transport sous temp\u00e9rature dirig\u00e9e depuis plus de 30 ans, s\u2019engage sur un service de qualit\u00e9 et de tra\u00e7abilit\u00e9 pour transporter vos produits alimentaires.&nbsp; Vos sp\u00e9cificit\u00e9s et vos attentes sont prises en compte par notre service commercial et par nos exploitations pour [&hellip;]","og_url":"https:\/\/peixoto.fr\/pt\/nos-metiers\/temperature-dirigee\/","og_site_name":"PEIXOTO","article_publisher":"https:\/\/www.facebook.com\/profile.php?id=100064380831467","article_modified_time":"2023-07-19T08:44:50+00:00","og_image":[{"url":"https:\/\/peixoto.fr\/wp-content\/uploads\/2022\/11\/Carte-distri-frais-1024x724.png","type":"","width":"","height":""}],"twitter_card":"summary_large_image","twitter_misc":{"Tempo estimado de leitura":"2 minutos"},"schema":{"@context":"https:\/\/schema.org","@graph":[{"@type":"WebPage","@id":"https:\/\/peixoto.fr\/nos-metiers\/temperature-dirigee\/","url":"https:\/\/peixoto.fr\/nos-metiers\/temperature-dirigee\/","name":"Distribution sous temp\u00e9rature dirig\u00e9e - PEIXOTO","isPartOf":{"@id":"https:\/\/peixoto.fr\/#website"},"primaryImageOfPage":{"@id":"https:\/\/peixoto.fr\/nos-metiers\/temperature-dirigee\/#primaryimage"},"image":{"@id":"https:\/\/peixoto.fr\/nos-metiers\/temperature-dirigee\/#primaryimage"},"thumbnailUrl":"https:\/\/peixoto.fr\/wp-content\/uploads\/2022\/11\/Carte-distri-frais-1024x724.png","datePublished":"2022-03-14T15:41:00+00:00","dateModified":"2023-07-19T08:44:50+00:00","breadcrumb":{"@id":"https:\/\/peixoto.fr\/nos-metiers\/temperature-dirigee\/#breadcrumb"},"inLanguage":"pt-PT","potentialAction":[{"@type":"ReadAction","target":["https:\/\/peixoto.fr\/nos-metiers\/temperature-dirigee\/"]}]},{"@type":"ImageObject","inLanguage":"pt-PT","@id":"https:\/\/peixoto.fr\/nos-metiers\/temperature-dirigee\/#primaryimage","url":"https:\/\/peixoto.fr\/wp-content\/uploads\/2022\/11\/Carte-distri-frais-1024x724.png","contentUrl":"https:\/\/peixoto.fr\/wp-content\/uploads\/2022\/11\/Carte-distri-frais-1024x724.png"},{"@type":"BreadcrumbList","@id":"https:\/\/peixoto.fr\/nos-metiers\/temperature-dirigee\/#breadcrumb","itemListElement":[{"@type":"ListItem","position":1,"name":"Accueil","item":"https:\/\/peixoto.fr\/"},{"@type":"ListItem","position":2,"name":"Nos m\u00e9tiers","item":"https:\/\/peixoto.fr\/nos-metiers\/"},{"@type":"ListItem","position":3,"name":"Distribution sous temp\u00e9rature dirig\u00e9e"}]},{"@type":"WebSite","@id":"https:\/\/peixoto.fr\/#website","url":"https:\/\/peixoto.fr\/","name":"PEIXOTO","description":"Site WEB du Groupe PEIXOTO","publisher":{"@id":"https:\/\/peixoto.fr\/#organization"},"potentialAction":[{"@type":"SearchAction","target":{"@type":"EntryPoint","urlTemplate":"https:\/\/peixoto.fr\/?s={search_term_string}"},"query-input":{"@type":"PropertyValueSpecification","valueRequired":true,"valueName":"search_term_string"}}],"inLanguage":"pt-PT"},{"@type":"Organization","@id":"https:\/\/peixoto.fr\/#organization","name":"PEIXOTO","url":"https:\/\/peixoto.fr\/","logo":{"@type":"ImageObject","inLanguage":"pt-PT","@id":"https:\/\/peixoto.fr\/#\/schema\/logo\/image\/","url":"https:\/\/peixoto.fr\/wp-content\/uploads\/2022\/05\/logoPEIXOTO-declinaison-texte-bleu-degrad-02.png","contentUrl":"https:\/\/peixoto.fr\/wp-content\/uploads\/2022\/05\/logoPEIXOTO-declinaison-texte-bleu-degrad-02.png","width":2442,"height":776,"caption":"PEIXOTO"},"image":{"@id":"https:\/\/peixoto.fr\/#\/schema\/logo\/image\/"},"sameAs":["https:\/\/www.facebook.com\/profile.php?id=100064380831467","https:\/\/www.instagram.com\/groupepeixoto\/?hl=fr","https:\/\/www.linkedin.com\/company\/sarl-transports-peixoto-et-fils\/"]}]}},"_links":{"self":[{"href":"https:\/\/peixoto.fr\/pt\/wp-json\/wp\/v2\/pages\/877","targetHints":{"allow":["GET"]}}],"collection":[{"href":"https:\/\/peixoto.fr\/pt\/wp-json\/wp\/v2\/pages"}],"about":[{"href":"https:\/\/peixoto.fr\/pt\/wp-json\/wp\/v2\/types\/page"}],"author":[{"embeddable":true,"href":"https:\/\/peixoto.fr\/pt\/wp-json\/wp\/v2\/users\/2"}],"replies":[{"embeddable":true,"href":"https:\/\/peixoto.fr\/pt\/wp-json\/wp\/v2\/comments?post=877"}],"version-history":[{"count":46,"href":"https:\/\/peixoto.fr\/pt\/wp-json\/wp\/v2\/pages\/877\/revisions"}],"predecessor-version":[{"id":3280,"href":"https:\/\/peixoto.fr\/pt\/wp-json\/wp\/v2\/pages\/877\/revisions\/3280"}],"up":[{"embeddable":true,"href":"https:\/\/peixoto.fr\/pt\/wp-json\/wp\/v2\/pages\/254"}],"wp:attachment":[{"href":"https:\/\/peixoto.fr\/pt\/wp-json\/wp\/v2\/media?parent=877"}],"curies":[{"name":"wp","href":"https:\/\/api.w.org\/{rel}","templated":true}]}}