{"id":1648,"date":"2022-05-20T11:56:00","date_gmt":"2022-05-20T09:56:00","guid":{"rendered":"https:\/\/peixoto.oceanville.fr\/?page_id=1648"},"modified":"2025-04-09T09:26:49","modified_gmt":"2025-04-09T07:26:49","slug":"nougarede-transports","status":"publish","type":"page","link":"https:\/\/peixoto.fr\/pt\/qui-sommes-nous\/nos-sites\/nougarede-transports\/","title":{"rendered":"Nos sites &#8211; Nougar\u00e8de Transports"},"content":{"rendered":"<div data-elementor-type=\"wp-page\" data-elementor-id=\"1648\" class=\"elementor elementor-1648\" data-elementor-post-type=\"page\">\n\t\t\t\t\t\t<section class=\"elementor-section elementor-top-section elementor-element elementor-element-14a659c5 elementor-section-boxed elementor-section-height-default elementor-section-height-default\" data-id=\"14a659c5\" data-element_type=\"section\" data-e-type=\"section\" data-settings=\"{&quot;background_background&quot;:&quot;classic&quot;}\">\n\t\t\t\t\t\t\t<div class=\"elementor-background-overlay\"><\/div>\n\t\t\t\t\t\t\t<div class=\"elementor-container elementor-column-gap-default\">\n\t\t\t\t\t<div class=\"elementor-column elementor-col-100 elementor-top-column elementor-element elementor-element-53cd546f\" data-id=\"53cd546f\" data-element_type=\"column\" data-e-type=\"column\">\n\t\t\t<div class=\"elementor-widget-wrap elementor-element-populated\">\n\t\t\t\t\t\t<div class=\"elementor-element elementor-element-53c2341e elementor-widget elementor-widget-heading\" data-id=\"53c2341e\" data-element_type=\"widget\" data-e-type=\"widget\" data-widget_type=\"heading.default\">\n\t\t\t\t<div class=\"elementor-widget-container\">\n\t\t\t\t\t<h1 class=\"elementor-heading-title elementor-size-default\">Transporte Nougarede<\/h1>\t\t\t\t<\/div>\n\t\t\t\t<\/div>\n\t\t\t\t<div class=\"elementor-element elementor-element-94355b0 elementor-widget elementor-widget-heading\" data-id=\"94355b0\" data-element_type=\"widget\" data-e-type=\"widget\" data-widget_type=\"heading.default\">\n\t\t\t\t<div class=\"elementor-widget-container\">\n\t\t\t\t\t<h2 class=\"elementor-heading-title elementor-size-default\">Moissac &amp; Marmande<\/h2>\t\t\t\t<\/div>\n\t\t\t\t<\/div>\n\t\t\t\t\t<\/div>\n\t\t<\/div>\n\t\t\t\t\t<\/div>\n\t\t<\/section>\n\t\t\t\t<section class=\"elementor-section elementor-top-section elementor-element elementor-element-f4997c8 elementor-section-boxed elementor-section-height-default elementor-section-height-default\" data-id=\"f4997c8\" data-element_type=\"section\" data-e-type=\"section\">\n\t\t\t\t\t\t<div class=\"elementor-container elementor-column-gap-default\">\n\t\t\t\t\t<div class=\"elementor-column elementor-col-100 elementor-top-column elementor-element elementor-element-7c52fdb\" data-id=\"7c52fdb\" data-element_type=\"column\" data-e-type=\"column\">\n\t\t\t<div class=\"elementor-widget-wrap elementor-element-populated\">\n\t\t\t\t\t\t<div class=\"elementor-element elementor-element-742dd3f elementor-widget elementor-widget-spacer\" data-id=\"742dd3f\" data-element_type=\"widget\" data-e-type=\"widget\" data-widget_type=\"spacer.default\">\n\t\t\t\t<div class=\"elementor-widget-container\">\n\t\t\t\t\t\t\t<div class=\"elementor-spacer\">\n\t\t\t<div class=\"elementor-spacer-inner\"><\/div>\n\t\t<\/div>\n\t\t\t\t\t\t<\/div>\n\t\t\t\t<\/div>\n\t\t\t\t\t<\/div>\n\t\t<\/div>\n\t\t\t\t\t<\/div>\n\t\t<\/section>\n\t\t\t\t<section class=\"elementor-section elementor-top-section elementor-element elementor-element-da6fe81 elementor-section-boxed elementor-section-height-default elementor-section-height-default\" data-id=\"da6fe81\" data-element_type=\"section\" data-e-type=\"section\">\n\t\t\t\t\t\t<div class=\"elementor-container elementor-column-gap-default\">\n\t\t\t\t\t<div class=\"elementor-column elementor-col-100 elementor-top-column elementor-element elementor-element-fddffde\" data-id=\"fddffde\" data-element_type=\"column\" data-e-type=\"column\">\n\t\t\t<div class=\"elementor-widget-wrap elementor-element-populated\">\n\t\t\t\t\t\t<div class=\"elementor-element elementor-element-0cea8e5 elementor-widget elementor-widget-heading\" data-id=\"0cea8e5\" data-element_type=\"widget\" data-e-type=\"widget\" data-widget_type=\"heading.default\">\n\t\t\t\t<div class=\"elementor-widget-container\">\n\t\t\t\t\t<h2 class=\"elementor-heading-title elementor-size-default\">Transporte Nougarede<\/h2>\t\t\t\t<\/div>\n\t\t\t\t<\/div>\n\t\t\t\t\t<\/div>\n\t\t<\/div>\n\t\t\t\t\t<\/div>\n\t\t<\/section>\n\t\t\t\t<section class=\"elementor-section elementor-top-section elementor-element elementor-element-bf1b9d8 elementor-section-boxed elementor-section-height-default elementor-section-height-default\" data-id=\"bf1b9d8\" data-element_type=\"section\" data-e-type=\"section\">\n\t\t\t\t\t\t<div class=\"elementor-container elementor-column-gap-default\">\n\t\t\t\t\t<div class=\"elementor-column elementor-col-100 elementor-top-column elementor-element elementor-element-db10a02\" data-id=\"db10a02\" data-element_type=\"column\" data-e-type=\"column\">\n\t\t\t<div class=\"elementor-widget-wrap elementor-element-populated\">\n\t\t\t\t\t\t<div class=\"elementor-element elementor-element-e5fecb0 elementor-widget elementor-widget-spacer\" data-id=\"e5fecb0\" data-element_type=\"widget\" data-e-type=\"widget\" data-widget_type=\"spacer.default\">\n\t\t\t\t<div class=\"elementor-widget-container\">\n\t\t\t\t\t\t\t<div class=\"elementor-spacer\">\n\t\t\t<div class=\"elementor-spacer-inner\"><\/div>\n\t\t<\/div>\n\t\t\t\t\t\t<\/div>\n\t\t\t\t<\/div>\n\t\t\t\t\t<\/div>\n\t\t<\/div>\n\t\t\t\t\t<\/div>\n\t\t<\/section>\n\t\t\t\t<section class=\"elementor-section elementor-top-section elementor-element elementor-element-c367c9f elementor-section-boxed elementor-section-height-default elementor-section-height-default\" data-id=\"c367c9f\" data-element_type=\"section\" data-e-type=\"section\">\n\t\t\t\t\t\t<div class=\"elementor-container elementor-column-gap-default\">\n\t\t\t\t\t<div class=\"elementor-column elementor-col-50 elementor-top-column elementor-element elementor-element-6f91309\" data-id=\"6f91309\" data-element_type=\"column\" data-e-type=\"column\">\n\t\t\t<div class=\"elementor-widget-wrap elementor-element-populated\">\n\t\t\t\t\t\t<div class=\"elementor-element elementor-element-84bbc35 elementor-widget elementor-widget-image\" data-id=\"84bbc35\" data-element_type=\"widget\" data-e-type=\"widget\" data-widget_type=\"image.default\">\n\t\t\t\t<div class=\"elementor-widget-container\">\n\t\t\t\t\t\t\t\t\t\t\t\t\t\t\t<img fetchpriority=\"high\" decoding=\"async\" width=\"800\" height=\"550\" src=\"https:\/\/peixoto.fr\/wp-content\/uploads\/2022\/11\/Capture-1-1024x704.jpg\" class=\"attachment-large size-large wp-image-2868\" alt=\"\" srcset=\"https:\/\/peixoto.fr\/wp-content\/uploads\/2022\/11\/Capture-1-1024x704.jpg 1024w, https:\/\/peixoto.fr\/wp-content\/uploads\/2022\/11\/Capture-1-300x206.jpg 300w, https:\/\/peixoto.fr\/wp-content\/uploads\/2022\/11\/Capture-1-768x528.jpg 768w, https:\/\/peixoto.fr\/wp-content\/uploads\/2022\/11\/Capture-1-18x12.jpg 18w, https:\/\/peixoto.fr\/wp-content\/uploads\/2022\/11\/Capture-1-320x220.jpg 320w, https:\/\/peixoto.fr\/wp-content\/uploads\/2022\/11\/Capture-1.jpg 1064w\" sizes=\"(max-width: 800px) 100vw, 800px\" \/>\t\t\t\t\t\t\t\t\t\t\t\t\t\t\t<\/div>\n\t\t\t\t<\/div>\n\t\t\t\t\t<\/div>\n\t\t<\/div>\n\t\t\t\t<div class=\"elementor-column elementor-col-50 elementor-top-column elementor-element elementor-element-5236d7f\" data-id=\"5236d7f\" data-element_type=\"column\" data-e-type=\"column\">\n\t\t\t<div class=\"elementor-widget-wrap elementor-element-populated\">\n\t\t\t\t\t\t<div class=\"elementor-element elementor-element-fcf313c elementor-widget elementor-widget-text-editor\" data-id=\"fcf313c\" data-element_type=\"widget\" data-e-type=\"widget\" data-widget_type=\"text-editor.default\">\n\t\t\t\t<div class=\"elementor-widget-container\">\n\t\t\t\t\t\t\t\t\t<p>La soci\u00e9t\u00e9 a \u00e9t\u00e9 cr\u00e9\u00e9e par Jo\u00ebl et Th\u00e9r\u00e8se NOUGAREDE dans les ann\u00e9es 80.\u00a0<\/p><p>L&rsquo;entreprise, d&rsquo;abord situ\u00e9e \u00e0 Montauban (82), d\u00e9m\u00e9nagea \u00e0 Moissac (82) afin de se rapprocher du bassin de production de fruits et l\u00e9gumes et de d\u00e9velopper leur transport sous forme de groupage \u00e0 destination de la r\u00e9gion Rh\u00f4ne Alpes.\u00a0<\/p><p>En 2018, le couple Nougar\u00e8de d\u00e9cide de faire confiance \u00e0 la famille Peixoto pour reprendre leur activit\u00e9 et ainsi perp\u00e9tuer ce savoir-faire.<\/p><p>Depuis l&rsquo;int\u00e9gration de la soci\u00e9t\u00e9 dans le Groupe Peixoto, les transports \u00e0 destination du Sud Est et notamment la r\u00e9gion lyonnaise, ont \u00e9t\u00e9 d\u00e9velopp\u00e9s. A cette destination, viendront s&rsquo;ajouter des transports \u00e0 destination de la Bretagne, la r\u00e9gion parisienne, le Sud Ouest et la r\u00e9gion de Cavaillon.<\/p><p>A l&rsquo;\u00e9t\u00e9 2019, les Transports Nougar\u00e8de prennent possession d&rsquo;un d\u00e9p\u00f4t situ\u00e9 \u00e0 Marmande (47), afin de compl\u00e9ter le maillage r\u00e9gional, et permettre le transit de marchandises et le relai entre la r\u00e9gion bordelaise et la r\u00e9gion Rh\u00f4ne Alpes.\u00a0<\/p>\t\t\t\t\t\t\t\t<\/div>\n\t\t\t\t<\/div>\n\t\t\t\t\t<\/div>\n\t\t<\/div>\n\t\t\t\t\t<\/div>\n\t\t<\/section>\n\t\t\t\t<section class=\"elementor-section elementor-top-section elementor-element elementor-element-f460b77 elementor-section-boxed elementor-section-height-default elementor-section-height-default\" data-id=\"f460b77\" data-element_type=\"section\" data-e-type=\"section\">\n\t\t\t\t\t\t<div class=\"elementor-container elementor-column-gap-default\">\n\t\t\t\t\t<div class=\"elementor-column elementor-col-33 elementor-top-column elementor-element elementor-element-ecda3b3\" data-id=\"ecda3b3\" data-element_type=\"column\" data-e-type=\"column\">\n\t\t\t<div class=\"elementor-widget-wrap elementor-element-populated\">\n\t\t\t\t\t\t<div class=\"elementor-element elementor-element-d9c4bc0 elementor-widget elementor-widget-image\" data-id=\"d9c4bc0\" data-element_type=\"widget\" data-e-type=\"widget\" data-widget_type=\"image.default\">\n\t\t\t\t<div class=\"elementor-widget-container\">\n\t\t\t\t\t\t\t\t\t\t\t\t\t\t\t<img decoding=\"async\" width=\"729\" height=\"504\" src=\"https:\/\/peixoto.fr\/wp-content\/uploads\/2022\/11\/Capture2-1.jpg\" class=\"attachment-large size-large wp-image-2870\" alt=\"\" srcset=\"https:\/\/peixoto.fr\/wp-content\/uploads\/2022\/11\/Capture2-1.jpg 729w, https:\/\/peixoto.fr\/wp-content\/uploads\/2022\/11\/Capture2-1-300x207.jpg 300w, https:\/\/peixoto.fr\/wp-content\/uploads\/2022\/11\/Capture2-1-18x12.jpg 18w, https:\/\/peixoto.fr\/wp-content\/uploads\/2022\/11\/Capture2-1-320x220.jpg 320w\" sizes=\"(max-width: 729px) 100vw, 729px\" \/>\t\t\t\t\t\t\t\t\t\t\t\t\t\t\t<\/div>\n\t\t\t\t<\/div>\n\t\t\t\t\t<\/div>\n\t\t<\/div>\n\t\t\t\t<div class=\"elementor-column elementor-col-33 elementor-top-column elementor-element elementor-element-8574dd3\" data-id=\"8574dd3\" data-element_type=\"column\" data-e-type=\"column\">\n\t\t\t<div class=\"elementor-widget-wrap elementor-element-populated\">\n\t\t\t\t\t\t<div class=\"elementor-element elementor-element-0d21bf1 elementor-widget elementor-widget-image\" data-id=\"0d21bf1\" data-element_type=\"widget\" data-e-type=\"widget\" data-widget_type=\"image.default\">\n\t\t\t\t<div class=\"elementor-widget-container\">\n\t\t\t\t\t\t\t\t\t\t\t\t\t\t\t<img decoding=\"async\" width=\"745\" height=\"497\" src=\"https:\/\/peixoto.fr\/wp-content\/uploads\/2022\/11\/Capture3-1.jpg\" class=\"attachment-large size-large wp-image-2871\" alt=\"\" srcset=\"https:\/\/peixoto.fr\/wp-content\/uploads\/2022\/11\/Capture3-1.jpg 745w, https:\/\/peixoto.fr\/wp-content\/uploads\/2022\/11\/Capture3-1-300x200.jpg 300w, https:\/\/peixoto.fr\/wp-content\/uploads\/2022\/11\/Capture3-1-18x12.jpg 18w\" sizes=\"(max-width: 745px) 100vw, 745px\" \/>\t\t\t\t\t\t\t\t\t\t\t\t\t\t\t<\/div>\n\t\t\t\t<\/div>\n\t\t\t\t\t<\/div>\n\t\t<\/div>\n\t\t\t\t<div class=\"elementor-column elementor-col-33 elementor-top-column elementor-element elementor-element-6d22080\" data-id=\"6d22080\" data-element_type=\"column\" data-e-type=\"column\">\n\t\t\t<div class=\"elementor-widget-wrap elementor-element-populated\">\n\t\t\t\t\t\t<div class=\"elementor-element elementor-element-215d1f2 elementor-widget elementor-widget-image\" data-id=\"215d1f2\" data-element_type=\"widget\" data-e-type=\"widget\" data-widget_type=\"image.default\">\n\t\t\t\t<div class=\"elementor-widget-container\">\n\t\t\t\t\t\t\t\t\t\t\t\t\t\t\t<img loading=\"lazy\" decoding=\"async\" width=\"800\" height=\"488\" src=\"https:\/\/peixoto.fr\/wp-content\/uploads\/2022\/11\/Capture4-1-1024x624.jpg\" class=\"attachment-large size-large wp-image-2872\" alt=\"\" srcset=\"https:\/\/peixoto.fr\/wp-content\/uploads\/2022\/11\/Capture4-1-1024x624.jpg 1024w, https:\/\/peixoto.fr\/wp-content\/uploads\/2022\/11\/Capture4-1-300x183.jpg 300w, https:\/\/peixoto.fr\/wp-content\/uploads\/2022\/11\/Capture4-1-768x468.jpg 768w, https:\/\/peixoto.fr\/wp-content\/uploads\/2022\/11\/Capture4-1-18x12.jpg 18w, https:\/\/peixoto.fr\/wp-content\/uploads\/2022\/11\/Capture4-1.jpg 1212w\" sizes=\"(max-width: 800px) 100vw, 800px\" \/>\t\t\t\t\t\t\t\t\t\t\t\t\t\t\t<\/div>\n\t\t\t\t<\/div>\n\t\t\t\t\t<\/div>\n\t\t<\/div>\n\t\t\t\t\t<\/div>\n\t\t<\/section>\n\t\t\t\t<\/div>","protected":false},"excerpt":{"rendered":"<p>Nougar\u00e8de Transports Moissac &amp; Marmande Nougar\u00e8de Transports La soci\u00e9t\u00e9 a \u00e9t\u00e9 cr\u00e9\u00e9e par Jo\u00ebl et Th\u00e9r\u00e8se NOUGAREDE dans les ann\u00e9es 80.\u00a0 L&rsquo;entreprise, d&rsquo;abord situ\u00e9e \u00e0 Montauban (82), d\u00e9m\u00e9nagea \u00e0 Moissac (82) afin de se rapprocher du bassin de production de fruits et l\u00e9gumes et de d\u00e9velopper leur transport sous forme de groupage \u00e0 destination de [&hellip;]<\/p>\n","protected":false},"author":2,"featured_media":0,"parent":2248,"menu_order":0,"comment_status":"closed","ping_status":"closed","template":"","meta":{"_acf_changed":false,"footnotes":""},"class_list":["post-1648","page","type-page","status-publish","hentry"],"acf":[],"yoast_head":"<!-- This site is optimized with the Yoast SEO plugin v27.5 - https:\/\/yoast.com\/product\/yoast-seo-wordpress\/ -->\n<title>Nos sites - Nougar\u00e8de Transports - PEIXOTO<\/title>\n<meta name=\"robots\" content=\"index, follow, max-snippet:-1, max-image-preview:large, max-video-preview:-1\" \/>\n<link rel=\"canonical\" href=\"https:\/\/peixoto.fr\/pt\/qui-sommes-nous\/nos-sites\/nougarede-transports\/\" \/>\n<meta property=\"og:locale\" content=\"pt_PT\" \/>\n<meta property=\"og:type\" content=\"article\" \/>\n<meta property=\"og:title\" content=\"Nos sites - Nougar\u00e8de Transports - PEIXOTO\" \/>\n<meta property=\"og:description\" content=\"Nougar\u00e8de Transports Moissac &amp; Marmande Nougar\u00e8de Transports La soci\u00e9t\u00e9 a \u00e9t\u00e9 cr\u00e9\u00e9e par Jo\u00ebl et Th\u00e9r\u00e8se NOUGAREDE dans les ann\u00e9es 80.\u00a0 L&rsquo;entreprise, d&rsquo;abord situ\u00e9e \u00e0 Montauban (82), d\u00e9m\u00e9nagea \u00e0 Moissac (82) afin de se rapprocher du bassin de production de fruits et l\u00e9gumes et de d\u00e9velopper leur transport sous forme de groupage \u00e0 destination de [&hellip;]\" \/>\n<meta property=\"og:url\" content=\"https:\/\/peixoto.fr\/pt\/qui-sommes-nous\/nos-sites\/nougarede-transports\/\" \/>\n<meta property=\"og:site_name\" content=\"PEIXOTO\" \/>\n<meta property=\"article:publisher\" content=\"https:\/\/www.facebook.com\/profile.php?id=100064380831467\" \/>\n<meta property=\"article:modified_time\" content=\"2025-04-09T07:26:49+00:00\" \/>\n<meta property=\"og:image\" content=\"https:\/\/peixoto.fr\/wp-content\/uploads\/2022\/11\/Capture-1.jpg\" \/>\n\t<meta property=\"og:image:width\" content=\"1064\" \/>\n\t<meta property=\"og:image:height\" content=\"732\" \/>\n\t<meta property=\"og:image:type\" content=\"image\/jpeg\" \/>\n<meta name=\"twitter:card\" content=\"summary_large_image\" \/>\n<meta name=\"twitter:label1\" content=\"Tempo estimado de leitura\" \/>\n\t<meta name=\"twitter:data1\" content=\"2 minutos\" \/>\n<script type=\"application\/ld+json\" class=\"yoast-schema-graph\">{\"@context\":\"https:\\\/\\\/schema.org\",\"@graph\":[{\"@type\":\"WebPage\",\"@id\":\"https:\\\/\\\/peixoto.fr\\\/qui-sommes-nous\\\/nos-sites\\\/nougarede-transports\\\/\",\"url\":\"https:\\\/\\\/peixoto.fr\\\/qui-sommes-nous\\\/nos-sites\\\/nougarede-transports\\\/\",\"name\":\"Nos sites - Nougar\u00e8de Transports - PEIXOTO\",\"isPartOf\":{\"@id\":\"https:\\\/\\\/peixoto.fr\\\/#website\"},\"primaryImageOfPage\":{\"@id\":\"https:\\\/\\\/peixoto.fr\\\/qui-sommes-nous\\\/nos-sites\\\/nougarede-transports\\\/#primaryimage\"},\"image\":{\"@id\":\"https:\\\/\\\/peixoto.fr\\\/qui-sommes-nous\\\/nos-sites\\\/nougarede-transports\\\/#primaryimage\"},\"thumbnailUrl\":\"https:\\\/\\\/peixoto.fr\\\/wp-content\\\/uploads\\\/2022\\\/11\\\/Capture-1-1024x704.jpg\",\"datePublished\":\"2022-05-20T09:56:00+00:00\",\"dateModified\":\"2025-04-09T07:26:49+00:00\",\"breadcrumb\":{\"@id\":\"https:\\\/\\\/peixoto.fr\\\/qui-sommes-nous\\\/nos-sites\\\/nougarede-transports\\\/#breadcrumb\"},\"inLanguage\":\"pt-PT\",\"potentialAction\":[{\"@type\":\"ReadAction\",\"target\":[\"https:\\\/\\\/peixoto.fr\\\/qui-sommes-nous\\\/nos-sites\\\/nougarede-transports\\\/\"]}]},{\"@type\":\"ImageObject\",\"inLanguage\":\"pt-PT\",\"@id\":\"https:\\\/\\\/peixoto.fr\\\/qui-sommes-nous\\\/nos-sites\\\/nougarede-transports\\\/#primaryimage\",\"url\":\"https:\\\/\\\/peixoto.fr\\\/wp-content\\\/uploads\\\/2022\\\/11\\\/Capture-1-1024x704.jpg\",\"contentUrl\":\"https:\\\/\\\/peixoto.fr\\\/wp-content\\\/uploads\\\/2022\\\/11\\\/Capture-1-1024x704.jpg\"},{\"@type\":\"BreadcrumbList\",\"@id\":\"https:\\\/\\\/peixoto.fr\\\/qui-sommes-nous\\\/nos-sites\\\/nougarede-transports\\\/#breadcrumb\",\"itemListElement\":[{\"@type\":\"ListItem\",\"position\":1,\"name\":\"Accueil\",\"item\":\"https:\\\/\\\/peixoto.fr\\\/\"},{\"@type\":\"ListItem\",\"position\":2,\"name\":\"Qui sommes-nous ?\",\"item\":\"https:\\\/\\\/peixoto.fr\\\/qui-sommes-nous\\\/\"},{\"@type\":\"ListItem\",\"position\":3,\"name\":\"Nos sites\",\"item\":\"https:\\\/\\\/peixoto.fr\\\/qui-sommes-nous\\\/nos-sites\\\/\"},{\"@type\":\"ListItem\",\"position\":4,\"name\":\"Nos sites &#8211; Nougar\u00e8de Transports\"}]},{\"@type\":\"WebSite\",\"@id\":\"https:\\\/\\\/peixoto.fr\\\/#website\",\"url\":\"https:\\\/\\\/peixoto.fr\\\/\",\"name\":\"PEIXOTO\",\"description\":\"Site WEB du Groupe PEIXOTO\",\"publisher\":{\"@id\":\"https:\\\/\\\/peixoto.fr\\\/#organization\"},\"potentialAction\":[{\"@type\":\"SearchAction\",\"target\":{\"@type\":\"EntryPoint\",\"urlTemplate\":\"https:\\\/\\\/peixoto.fr\\\/?s={search_term_string}\"},\"query-input\":{\"@type\":\"PropertyValueSpecification\",\"valueRequired\":true,\"valueName\":\"search_term_string\"}}],\"inLanguage\":\"pt-PT\"},{\"@type\":\"Organization\",\"@id\":\"https:\\\/\\\/peixoto.fr\\\/#organization\",\"name\":\"PEIXOTO\",\"url\":\"https:\\\/\\\/peixoto.fr\\\/\",\"logo\":{\"@type\":\"ImageObject\",\"inLanguage\":\"pt-PT\",\"@id\":\"https:\\\/\\\/peixoto.fr\\\/#\\\/schema\\\/logo\\\/image\\\/\",\"url\":\"https:\\\/\\\/peixoto.fr\\\/wp-content\\\/uploads\\\/2022\\\/05\\\/logoPEIXOTO-declinaison-texte-bleu-degrad-02.png\",\"contentUrl\":\"https:\\\/\\\/peixoto.fr\\\/wp-content\\\/uploads\\\/2022\\\/05\\\/logoPEIXOTO-declinaison-texte-bleu-degrad-02.png\",\"width\":2442,\"height\":776,\"caption\":\"PEIXOTO\"},\"image\":{\"@id\":\"https:\\\/\\\/peixoto.fr\\\/#\\\/schema\\\/logo\\\/image\\\/\"},\"sameAs\":[\"https:\\\/\\\/www.facebook.com\\\/profile.php?id=100064380831467\",\"https:\\\/\\\/www.instagram.com\\\/groupepeixoto\\\/?hl=fr\",\"https:\\\/\\\/www.linkedin.com\\\/company\\\/sarl-transports-peixoto-et-fils\\\/\"]}]}<\/script>\n<!-- \/ Yoast SEO plugin. -->","yoast_head_json":{"title":"Nos sites - Nougar\u00e8de Transports - PEIXOTO","robots":{"index":"index","follow":"follow","max-snippet":"max-snippet:-1","max-image-preview":"max-image-preview:large","max-video-preview":"max-video-preview:-1"},"canonical":"https:\/\/peixoto.fr\/pt\/qui-sommes-nous\/nos-sites\/nougarede-transports\/","og_locale":"pt_PT","og_type":"article","og_title":"Nos sites - Nougar\u00e8de Transports - PEIXOTO","og_description":"Nougar\u00e8de Transports Moissac &amp; Marmande Nougar\u00e8de Transports La soci\u00e9t\u00e9 a \u00e9t\u00e9 cr\u00e9\u00e9e par Jo\u00ebl et Th\u00e9r\u00e8se NOUGAREDE dans les ann\u00e9es 80.\u00a0 L&rsquo;entreprise, d&rsquo;abord situ\u00e9e \u00e0 Montauban (82), d\u00e9m\u00e9nagea \u00e0 Moissac (82) afin de se rapprocher du bassin de production de fruits et l\u00e9gumes et de d\u00e9velopper leur transport sous forme de groupage \u00e0 destination de [&hellip;]","og_url":"https:\/\/peixoto.fr\/pt\/qui-sommes-nous\/nos-sites\/nougarede-transports\/","og_site_name":"PEIXOTO","article_publisher":"https:\/\/www.facebook.com\/profile.php?id=100064380831467","article_modified_time":"2025-04-09T07:26:49+00:00","og_image":[{"width":1064,"height":732,"url":"https:\/\/peixoto.fr\/wp-content\/uploads\/2022\/11\/Capture-1.jpg","type":"image\/jpeg"}],"twitter_card":"summary_large_image","twitter_misc":{"Tempo estimado de leitura":"2 minutos"},"schema":{"@context":"https:\/\/schema.org","@graph":[{"@type":"WebPage","@id":"https:\/\/peixoto.fr\/qui-sommes-nous\/nos-sites\/nougarede-transports\/","url":"https:\/\/peixoto.fr\/qui-sommes-nous\/nos-sites\/nougarede-transports\/","name":"Nos sites - Nougar\u00e8de Transports - PEIXOTO","isPartOf":{"@id":"https:\/\/peixoto.fr\/#website"},"primaryImageOfPage":{"@id":"https:\/\/peixoto.fr\/qui-sommes-nous\/nos-sites\/nougarede-transports\/#primaryimage"},"image":{"@id":"https:\/\/peixoto.fr\/qui-sommes-nous\/nos-sites\/nougarede-transports\/#primaryimage"},"thumbnailUrl":"https:\/\/peixoto.fr\/wp-content\/uploads\/2022\/11\/Capture-1-1024x704.jpg","datePublished":"2022-05-20T09:56:00+00:00","dateModified":"2025-04-09T07:26:49+00:00","breadcrumb":{"@id":"https:\/\/peixoto.fr\/qui-sommes-nous\/nos-sites\/nougarede-transports\/#breadcrumb"},"inLanguage":"pt-PT","potentialAction":[{"@type":"ReadAction","target":["https:\/\/peixoto.fr\/qui-sommes-nous\/nos-sites\/nougarede-transports\/"]}]},{"@type":"ImageObject","inLanguage":"pt-PT","@id":"https:\/\/peixoto.fr\/qui-sommes-nous\/nos-sites\/nougarede-transports\/#primaryimage","url":"https:\/\/peixoto.fr\/wp-content\/uploads\/2022\/11\/Capture-1-1024x704.jpg","contentUrl":"https:\/\/peixoto.fr\/wp-content\/uploads\/2022\/11\/Capture-1-1024x704.jpg"},{"@type":"BreadcrumbList","@id":"https:\/\/peixoto.fr\/qui-sommes-nous\/nos-sites\/nougarede-transports\/#breadcrumb","itemListElement":[{"@type":"ListItem","position":1,"name":"Accueil","item":"https:\/\/peixoto.fr\/"},{"@type":"ListItem","position":2,"name":"Qui sommes-nous ?","item":"https:\/\/peixoto.fr\/qui-sommes-nous\/"},{"@type":"ListItem","position":3,"name":"Nos sites","item":"https:\/\/peixoto.fr\/qui-sommes-nous\/nos-sites\/"},{"@type":"ListItem","position":4,"name":"Nos sites &#8211; Nougar\u00e8de Transports"}]},{"@type":"WebSite","@id":"https:\/\/peixoto.fr\/#website","url":"https:\/\/peixoto.fr\/","name":"PEIXOTO","description":"Site WEB du Groupe PEIXOTO","publisher":{"@id":"https:\/\/peixoto.fr\/#organization"},"potentialAction":[{"@type":"SearchAction","target":{"@type":"EntryPoint","urlTemplate":"https:\/\/peixoto.fr\/?s={search_term_string}"},"query-input":{"@type":"PropertyValueSpecification","valueRequired":true,"valueName":"search_term_string"}}],"inLanguage":"pt-PT"},{"@type":"Organization","@id":"https:\/\/peixoto.fr\/#organization","name":"PEIXOTO","url":"https:\/\/peixoto.fr\/","logo":{"@type":"ImageObject","inLanguage":"pt-PT","@id":"https:\/\/peixoto.fr\/#\/schema\/logo\/image\/","url":"https:\/\/peixoto.fr\/wp-content\/uploads\/2022\/05\/logoPEIXOTO-declinaison-texte-bleu-degrad-02.png","contentUrl":"https:\/\/peixoto.fr\/wp-content\/uploads\/2022\/05\/logoPEIXOTO-declinaison-texte-bleu-degrad-02.png","width":2442,"height":776,"caption":"PEIXOTO"},"image":{"@id":"https:\/\/peixoto.fr\/#\/schema\/logo\/image\/"},"sameAs":["https:\/\/www.facebook.com\/profile.php?id=100064380831467","https:\/\/www.instagram.com\/groupepeixoto\/?hl=fr","https:\/\/www.linkedin.com\/company\/sarl-transports-peixoto-et-fils\/"]}]}},"_links":{"self":[{"href":"https:\/\/peixoto.fr\/pt\/wp-json\/wp\/v2\/pages\/1648","targetHints":{"allow":["GET"]}}],"collection":[{"href":"https:\/\/peixoto.fr\/pt\/wp-json\/wp\/v2\/pages"}],"about":[{"href":"https:\/\/peixoto.fr\/pt\/wp-json\/wp\/v2\/types\/page"}],"author":[{"embeddable":true,"href":"https:\/\/peixoto.fr\/pt\/wp-json\/wp\/v2\/users\/2"}],"replies":[{"embeddable":true,"href":"https:\/\/peixoto.fr\/pt\/wp-json\/wp\/v2\/comments?post=1648"}],"version-history":[{"count":43,"href":"https:\/\/peixoto.fr\/pt\/wp-json\/wp\/v2\/pages\/1648\/revisions"}],"predecessor-version":[{"id":4035,"href":"https:\/\/peixoto.fr\/pt\/wp-json\/wp\/v2\/pages\/1648\/revisions\/4035"}],"up":[{"embeddable":true,"href":"https:\/\/peixoto.fr\/pt\/wp-json\/wp\/v2\/pages\/2248"}],"wp:attachment":[{"href":"https:\/\/peixoto.fr\/pt\/wp-json\/wp\/v2\/media?parent=1648"}],"curies":[{"name":"wp","href":"https:\/\/api.w.org\/{rel}","templated":true}]}}