{"id":1634,"date":"2022-05-20T11:54:26","date_gmt":"2022-05-20T09:54:26","guid":{"rendered":"https:\/\/peixoto.oceanville.fr\/?page_id=1634"},"modified":"2023-07-19T10:11:27","modified_gmt":"2023-07-19T08:11:27","slug":"transports-touze","status":"publish","type":"page","link":"https:\/\/peixoto.fr\/pt\/qui-sommes-nous\/nos-sites\/transports-touze\/","title":{"rendered":"Nos sites &#8211; Transports Touz\u00e9"},"content":{"rendered":"<div data-elementor-type=\"wp-page\" data-elementor-id=\"1634\" class=\"elementor elementor-1634\" data-elementor-post-type=\"page\">\n\t\t\t\t\t\t<section class=\"elementor-section elementor-top-section elementor-element elementor-element-14a659c5 elementor-section-boxed elementor-section-height-default elementor-section-height-default\" data-id=\"14a659c5\" data-element_type=\"section\" data-e-type=\"section\" data-settings=\"{&quot;background_background&quot;:&quot;classic&quot;}\">\n\t\t\t\t\t\t\t<div class=\"elementor-background-overlay\"><\/div>\n\t\t\t\t\t\t\t<div class=\"elementor-container elementor-column-gap-default\">\n\t\t\t\t\t<div class=\"elementor-column elementor-col-100 elementor-top-column elementor-element elementor-element-53cd546f\" data-id=\"53cd546f\" data-element_type=\"column\" data-e-type=\"column\">\n\t\t\t<div class=\"elementor-widget-wrap elementor-element-populated\">\n\t\t\t\t\t\t<div class=\"elementor-element elementor-element-53c2341e elementor-widget elementor-widget-heading\" data-id=\"53c2341e\" data-element_type=\"widget\" data-e-type=\"widget\" data-widget_type=\"heading.default\">\n\t\t\t\t<div class=\"elementor-widget-container\">\n\t\t\t\t\t<h1 class=\"elementor-heading-title elementor-size-default\">Transporte Touze<\/h1>\t\t\t\t<\/div>\n\t\t\t\t<\/div>\n\t\t\t\t<div class=\"elementor-element elementor-element-94355b0 elementor-widget elementor-widget-heading\" data-id=\"94355b0\" data-element_type=\"widget\" data-e-type=\"widget\" data-widget_type=\"heading.default\">\n\t\t\t\t<div class=\"elementor-widget-container\">\n\t\t\t\t\t<h2 class=\"elementor-heading-title elementor-size-default\">Plouisy<\/h2>\t\t\t\t<\/div>\n\t\t\t\t<\/div>\n\t\t\t\t\t<\/div>\n\t\t<\/div>\n\t\t\t\t\t<\/div>\n\t\t<\/section>\n\t\t\t\t<section class=\"elementor-section elementor-top-section elementor-element elementor-element-b1317a8 elementor-section-boxed elementor-section-height-default elementor-section-height-default\" data-id=\"b1317a8\" data-element_type=\"section\" data-e-type=\"section\">\n\t\t\t\t\t\t<div class=\"elementor-container elementor-column-gap-default\">\n\t\t\t\t\t<div class=\"elementor-column elementor-col-100 elementor-top-column elementor-element elementor-element-7f9527a\" data-id=\"7f9527a\" data-element_type=\"column\" data-e-type=\"column\">\n\t\t\t<div class=\"elementor-widget-wrap elementor-element-populated\">\n\t\t\t\t\t\t<div class=\"elementor-element elementor-element-07d2d59 elementor-widget elementor-widget-spacer\" data-id=\"07d2d59\" data-element_type=\"widget\" data-e-type=\"widget\" data-widget_type=\"spacer.default\">\n\t\t\t\t<div class=\"elementor-widget-container\">\n\t\t\t\t\t\t\t<div class=\"elementor-spacer\">\n\t\t\t<div class=\"elementor-spacer-inner\"><\/div>\n\t\t<\/div>\n\t\t\t\t\t\t<\/div>\n\t\t\t\t<\/div>\n\t\t\t\t\t<\/div>\n\t\t<\/div>\n\t\t\t\t\t<\/div>\n\t\t<\/section>\n\t\t\t\t<section class=\"elementor-section elementor-top-section elementor-element elementor-element-2d54c4e elementor-section-boxed elementor-section-height-default elementor-section-height-default\" data-id=\"2d54c4e\" data-element_type=\"section\" data-e-type=\"section\">\n\t\t\t\t\t\t<div class=\"elementor-container elementor-column-gap-default\">\n\t\t\t\t\t<div class=\"elementor-column elementor-col-100 elementor-top-column elementor-element elementor-element-3224901\" data-id=\"3224901\" data-element_type=\"column\" data-e-type=\"column\">\n\t\t\t<div class=\"elementor-widget-wrap elementor-element-populated\">\n\t\t\t\t\t\t<div class=\"elementor-element elementor-element-905fcd1 elementor-widget elementor-widget-heading\" data-id=\"905fcd1\" data-element_type=\"widget\" data-e-type=\"widget\" data-widget_type=\"heading.default\">\n\t\t\t\t<div class=\"elementor-widget-container\">\n\t\t\t\t\t<h2 class=\"elementor-heading-title elementor-size-default\">Les Transports Touz\u00e9<\/h2>\t\t\t\t<\/div>\n\t\t\t\t<\/div>\n\t\t\t\t\t<\/div>\n\t\t<\/div>\n\t\t\t\t\t<\/div>\n\t\t<\/section>\n\t\t\t\t<section class=\"elementor-section elementor-top-section elementor-element elementor-element-db48bf2 elementor-section-boxed elementor-section-height-default elementor-section-height-default\" data-id=\"db48bf2\" data-element_type=\"section\" data-e-type=\"section\">\n\t\t\t\t\t\t<div class=\"elementor-container elementor-column-gap-default\">\n\t\t\t\t\t<div class=\"elementor-column elementor-col-50 elementor-top-column elementor-element elementor-element-9349c38\" data-id=\"9349c38\" data-element_type=\"column\" data-e-type=\"column\">\n\t\t\t<div class=\"elementor-widget-wrap elementor-element-populated\">\n\t\t\t\t\t\t<div class=\"elementor-element elementor-element-6fe8d17 elementor-widget elementor-widget-image\" data-id=\"6fe8d17\" data-element_type=\"widget\" data-e-type=\"widget\" data-widget_type=\"image.default\">\n\t\t\t\t<div class=\"elementor-widget-container\">\n\t\t\t\t\t\t\t\t\t\t\t\t\t\t\t<img fetchpriority=\"high\" decoding=\"async\" width=\"800\" height=\"527\" src=\"https:\/\/peixoto.fr\/wp-content\/uploads\/2022\/11\/22012015175834-1024x674.jpg\" class=\"attachment-large size-large wp-image-2844\" alt=\"\" srcset=\"https:\/\/peixoto.fr\/wp-content\/uploads\/2022\/11\/22012015175834-1024x674.jpg 1024w, https:\/\/peixoto.fr\/wp-content\/uploads\/2022\/11\/22012015175834-300x197.jpg 300w, https:\/\/peixoto.fr\/wp-content\/uploads\/2022\/11\/22012015175834-768x505.jpg 768w, https:\/\/peixoto.fr\/wp-content\/uploads\/2022\/11\/22012015175834-1536x1011.jpg 1536w, https:\/\/peixoto.fr\/wp-content\/uploads\/2022\/11\/22012015175834-2048x1348.jpg 2048w, https:\/\/peixoto.fr\/wp-content\/uploads\/2022\/11\/22012015175834-18x12.jpg 18w\" sizes=\"(max-width: 800px) 100vw, 800px\" \/>\t\t\t\t\t\t\t\t\t\t\t\t\t\t\t<\/div>\n\t\t\t\t<\/div>\n\t\t\t\t<div class=\"elementor-element elementor-element-ca630bb elementor-widget elementor-widget-image\" data-id=\"ca630bb\" data-element_type=\"widget\" data-e-type=\"widget\" data-widget_type=\"image.default\">\n\t\t\t\t<div class=\"elementor-widget-container\">\n\t\t\t\t\t\t\t\t\t\t\t\t\t\t\t<img decoding=\"async\" width=\"800\" height=\"634\" src=\"https:\/\/peixoto.fr\/wp-content\/uploads\/2022\/11\/22012015175917-1024x812.jpg\" class=\"attachment-large size-large wp-image-2851\" alt=\"\" srcset=\"https:\/\/peixoto.fr\/wp-content\/uploads\/2022\/11\/22012015175917-1024x812.jpg 1024w, https:\/\/peixoto.fr\/wp-content\/uploads\/2022\/11\/22012015175917-300x238.jpg 300w, https:\/\/peixoto.fr\/wp-content\/uploads\/2022\/11\/22012015175917-768x609.jpg 768w, https:\/\/peixoto.fr\/wp-content\/uploads\/2022\/11\/22012015175917-1536x1217.jpg 1536w, https:\/\/peixoto.fr\/wp-content\/uploads\/2022\/11\/22012015175917-2048x1623.jpg 2048w, https:\/\/peixoto.fr\/wp-content\/uploads\/2022\/11\/22012015175917-15x12.jpg 15w\" sizes=\"(max-width: 800px) 100vw, 800px\" \/>\t\t\t\t\t\t\t\t\t\t\t\t\t\t\t<\/div>\n\t\t\t\t<\/div>\n\t\t\t\t\t<\/div>\n\t\t<\/div>\n\t\t\t\t<div class=\"elementor-column elementor-col-50 elementor-top-column elementor-element elementor-element-4eee560\" data-id=\"4eee560\" data-element_type=\"column\" data-e-type=\"column\">\n\t\t\t<div class=\"elementor-widget-wrap elementor-element-populated\">\n\t\t\t\t\t\t<div class=\"elementor-element elementor-element-02d61e7 elementor-widget elementor-widget-text-editor\" data-id=\"02d61e7\" data-element_type=\"widget\" data-e-type=\"widget\" data-widget_type=\"text-editor.default\">\n\t\t\t\t<div class=\"elementor-widget-container\">\n\t\t\t\t\t\t\t\t\t<p>Cr\u00e9\u00e9s dans les ann\u00e9es 70 par Mr Gilbert Touz\u00e9, les Transports \u00e9ponyme se situent dans une petite commune bretonne pr\u00e8s de Guingamp dans les C\u00f4tes d&rsquo;Armor : Plouisy (22).<\/p>\n<p>L&rsquo;entreprise \u00e9tait sp\u00e9cialis\u00e9e dans le groupage en fruits et l\u00e9gumes ainsi que dans le transport d&rsquo;\u0153ufs, au d\u00e9part de la Bretagne et \u00e0 destination du Sud Ouest ; mais \u00e9galement dans le transport d&rsquo;aliments pour animaux. Ce n&rsquo;est que dans les ann\u00e9es 2000 que la direction des Transports Touz\u00e9 d\u00e9cidera de mettre un terme \u00e0 cette activit\u00e9.<\/p>\n<p>En 2009, Mr Gilbert Touz\u00e9 souhaitait prendre sa retraite. Il a alors d\u00e9cid\u00e9 de faire confiance \u00e0 la famille Peixoto, afin de reprendre l&rsquo;activit\u00e9 principale de groupage en fruits et l\u00e9gumes, sans oublier le transport de palettes d&rsquo;\u0153ufs.&nbsp;<\/p>\n<p><\/p>\t\t\t\t\t\t\t\t<\/div>\n\t\t\t\t<\/div>\n\t\t\t\t<div class=\"elementor-element elementor-element-e1418f5 elementor-widget elementor-widget-image\" data-id=\"e1418f5\" data-element_type=\"widget\" data-e-type=\"widget\" data-widget_type=\"image.default\">\n\t\t\t\t<div class=\"elementor-widget-container\">\n\t\t\t\t\t\t\t\t\t\t\t\t\t\t\t<img decoding=\"async\" width=\"800\" height=\"533\" src=\"https:\/\/peixoto.fr\/wp-content\/uploads\/2022\/11\/22012015175854-1024x682.jpg\" class=\"attachment-large size-large wp-image-2847\" alt=\"\" srcset=\"https:\/\/peixoto.fr\/wp-content\/uploads\/2022\/11\/22012015175854-1024x682.jpg 1024w, https:\/\/peixoto.fr\/wp-content\/uploads\/2022\/11\/22012015175854-300x200.jpg 300w, https:\/\/peixoto.fr\/wp-content\/uploads\/2022\/11\/22012015175854-768x511.jpg 768w, https:\/\/peixoto.fr\/wp-content\/uploads\/2022\/11\/22012015175854-1536x1022.jpg 1536w, https:\/\/peixoto.fr\/wp-content\/uploads\/2022\/11\/22012015175854-2048x1363.jpg 2048w, https:\/\/peixoto.fr\/wp-content\/uploads\/2022\/11\/22012015175854-18x12.jpg 18w\" sizes=\"(max-width: 800px) 100vw, 800px\" \/>\t\t\t\t\t\t\t\t\t\t\t\t\t\t\t<\/div>\n\t\t\t\t<\/div>\n\t\t\t\t\t<\/div>\n\t\t<\/div>\n\t\t\t\t\t<\/div>\n\t\t<\/section>\n\t\t\t\t<section class=\"elementor-section elementor-top-section elementor-element elementor-element-73cbd97 elementor-section-boxed elementor-section-height-default elementor-section-height-default\" data-id=\"73cbd97\" data-element_type=\"section\" data-e-type=\"section\">\n\t\t\t\t\t\t<div class=\"elementor-container elementor-column-gap-default\">\n\t\t\t\t\t<div class=\"elementor-column elementor-col-50 elementor-top-column elementor-element elementor-element-838a466\" data-id=\"838a466\" data-element_type=\"column\" data-e-type=\"column\">\n\t\t\t<div class=\"elementor-widget-wrap elementor-element-populated\">\n\t\t\t\t\t\t<div class=\"elementor-element elementor-element-c22e08e elementor-widget elementor-widget-text-editor\" data-id=\"c22e08e\" data-element_type=\"widget\" data-e-type=\"widget\" data-widget_type=\"text-editor.default\">\n\t\t\t\t<div class=\"elementor-widget-container\">\n\t\t\t\t\t\t\t\t\t<p>Depuis toutes ces ann\u00e9es, les Transports Touz\u00e9 n&rsquo;ont cess\u00e9 d&rsquo;accroitre et de solidifier les relations commerciales avec leurs clients.<\/p>\n<p>Le groupage en fruits et l\u00e9gumes ainsi que le transport d&rsquo;\u0153ufs font toujours partie du quotidien de la soci\u00e9t\u00e9 Touz\u00e9, et de la 30aine de salari\u00e9s qui forment son \u00e9quipe.&nbsp;<\/p>\n<p><br><\/p>\t\t\t\t\t\t\t\t<\/div>\n\t\t\t\t<\/div>\n\t\t\t\t\t<\/div>\n\t\t<\/div>\n\t\t\t\t<div class=\"elementor-column elementor-col-50 elementor-top-column elementor-element elementor-element-ef3a0a3\" data-id=\"ef3a0a3\" data-element_type=\"column\" data-e-type=\"column\">\n\t\t\t<div class=\"elementor-widget-wrap elementor-element-populated\">\n\t\t\t\t\t\t<div class=\"elementor-element elementor-element-4626195 elementor-widget elementor-widget-image\" data-id=\"4626195\" data-element_type=\"widget\" data-e-type=\"widget\" data-widget_type=\"image.default\">\n\t\t\t\t<div class=\"elementor-widget-container\">\n\t\t\t\t\t\t\t\t\t\t\t\t\t\t\t<img loading=\"lazy\" decoding=\"async\" width=\"800\" height=\"600\" src=\"https:\/\/peixoto.fr\/wp-content\/uploads\/2022\/11\/AE-864-TM-TG.X-440-XLX-1-1024x768.jpg\" class=\"attachment-large size-large wp-image-2852\" alt=\"\" srcset=\"https:\/\/peixoto.fr\/wp-content\/uploads\/2022\/11\/AE-864-TM-TG.X-440-XLX-1-1024x768.jpg 1024w, https:\/\/peixoto.fr\/wp-content\/uploads\/2022\/11\/AE-864-TM-TG.X-440-XLX-1-300x225.jpg 300w, https:\/\/peixoto.fr\/wp-content\/uploads\/2022\/11\/AE-864-TM-TG.X-440-XLX-1-768x576.jpg 768w, https:\/\/peixoto.fr\/wp-content\/uploads\/2022\/11\/AE-864-TM-TG.X-440-XLX-1-1536x1152.jpg 1536w, https:\/\/peixoto.fr\/wp-content\/uploads\/2022\/11\/AE-864-TM-TG.X-440-XLX-1-2048x1536.jpg 2048w, https:\/\/peixoto.fr\/wp-content\/uploads\/2022\/11\/AE-864-TM-TG.X-440-XLX-1-16x12.jpg 16w, https:\/\/peixoto.fr\/wp-content\/uploads\/2022\/11\/AE-864-TM-TG.X-440-XLX-1-600x450.jpg 600w\" sizes=\"(max-width: 800px) 100vw, 800px\" \/>\t\t\t\t\t\t\t\t\t\t\t\t\t\t\t<\/div>\n\t\t\t\t<\/div>\n\t\t\t\t\t<\/div>\n\t\t<\/div>\n\t\t\t\t\t<\/div>\n\t\t<\/section>\n\t\t\t\t<\/div>","protected":false},"excerpt":{"rendered":"<p>Transports Touz\u00e9 Plouisy Les Transports Touz\u00e9 Cr\u00e9\u00e9s dans les ann\u00e9es 70 par Mr Gilbert Touz\u00e9, les Transports \u00e9ponyme se situent dans une petite commune bretonne pr\u00e8s de Guingamp dans les C\u00f4tes d&rsquo;Armor : Plouisy (22). L&rsquo;entreprise \u00e9tait sp\u00e9cialis\u00e9e dans le groupage en fruits et l\u00e9gumes ainsi que dans le transport d&rsquo;\u0153ufs, au d\u00e9part de la [&hellip;]<\/p>\n","protected":false},"author":2,"featured_media":0,"parent":2248,"menu_order":0,"comment_status":"closed","ping_status":"closed","template":"","meta":{"_acf_changed":false,"footnotes":""},"class_list":["post-1634","page","type-page","status-publish","hentry"],"acf":[],"yoast_head":"<!-- This site is optimized with the Yoast SEO plugin v27.6 - https:\/\/yoast.com\/product\/yoast-seo-wordpress\/ -->\n<title>Nos sites - Transports Touz\u00e9 - PEIXOTO<\/title>\n<meta name=\"robots\" content=\"index, follow, max-snippet:-1, max-image-preview:large, max-video-preview:-1\" \/>\n<link rel=\"canonical\" href=\"https:\/\/peixoto.fr\/pt\/qui-sommes-nous\/nos-sites\/transports-touze\/\" \/>\n<meta property=\"og:locale\" content=\"pt_PT\" \/>\n<meta property=\"og:type\" content=\"article\" \/>\n<meta property=\"og:title\" content=\"Nos sites - Transports Touz\u00e9 - PEIXOTO\" \/>\n<meta property=\"og:description\" content=\"Transports Touz\u00e9 Plouisy Les Transports Touz\u00e9 Cr\u00e9\u00e9s dans les ann\u00e9es 70 par Mr Gilbert Touz\u00e9, les Transports \u00e9ponyme se situent dans une petite commune bretonne pr\u00e8s de Guingamp dans les C\u00f4tes d&rsquo;Armor : Plouisy (22). L&rsquo;entreprise \u00e9tait sp\u00e9cialis\u00e9e dans le groupage en fruits et l\u00e9gumes ainsi que dans le transport d&rsquo;\u0153ufs, au d\u00e9part de la [&hellip;]\" \/>\n<meta property=\"og:url\" content=\"https:\/\/peixoto.fr\/pt\/qui-sommes-nous\/nos-sites\/transports-touze\/\" \/>\n<meta property=\"og:site_name\" content=\"PEIXOTO\" \/>\n<meta property=\"article:publisher\" content=\"https:\/\/www.facebook.com\/profile.php?id=100064380831467\" \/>\n<meta property=\"article:modified_time\" content=\"2023-07-19T08:11:27+00:00\" \/>\n<meta property=\"og:image\" content=\"https:\/\/peixoto.fr\/wp-content\/uploads\/2022\/11\/22012015175834-1024x674.jpg\" \/>\n<meta name=\"twitter:card\" content=\"summary_large_image\" \/>\n<meta name=\"twitter:label1\" content=\"Tempo estimado de leitura\" \/>\n\t<meta name=\"twitter:data1\" content=\"2 minutos\" \/>\n<script type=\"application\/ld+json\" class=\"yoast-schema-graph\">{\"@context\":\"https:\\\/\\\/schema.org\",\"@graph\":[{\"@type\":\"WebPage\",\"@id\":\"https:\\\/\\\/peixoto.fr\\\/qui-sommes-nous\\\/nos-sites\\\/transports-touze\\\/\",\"url\":\"https:\\\/\\\/peixoto.fr\\\/qui-sommes-nous\\\/nos-sites\\\/transports-touze\\\/\",\"name\":\"Nos sites - Transports Touz\u00e9 - PEIXOTO\",\"isPartOf\":{\"@id\":\"https:\\\/\\\/peixoto.fr\\\/#website\"},\"primaryImageOfPage\":{\"@id\":\"https:\\\/\\\/peixoto.fr\\\/qui-sommes-nous\\\/nos-sites\\\/transports-touze\\\/#primaryimage\"},\"image\":{\"@id\":\"https:\\\/\\\/peixoto.fr\\\/qui-sommes-nous\\\/nos-sites\\\/transports-touze\\\/#primaryimage\"},\"thumbnailUrl\":\"https:\\\/\\\/peixoto.fr\\\/wp-content\\\/uploads\\\/2022\\\/11\\\/22012015175834-1024x674.jpg\",\"datePublished\":\"2022-05-20T09:54:26+00:00\",\"dateModified\":\"2023-07-19T08:11:27+00:00\",\"breadcrumb\":{\"@id\":\"https:\\\/\\\/peixoto.fr\\\/qui-sommes-nous\\\/nos-sites\\\/transports-touze\\\/#breadcrumb\"},\"inLanguage\":\"pt-PT\",\"potentialAction\":[{\"@type\":\"ReadAction\",\"target\":[\"https:\\\/\\\/peixoto.fr\\\/qui-sommes-nous\\\/nos-sites\\\/transports-touze\\\/\"]}]},{\"@type\":\"ImageObject\",\"inLanguage\":\"pt-PT\",\"@id\":\"https:\\\/\\\/peixoto.fr\\\/qui-sommes-nous\\\/nos-sites\\\/transports-touze\\\/#primaryimage\",\"url\":\"https:\\\/\\\/peixoto.fr\\\/wp-content\\\/uploads\\\/2022\\\/11\\\/22012015175834-1024x674.jpg\",\"contentUrl\":\"https:\\\/\\\/peixoto.fr\\\/wp-content\\\/uploads\\\/2022\\\/11\\\/22012015175834-1024x674.jpg\"},{\"@type\":\"BreadcrumbList\",\"@id\":\"https:\\\/\\\/peixoto.fr\\\/qui-sommes-nous\\\/nos-sites\\\/transports-touze\\\/#breadcrumb\",\"itemListElement\":[{\"@type\":\"ListItem\",\"position\":1,\"name\":\"Accueil\",\"item\":\"https:\\\/\\\/peixoto.fr\\\/\"},{\"@type\":\"ListItem\",\"position\":2,\"name\":\"Qui sommes-nous ?\",\"item\":\"https:\\\/\\\/peixoto.fr\\\/qui-sommes-nous\\\/\"},{\"@type\":\"ListItem\",\"position\":3,\"name\":\"Nos sites\",\"item\":\"https:\\\/\\\/peixoto.fr\\\/qui-sommes-nous\\\/nos-sites\\\/\"},{\"@type\":\"ListItem\",\"position\":4,\"name\":\"Nos sites &#8211; Transports Touz\u00e9\"}]},{\"@type\":\"WebSite\",\"@id\":\"https:\\\/\\\/peixoto.fr\\\/#website\",\"url\":\"https:\\\/\\\/peixoto.fr\\\/\",\"name\":\"PEIXOTO\",\"description\":\"Site WEB du Groupe PEIXOTO\",\"publisher\":{\"@id\":\"https:\\\/\\\/peixoto.fr\\\/#organization\"},\"potentialAction\":[{\"@type\":\"SearchAction\",\"target\":{\"@type\":\"EntryPoint\",\"urlTemplate\":\"https:\\\/\\\/peixoto.fr\\\/?s={search_term_string}\"},\"query-input\":{\"@type\":\"PropertyValueSpecification\",\"valueRequired\":true,\"valueName\":\"search_term_string\"}}],\"inLanguage\":\"pt-PT\"},{\"@type\":\"Organization\",\"@id\":\"https:\\\/\\\/peixoto.fr\\\/#organization\",\"name\":\"PEIXOTO\",\"url\":\"https:\\\/\\\/peixoto.fr\\\/\",\"logo\":{\"@type\":\"ImageObject\",\"inLanguage\":\"pt-PT\",\"@id\":\"https:\\\/\\\/peixoto.fr\\\/#\\\/schema\\\/logo\\\/image\\\/\",\"url\":\"https:\\\/\\\/peixoto.fr\\\/wp-content\\\/uploads\\\/2022\\\/05\\\/logoPEIXOTO-declinaison-texte-bleu-degrad-02.png\",\"contentUrl\":\"https:\\\/\\\/peixoto.fr\\\/wp-content\\\/uploads\\\/2022\\\/05\\\/logoPEIXOTO-declinaison-texte-bleu-degrad-02.png\",\"width\":2442,\"height\":776,\"caption\":\"PEIXOTO\"},\"image\":{\"@id\":\"https:\\\/\\\/peixoto.fr\\\/#\\\/schema\\\/logo\\\/image\\\/\"},\"sameAs\":[\"https:\\\/\\\/www.facebook.com\\\/profile.php?id=100064380831467\",\"https:\\\/\\\/www.instagram.com\\\/groupepeixoto\\\/?hl=fr\",\"https:\\\/\\\/www.linkedin.com\\\/company\\\/sarl-transports-peixoto-et-fils\\\/\"]}]}<\/script>\n<!-- \/ Yoast SEO plugin. -->","yoast_head_json":{"title":"Nos sites - Transports Touz\u00e9 - PEIXOTO","robots":{"index":"index","follow":"follow","max-snippet":"max-snippet:-1","max-image-preview":"max-image-preview:large","max-video-preview":"max-video-preview:-1"},"canonical":"https:\/\/peixoto.fr\/pt\/qui-sommes-nous\/nos-sites\/transports-touze\/","og_locale":"pt_PT","og_type":"article","og_title":"Nos sites - Transports Touz\u00e9 - PEIXOTO","og_description":"Transports Touz\u00e9 Plouisy Les Transports Touz\u00e9 Cr\u00e9\u00e9s dans les ann\u00e9es 70 par Mr Gilbert Touz\u00e9, les Transports \u00e9ponyme se situent dans une petite commune bretonne pr\u00e8s de Guingamp dans les C\u00f4tes d&rsquo;Armor : Plouisy (22). L&rsquo;entreprise \u00e9tait sp\u00e9cialis\u00e9e dans le groupage en fruits et l\u00e9gumes ainsi que dans le transport d&rsquo;\u0153ufs, au d\u00e9part de la [&hellip;]","og_url":"https:\/\/peixoto.fr\/pt\/qui-sommes-nous\/nos-sites\/transports-touze\/","og_site_name":"PEIXOTO","article_publisher":"https:\/\/www.facebook.com\/profile.php?id=100064380831467","article_modified_time":"2023-07-19T08:11:27+00:00","og_image":[{"url":"https:\/\/peixoto.fr\/wp-content\/uploads\/2022\/11\/22012015175834-1024x674.jpg","type":"","width":"","height":""}],"twitter_card":"summary_large_image","twitter_misc":{"Tempo estimado de leitura":"2 minutos"},"schema":{"@context":"https:\/\/schema.org","@graph":[{"@type":"WebPage","@id":"https:\/\/peixoto.fr\/qui-sommes-nous\/nos-sites\/transports-touze\/","url":"https:\/\/peixoto.fr\/qui-sommes-nous\/nos-sites\/transports-touze\/","name":"Nos sites - Transports Touz\u00e9 - PEIXOTO","isPartOf":{"@id":"https:\/\/peixoto.fr\/#website"},"primaryImageOfPage":{"@id":"https:\/\/peixoto.fr\/qui-sommes-nous\/nos-sites\/transports-touze\/#primaryimage"},"image":{"@id":"https:\/\/peixoto.fr\/qui-sommes-nous\/nos-sites\/transports-touze\/#primaryimage"},"thumbnailUrl":"https:\/\/peixoto.fr\/wp-content\/uploads\/2022\/11\/22012015175834-1024x674.jpg","datePublished":"2022-05-20T09:54:26+00:00","dateModified":"2023-07-19T08:11:27+00:00","breadcrumb":{"@id":"https:\/\/peixoto.fr\/qui-sommes-nous\/nos-sites\/transports-touze\/#breadcrumb"},"inLanguage":"pt-PT","potentialAction":[{"@type":"ReadAction","target":["https:\/\/peixoto.fr\/qui-sommes-nous\/nos-sites\/transports-touze\/"]}]},{"@type":"ImageObject","inLanguage":"pt-PT","@id":"https:\/\/peixoto.fr\/qui-sommes-nous\/nos-sites\/transports-touze\/#primaryimage","url":"https:\/\/peixoto.fr\/wp-content\/uploads\/2022\/11\/22012015175834-1024x674.jpg","contentUrl":"https:\/\/peixoto.fr\/wp-content\/uploads\/2022\/11\/22012015175834-1024x674.jpg"},{"@type":"BreadcrumbList","@id":"https:\/\/peixoto.fr\/qui-sommes-nous\/nos-sites\/transports-touze\/#breadcrumb","itemListElement":[{"@type":"ListItem","position":1,"name":"Accueil","item":"https:\/\/peixoto.fr\/"},{"@type":"ListItem","position":2,"name":"Qui sommes-nous ?","item":"https:\/\/peixoto.fr\/qui-sommes-nous\/"},{"@type":"ListItem","position":3,"name":"Nos sites","item":"https:\/\/peixoto.fr\/qui-sommes-nous\/nos-sites\/"},{"@type":"ListItem","position":4,"name":"Nos sites &#8211; Transports Touz\u00e9"}]},{"@type":"WebSite","@id":"https:\/\/peixoto.fr\/#website","url":"https:\/\/peixoto.fr\/","name":"PEIXOTO","description":"Site WEB du Groupe PEIXOTO","publisher":{"@id":"https:\/\/peixoto.fr\/#organization"},"potentialAction":[{"@type":"SearchAction","target":{"@type":"EntryPoint","urlTemplate":"https:\/\/peixoto.fr\/?s={search_term_string}"},"query-input":{"@type":"PropertyValueSpecification","valueRequired":true,"valueName":"search_term_string"}}],"inLanguage":"pt-PT"},{"@type":"Organization","@id":"https:\/\/peixoto.fr\/#organization","name":"PEIXOTO","url":"https:\/\/peixoto.fr\/","logo":{"@type":"ImageObject","inLanguage":"pt-PT","@id":"https:\/\/peixoto.fr\/#\/schema\/logo\/image\/","url":"https:\/\/peixoto.fr\/wp-content\/uploads\/2022\/05\/logoPEIXOTO-declinaison-texte-bleu-degrad-02.png","contentUrl":"https:\/\/peixoto.fr\/wp-content\/uploads\/2022\/05\/logoPEIXOTO-declinaison-texte-bleu-degrad-02.png","width":2442,"height":776,"caption":"PEIXOTO"},"image":{"@id":"https:\/\/peixoto.fr\/#\/schema\/logo\/image\/"},"sameAs":["https:\/\/www.facebook.com\/profile.php?id=100064380831467","https:\/\/www.instagram.com\/groupepeixoto\/?hl=fr","https:\/\/www.linkedin.com\/company\/sarl-transports-peixoto-et-fils\/"]}]}},"_links":{"self":[{"href":"https:\/\/peixoto.fr\/pt\/wp-json\/wp\/v2\/pages\/1634","targetHints":{"allow":["GET"]}}],"collection":[{"href":"https:\/\/peixoto.fr\/pt\/wp-json\/wp\/v2\/pages"}],"about":[{"href":"https:\/\/peixoto.fr\/pt\/wp-json\/wp\/v2\/types\/page"}],"author":[{"embeddable":true,"href":"https:\/\/peixoto.fr\/pt\/wp-json\/wp\/v2\/users\/2"}],"replies":[{"embeddable":true,"href":"https:\/\/peixoto.fr\/pt\/wp-json\/wp\/v2\/comments?post=1634"}],"version-history":[{"count":55,"href":"https:\/\/peixoto.fr\/pt\/wp-json\/wp\/v2\/pages\/1634\/revisions"}],"predecessor-version":[{"id":3247,"href":"https:\/\/peixoto.fr\/pt\/wp-json\/wp\/v2\/pages\/1634\/revisions\/3247"}],"up":[{"embeddable":true,"href":"https:\/\/peixoto.fr\/pt\/wp-json\/wp\/v2\/pages\/2248"}],"wp:attachment":[{"href":"https:\/\/peixoto.fr\/pt\/wp-json\/wp\/v2\/media?parent=1634"}],"curies":[{"name":"wp","href":"https:\/\/api.w.org\/{rel}","templated":true}]}}