{"id":1276,"date":"2022-05-10T17:42:33","date_gmt":"2022-05-10T15:42:33","guid":{"rendered":"https:\/\/peixoto.oceanville.fr\/?page_id=1276"},"modified":"2023-07-19T11:04:02","modified_gmt":"2023-07-19T09:04:02","slug":"logistique","status":"publish","type":"page","link":"https:\/\/peixoto.fr\/pt\/nos-metiers\/logistique\/","title":{"rendered":"Log\u00edstica"},"content":{"rendered":"<div data-elementor-type=\"wp-page\" data-elementor-id=\"1276\" class=\"elementor elementor-1276\" data-elementor-post-type=\"page\">\n\t\t\t\t\t\t<section class=\"elementor-section elementor-top-section elementor-element elementor-element-4a8014e5 elementor-section-boxed elementor-section-height-default elementor-section-height-default\" data-id=\"4a8014e5\" data-element_type=\"section\" data-e-type=\"section\" data-settings=\"{&quot;background_background&quot;:&quot;classic&quot;}\">\n\t\t\t\t\t\t\t<div class=\"elementor-background-overlay\"><\/div>\n\t\t\t\t\t\t\t<div class=\"elementor-container elementor-column-gap-default\">\n\t\t\t\t\t<div class=\"elementor-column elementor-col-100 elementor-top-column elementor-element elementor-element-dc7a31c\" data-id=\"dc7a31c\" data-element_type=\"column\" data-e-type=\"column\">\n\t\t\t<div class=\"elementor-widget-wrap elementor-element-populated\">\n\t\t\t\t\t\t<div class=\"elementor-element elementor-element-6a9b4970 elementor-widget elementor-widget-heading\" data-id=\"6a9b4970\" data-element_type=\"widget\" data-e-type=\"widget\" data-widget_type=\"heading.default\">\n\t\t\t\t<div class=\"elementor-widget-container\">\n\t\t\t\t\t<h2 class=\"elementor-heading-title elementor-size-default\"><br>Log\u00edstica<br> <\/h2>\t\t\t\t<\/div>\n\t\t\t\t<\/div>\n\t\t\t\t\t<\/div>\n\t\t<\/div>\n\t\t\t\t\t<\/div>\n\t\t<\/section>\n\t\t\t\t<section class=\"elementor-section elementor-top-section elementor-element elementor-element-17c5574a elementor-section-boxed elementor-section-height-default elementor-section-height-default\" data-id=\"17c5574a\" data-element_type=\"section\" data-e-type=\"section\">\n\t\t\t\t\t\t<div class=\"elementor-container elementor-column-gap-default\">\n\t\t\t\t\t<div class=\"elementor-column elementor-col-100 elementor-top-column elementor-element elementor-element-b8e3d6\" data-id=\"b8e3d6\" data-element_type=\"column\" data-e-type=\"column\">\n\t\t\t<div class=\"elementor-widget-wrap elementor-element-populated\">\n\t\t\t\t\t\t<div class=\"elementor-element elementor-element-a8af1d9 elementor-widget elementor-widget-elementskit-heading\" data-id=\"a8af1d9\" data-element_type=\"widget\" data-e-type=\"widget\" data-widget_type=\"elementskit-heading.default\">\n\t\t\t\t<div class=\"elementor-widget-container\">\n\t\t\t\t\t<div class=\"ekit-wid-con\" ><div class=\"ekit-heading elementskit-section-title-wraper text_left   ekit_heading_tablet-   ekit_heading_mobile-\"><div class=\"ekit_heading_separetor_wraper ekit_heading_elementskit-border-divider elementskit-style-long\"><div class=\"elementskit-border-divider elementskit-style-long\"><\/div><\/div><h2 class=\"ekit-heading--title elementskit-section-title\">Log\u00edstica<\/h2><\/div><\/div>\t\t\t\t<\/div>\n\t\t\t\t<\/div>\n\t\t\t\t<div class=\"elementor-element elementor-element-5ce9df20 elementor-widget elementor-widget-heading\" data-id=\"5ce9df20\" data-element_type=\"widget\" data-e-type=\"widget\" data-widget_type=\"heading.default\">\n\t\t\t\t<div class=\"elementor-widget-container\">\n\t\t\t\t\t<h2 class=\"elementor-heading-title elementor-size-default\">Apresenta\u00e7\u00e3o<\/h2>\t\t\t\t<\/div>\n\t\t\t\t<\/div>\n\t\t\t\t<section class=\"elementor-section elementor-inner-section elementor-element elementor-element-1d46e643 elementor-section-boxed elementor-section-height-default elementor-section-height-default\" data-id=\"1d46e643\" data-element_type=\"section\" data-e-type=\"section\">\n\t\t\t\t\t\t<div class=\"elementor-container elementor-column-gap-default\">\n\t\t\t\t\t<div class=\"elementor-column elementor-col-50 elementor-inner-column elementor-element elementor-element-4d69bb30\" data-id=\"4d69bb30\" data-element_type=\"column\" data-e-type=\"column\">\n\t\t\t<div class=\"elementor-widget-wrap elementor-element-populated\">\n\t\t\t\t\t\t<div class=\"elementor-element elementor-element-2aa0bda elementor-widget elementor-widget-text-editor\" data-id=\"2aa0bda\" data-element_type=\"widget\" data-e-type=\"widget\" data-widget_type=\"text-editor.default\">\n\t\t\t\t<div class=\"elementor-widget-container\">\n\t\t\t\t\t\t\t\t\t<p>Le groupe Peixoto vous propose des solutions d\u2019entreposage de produits ambiants et frais, sur les sites de Saint-Vincent-de-Tyrosse et de Marmande.<\/p><p>\u00a0 <br \/>Nous disposons de 2 000 m\u00b2 en frigo et 7 000 m\u00b2 en ambiant pour stocker conserves, emballages, produits sec, denr\u00e9es alimentaires et fruits et l\u00e9gumes. Nos zones de stockage sont dot\u00e9es de capteurs qui nous permettent de suivre et contr\u00f4ler les temp\u00e9ratures. De plus, nos entrep\u00f4ts sont \u00e9quip\u00e9s de quais de chargement et d\u00e9chargement ainsi que d\u2019espaces divisibles.<\/p><p>\u00a0<\/p>\t\t\t\t\t\t\t\t<\/div>\n\t\t\t\t<\/div>\n\t\t\t\t\t<\/div>\n\t\t<\/div>\n\t\t\t\t<div class=\"elementor-column elementor-col-50 elementor-inner-column elementor-element elementor-element-5accb733\" data-id=\"5accb733\" data-element_type=\"column\" data-e-type=\"column\">\n\t\t\t<div class=\"elementor-widget-wrap elementor-element-populated\">\n\t\t\t\t\t\t<div class=\"elementor-element elementor-element-6b1a1a0e elementor-widget__width-initial elementor-widget-mobile__width-initial elementor-widget elementor-widget-image\" data-id=\"6b1a1a0e\" data-element_type=\"widget\" data-e-type=\"widget\" data-widget_type=\"image.default\">\n\t\t\t\t<div class=\"elementor-widget-container\">\n\t\t\t\t\t\t\t\t\t\t\t\t\t\t\t<img fetchpriority=\"high\" decoding=\"async\" width=\"1920\" height=\"2560\" src=\"https:\/\/peixoto.fr\/wp-content\/uploads\/2022\/11\/20221115_112055-scaled.jpg\" class=\"attachment-full size-full wp-image-2827\" alt=\"\" srcset=\"https:\/\/peixoto.fr\/wp-content\/uploads\/2022\/11\/20221115_112055-scaled.jpg 1920w, https:\/\/peixoto.fr\/wp-content\/uploads\/2022\/11\/20221115_112055-225x300.jpg 225w, https:\/\/peixoto.fr\/wp-content\/uploads\/2022\/11\/20221115_112055-768x1024.jpg 768w, https:\/\/peixoto.fr\/wp-content\/uploads\/2022\/11\/20221115_112055-1152x1536.jpg 1152w, https:\/\/peixoto.fr\/wp-content\/uploads\/2022\/11\/20221115_112055-1536x2048.jpg 1536w, https:\/\/peixoto.fr\/wp-content\/uploads\/2022\/11\/20221115_112055-9x12.jpg 9w\" sizes=\"(max-width: 1920px) 100vw, 1920px\" \/>\t\t\t\t\t\t\t\t\t\t\t\t\t\t\t<\/div>\n\t\t\t\t<\/div>\n\t\t\t\t\t<\/div>\n\t\t<\/div>\n\t\t\t\t\t<\/div>\n\t\t<\/section>\n\t\t\t\t<div class=\"elementor-element elementor-element-2d54579a elementor-widget elementor-widget-heading\" data-id=\"2d54579a\" data-element_type=\"widget\" data-e-type=\"widget\" data-widget_type=\"heading.default\">\n\t\t\t\t<div class=\"elementor-widget-container\">\n\t\t\t\t\t<h2 class=\"elementor-heading-title elementor-size-default\">Como funciona ?<\/h2>\t\t\t\t<\/div>\n\t\t\t\t<\/div>\n\t\t\t\t<section class=\"elementor-section elementor-inner-section elementor-element elementor-element-2db0c2b elementor-reverse-tablet elementor-reverse-mobile elementor-section-boxed elementor-section-height-default elementor-section-height-default\" data-id=\"2db0c2b\" data-element_type=\"section\" data-e-type=\"section\">\n\t\t\t\t\t\t<div class=\"elementor-container elementor-column-gap-default\">\n\t\t\t\t\t<div class=\"elementor-column elementor-col-50 elementor-inner-column elementor-element elementor-element-4816093e elementor-hidden-phone\" data-id=\"4816093e\" data-element_type=\"column\" data-e-type=\"column\">\n\t\t\t<div class=\"elementor-widget-wrap elementor-element-populated\">\n\t\t\t\t\t\t<div class=\"elementor-element elementor-element-44efb290 elementor-widget__width-initial elementor-hidden-phone elementor-widget elementor-widget-image\" data-id=\"44efb290\" data-element_type=\"widget\" data-e-type=\"widget\" data-widget_type=\"image.default\">\n\t\t\t\t<div class=\"elementor-widget-container\">\n\t\t\t\t\t\t\t\t\t\t\t\t\t\t\t<img decoding=\"async\" width=\"1920\" height=\"2560\" src=\"https:\/\/peixoto.fr\/wp-content\/uploads\/2022\/11\/20221115_113222-scaled.jpg\" class=\"attachment-full size-full wp-image-2836\" alt=\"\" srcset=\"https:\/\/peixoto.fr\/wp-content\/uploads\/2022\/11\/20221115_113222-scaled.jpg 1920w, https:\/\/peixoto.fr\/wp-content\/uploads\/2022\/11\/20221115_113222-225x300.jpg 225w, https:\/\/peixoto.fr\/wp-content\/uploads\/2022\/11\/20221115_113222-768x1024.jpg 768w, https:\/\/peixoto.fr\/wp-content\/uploads\/2022\/11\/20221115_113222-1152x1536.jpg 1152w, https:\/\/peixoto.fr\/wp-content\/uploads\/2022\/11\/20221115_113222-1536x2048.jpg 1536w, https:\/\/peixoto.fr\/wp-content\/uploads\/2022\/11\/20221115_113222-9x12.jpg 9w\" sizes=\"(max-width: 1920px) 100vw, 1920px\" \/>\t\t\t\t\t\t\t\t\t\t\t\t\t\t\t<\/div>\n\t\t\t\t<\/div>\n\t\t\t\t<div class=\"elementor-element elementor-element-17dfccaa elementor-widget__width-initial elementor-absolute elementor-widget-tablet__width-initial elementor-widget-mobile__width-initial elementor-hidden-phone elementor-widget elementor-widget-image\" data-id=\"17dfccaa\" data-element_type=\"widget\" data-e-type=\"widget\" data-settings=\"{&quot;_position&quot;:&quot;absolute&quot;}\" data-widget_type=\"image.default\">\n\t\t\t\t<div class=\"elementor-widget-container\">\n\t\t\t\t\t\t\t\t\t\t\t\t\t\t\t<img decoding=\"async\" width=\"2560\" height=\"1920\" src=\"https:\/\/peixoto.fr\/wp-content\/uploads\/2022\/11\/20221115_113952-scaled.jpg\" class=\"attachment-full size-full wp-image-2840\" alt=\"\" srcset=\"https:\/\/peixoto.fr\/wp-content\/uploads\/2022\/11\/20221115_113952-scaled.jpg 2560w, https:\/\/peixoto.fr\/wp-content\/uploads\/2022\/11\/20221115_113952-300x225.jpg 300w, https:\/\/peixoto.fr\/wp-content\/uploads\/2022\/11\/20221115_113952-1024x768.jpg 1024w, https:\/\/peixoto.fr\/wp-content\/uploads\/2022\/11\/20221115_113952-768x576.jpg 768w, https:\/\/peixoto.fr\/wp-content\/uploads\/2022\/11\/20221115_113952-1536x1152.jpg 1536w, https:\/\/peixoto.fr\/wp-content\/uploads\/2022\/11\/20221115_113952-2048x1536.jpg 2048w, https:\/\/peixoto.fr\/wp-content\/uploads\/2022\/11\/20221115_113952-16x12.jpg 16w, https:\/\/peixoto.fr\/wp-content\/uploads\/2022\/11\/20221115_113952-600x450.jpg 600w\" sizes=\"(max-width: 2560px) 100vw, 2560px\" \/>\t\t\t\t\t\t\t\t\t\t\t\t\t\t\t<\/div>\n\t\t\t\t<\/div>\n\t\t\t\t\t<\/div>\n\t\t<\/div>\n\t\t\t\t<div class=\"elementor-column elementor-col-50 elementor-inner-column elementor-element elementor-element-3a3f7247\" data-id=\"3a3f7247\" data-element_type=\"column\" data-e-type=\"column\">\n\t\t\t<div class=\"elementor-widget-wrap elementor-element-populated\">\n\t\t\t\t\t\t<div class=\"elementor-element elementor-element-24eee43 elementor-widget elementor-widget-text-editor\" data-id=\"24eee43\" data-element_type=\"widget\" data-e-type=\"widget\" data-widget_type=\"text-editor.default\">\n\t\t\t\t<div class=\"elementor-widget-container\">\n\t\t\t\t\t\t\t\t\t<p>Nous proposons des prestations de gestion de stock, de pr\u00e9parations de commande, de co packing. <br \/>Nous nous adaptons au mieux \u00e0 toutes vos demandes. Quelques soit la taille de votre entreprise ou la nature de vos produits, les \u00e9quipes commerciales \u00e9tudieront avec vous les solutions logistiques les plus performantes. <br \/>Nos services logistiques sont en lien \u00e9troit avec nos activit\u00e9s de transports, ceci afin de pouvoir proposer un service complet, de la r\u00e9ception de vos produits, avec le contr\u00f4le qualit\u00e9, jusqu\u2019\u00e0 la livraison en passant par le stockage et\/ou la pr\u00e9paration de commande. Cette autonomie nous a permis de b\u00e2tir une r\u00e9putation autour de notre ponctualit\u00e9, notre souplesse et notre professionnalisme. <\/p>\t\t\t\t\t\t\t\t<\/div>\n\t\t\t\t<\/div>\n\t\t\t\t\t<\/div>\n\t\t<\/div>\n\t\t\t\t\t<\/div>\n\t\t<\/section>\n\t\t\t\t<section class=\"elementor-section elementor-inner-section elementor-element elementor-element-2d409881 elementor-section-boxed elementor-section-height-default elementor-section-height-default\" data-id=\"2d409881\" data-element_type=\"section\" data-e-type=\"section\">\n\t\t\t\t\t\t<div class=\"elementor-container elementor-column-gap-default\">\n\t\t\t\t\t<div class=\"elementor-column elementor-col-33 elementor-inner-column elementor-element elementor-element-60406350\" data-id=\"60406350\" data-element_type=\"column\" data-e-type=\"column\">\n\t\t\t<div class=\"elementor-widget-wrap elementor-element-populated\">\n\t\t\t\t\t\t<div class=\"elementor-element elementor-element-43ef6792 elementor-widget elementor-widget-elementskit-blog-posts\" data-id=\"43ef6792\" data-element_type=\"widget\" data-e-type=\"widget\" data-widget_type=\"elementskit-blog-posts.default\">\n\t\t\t\t<div class=\"elementor-widget-container\">\n\t\t\t\t\t<div class=\"ekit-wid-con\" >        <div id=\"post-items--43ef6792\" class=\"row post-items\">\n                <\/div>\n       <\/div>\t\t\t\t<\/div>\n\t\t\t\t<\/div>\n\t\t\t\t\t<\/div>\n\t\t<\/div>\n\t\t\t\t<div class=\"elementor-column elementor-col-33 elementor-inner-column elementor-element elementor-element-4ead6705\" data-id=\"4ead6705\" data-element_type=\"column\" data-e-type=\"column\">\n\t\t\t<div class=\"elementor-widget-wrap elementor-element-populated\">\n\t\t\t\t\t\t<div class=\"elementor-element elementor-element-40039dc elementor-widget elementor-widget-elementskit-blog-posts\" data-id=\"40039dc\" data-element_type=\"widget\" data-e-type=\"widget\" data-widget_type=\"elementskit-blog-posts.default\">\n\t\t\t\t<div class=\"elementor-widget-container\">\n\t\t\t\t\t<div class=\"ekit-wid-con\" >        <div id=\"post-items--40039dc\" class=\"row post-items\">\n                <\/div>\n       <\/div>\t\t\t\t<\/div>\n\t\t\t\t<\/div>\n\t\t\t\t\t<\/div>\n\t\t<\/div>\n\t\t\t\t<div class=\"elementor-column elementor-col-33 elementor-inner-column elementor-element elementor-element-527af039\" data-id=\"527af039\" data-element_type=\"column\" data-e-type=\"column\">\n\t\t\t<div class=\"elementor-widget-wrap elementor-element-populated\">\n\t\t\t\t\t\t<div class=\"elementor-element elementor-element-41c76031 elementor-widget elementor-widget-elementskit-blog-posts\" data-id=\"41c76031\" data-element_type=\"widget\" data-e-type=\"widget\" data-widget_type=\"elementskit-blog-posts.default\">\n\t\t\t\t<div class=\"elementor-widget-container\">\n\t\t\t\t\t<div class=\"ekit-wid-con\" >        <div id=\"post-items--41c76031\" class=\"row post-items\">\n                <\/div>\n       <\/div>\t\t\t\t<\/div>\n\t\t\t\t<\/div>\n\t\t\t\t\t<\/div>\n\t\t<\/div>\n\t\t\t\t\t<\/div>\n\t\t<\/section>\n\t\t\t\t\t<\/div>\n\t\t<\/div>\n\t\t\t\t\t<\/div>\n\t\t<\/section>\n\t\t\t\t<\/div>","protected":false},"excerpt":{"rendered":"<p>Logistique Logistique Pr\u00e9sentation Le groupe Peixoto vous propose des solutions d\u2019entreposage de produits ambiants et frais, sur les sites de Saint-Vincent-de-Tyrosse et de Marmande. \u00a0 Nous disposons de 2 000 m\u00b2 en frigo et 7 000 m\u00b2 en ambiant pour stocker conserves, emballages, produits sec, denr\u00e9es alimentaires et fruits et l\u00e9gumes. Nos zones de stockage [&hellip;]<\/p>\n","protected":false},"author":2,"featured_media":0,"parent":254,"menu_order":0,"comment_status":"closed","ping_status":"closed","template":"","meta":{"_acf_changed":false,"footnotes":""},"class_list":["post-1276","page","type-page","status-publish","hentry"],"acf":[],"yoast_head":"<!-- This site is optimized with the Yoast SEO plugin v27.4 - https:\/\/yoast.com\/product\/yoast-seo-wordpress\/ -->\n<title>Logistique - PEIXOTO<\/title>\n<meta name=\"robots\" content=\"index, follow, max-snippet:-1, max-image-preview:large, max-video-preview:-1\" \/>\n<link rel=\"canonical\" href=\"https:\/\/peixoto.fr\/pt\/nos-metiers\/logistique\/\" \/>\n<meta property=\"og:locale\" content=\"pt_PT\" \/>\n<meta property=\"og:type\" content=\"article\" \/>\n<meta property=\"og:title\" content=\"Logistique - PEIXOTO\" \/>\n<meta property=\"og:description\" content=\"Logistique Logistique Pr\u00e9sentation Le groupe Peixoto vous propose des solutions d\u2019entreposage de produits ambiants et frais, sur les sites de Saint-Vincent-de-Tyrosse et de Marmande. \u00a0 Nous disposons de 2 000 m\u00b2 en frigo et 7 000 m\u00b2 en ambiant pour stocker conserves, emballages, produits sec, denr\u00e9es alimentaires et fruits et l\u00e9gumes. Nos zones de stockage [&hellip;]\" \/>\n<meta property=\"og:url\" content=\"https:\/\/peixoto.fr\/pt\/nos-metiers\/logistique\/\" \/>\n<meta property=\"og:site_name\" content=\"PEIXOTO\" \/>\n<meta property=\"article:publisher\" content=\"https:\/\/www.facebook.com\/profile.php?id=100064380831467\" \/>\n<meta property=\"article:modified_time\" content=\"2023-07-19T09:04:02+00:00\" \/>\n<meta property=\"og:image\" content=\"https:\/\/peixoto.fr\/wp-content\/uploads\/2022\/11\/20221115_112055-scaled.jpg\" \/>\n<meta name=\"twitter:card\" content=\"summary_large_image\" \/>\n<meta name=\"twitter:label1\" content=\"Tempo estimado de leitura\" \/>\n\t<meta name=\"twitter:data1\" content=\"2 minutos\" \/>\n<script type=\"application\/ld+json\" class=\"yoast-schema-graph\">{\"@context\":\"https:\\\/\\\/schema.org\",\"@graph\":[{\"@type\":\"WebPage\",\"@id\":\"https:\\\/\\\/peixoto.fr\\\/nos-metiers\\\/logistique\\\/\",\"url\":\"https:\\\/\\\/peixoto.fr\\\/nos-metiers\\\/logistique\\\/\",\"name\":\"Logistique - PEIXOTO\",\"isPartOf\":{\"@id\":\"https:\\\/\\\/peixoto.fr\\\/#website\"},\"primaryImageOfPage\":{\"@id\":\"https:\\\/\\\/peixoto.fr\\\/nos-metiers\\\/logistique\\\/#primaryimage\"},\"image\":{\"@id\":\"https:\\\/\\\/peixoto.fr\\\/nos-metiers\\\/logistique\\\/#primaryimage\"},\"thumbnailUrl\":\"https:\\\/\\\/peixoto.fr\\\/wp-content\\\/uploads\\\/2022\\\/11\\\/20221115_112055-scaled.jpg\",\"datePublished\":\"2022-05-10T15:42:33+00:00\",\"dateModified\":\"2023-07-19T09:04:02+00:00\",\"breadcrumb\":{\"@id\":\"https:\\\/\\\/peixoto.fr\\\/nos-metiers\\\/logistique\\\/#breadcrumb\"},\"inLanguage\":\"pt-PT\",\"potentialAction\":[{\"@type\":\"ReadAction\",\"target\":[\"https:\\\/\\\/peixoto.fr\\\/nos-metiers\\\/logistique\\\/\"]}]},{\"@type\":\"ImageObject\",\"inLanguage\":\"pt-PT\",\"@id\":\"https:\\\/\\\/peixoto.fr\\\/nos-metiers\\\/logistique\\\/#primaryimage\",\"url\":\"https:\\\/\\\/peixoto.fr\\\/wp-content\\\/uploads\\\/2022\\\/11\\\/20221115_112055-scaled.jpg\",\"contentUrl\":\"https:\\\/\\\/peixoto.fr\\\/wp-content\\\/uploads\\\/2022\\\/11\\\/20221115_112055-scaled.jpg\"},{\"@type\":\"BreadcrumbList\",\"@id\":\"https:\\\/\\\/peixoto.fr\\\/nos-metiers\\\/logistique\\\/#breadcrumb\",\"itemListElement\":[{\"@type\":\"ListItem\",\"position\":1,\"name\":\"Accueil\",\"item\":\"https:\\\/\\\/peixoto.fr\\\/\"},{\"@type\":\"ListItem\",\"position\":2,\"name\":\"Nos m\u00e9tiers\",\"item\":\"https:\\\/\\\/peixoto.fr\\\/nos-metiers\\\/\"},{\"@type\":\"ListItem\",\"position\":3,\"name\":\"Logistique\"}]},{\"@type\":\"WebSite\",\"@id\":\"https:\\\/\\\/peixoto.fr\\\/#website\",\"url\":\"https:\\\/\\\/peixoto.fr\\\/\",\"name\":\"PEIXOTO\",\"description\":\"Site WEB du Groupe PEIXOTO\",\"publisher\":{\"@id\":\"https:\\\/\\\/peixoto.fr\\\/#organization\"},\"potentialAction\":[{\"@type\":\"SearchAction\",\"target\":{\"@type\":\"EntryPoint\",\"urlTemplate\":\"https:\\\/\\\/peixoto.fr\\\/?s={search_term_string}\"},\"query-input\":{\"@type\":\"PropertyValueSpecification\",\"valueRequired\":true,\"valueName\":\"search_term_string\"}}],\"inLanguage\":\"pt-PT\"},{\"@type\":\"Organization\",\"@id\":\"https:\\\/\\\/peixoto.fr\\\/#organization\",\"name\":\"PEIXOTO\",\"url\":\"https:\\\/\\\/peixoto.fr\\\/\",\"logo\":{\"@type\":\"ImageObject\",\"inLanguage\":\"pt-PT\",\"@id\":\"https:\\\/\\\/peixoto.fr\\\/#\\\/schema\\\/logo\\\/image\\\/\",\"url\":\"https:\\\/\\\/peixoto.fr\\\/wp-content\\\/uploads\\\/2022\\\/05\\\/logoPEIXOTO-declinaison-texte-bleu-degrad-02.png\",\"contentUrl\":\"https:\\\/\\\/peixoto.fr\\\/wp-content\\\/uploads\\\/2022\\\/05\\\/logoPEIXOTO-declinaison-texte-bleu-degrad-02.png\",\"width\":2442,\"height\":776,\"caption\":\"PEIXOTO\"},\"image\":{\"@id\":\"https:\\\/\\\/peixoto.fr\\\/#\\\/schema\\\/logo\\\/image\\\/\"},\"sameAs\":[\"https:\\\/\\\/www.facebook.com\\\/profile.php?id=100064380831467\",\"https:\\\/\\\/www.instagram.com\\\/groupepeixoto\\\/?hl=fr\",\"https:\\\/\\\/www.linkedin.com\\\/company\\\/sarl-transports-peixoto-et-fils\\\/\"]}]}<\/script>\n<!-- \/ Yoast SEO plugin. -->","yoast_head_json":{"title":"Logistique - PEIXOTO","robots":{"index":"index","follow":"follow","max-snippet":"max-snippet:-1","max-image-preview":"max-image-preview:large","max-video-preview":"max-video-preview:-1"},"canonical":"https:\/\/peixoto.fr\/pt\/nos-metiers\/logistique\/","og_locale":"pt_PT","og_type":"article","og_title":"Logistique - PEIXOTO","og_description":"Logistique Logistique Pr\u00e9sentation Le groupe Peixoto vous propose des solutions d\u2019entreposage de produits ambiants et frais, sur les sites de Saint-Vincent-de-Tyrosse et de Marmande. \u00a0 Nous disposons de 2 000 m\u00b2 en frigo et 7 000 m\u00b2 en ambiant pour stocker conserves, emballages, produits sec, denr\u00e9es alimentaires et fruits et l\u00e9gumes. Nos zones de stockage [&hellip;]","og_url":"https:\/\/peixoto.fr\/pt\/nos-metiers\/logistique\/","og_site_name":"PEIXOTO","article_publisher":"https:\/\/www.facebook.com\/profile.php?id=100064380831467","article_modified_time":"2023-07-19T09:04:02+00:00","og_image":[{"url":"https:\/\/peixoto.fr\/wp-content\/uploads\/2022\/11\/20221115_112055-scaled.jpg","type":"","width":"","height":""}],"twitter_card":"summary_large_image","twitter_misc":{"Tempo estimado de leitura":"2 minutos"},"schema":{"@context":"https:\/\/schema.org","@graph":[{"@type":"WebPage","@id":"https:\/\/peixoto.fr\/nos-metiers\/logistique\/","url":"https:\/\/peixoto.fr\/nos-metiers\/logistique\/","name":"Logistique - PEIXOTO","isPartOf":{"@id":"https:\/\/peixoto.fr\/#website"},"primaryImageOfPage":{"@id":"https:\/\/peixoto.fr\/nos-metiers\/logistique\/#primaryimage"},"image":{"@id":"https:\/\/peixoto.fr\/nos-metiers\/logistique\/#primaryimage"},"thumbnailUrl":"https:\/\/peixoto.fr\/wp-content\/uploads\/2022\/11\/20221115_112055-scaled.jpg","datePublished":"2022-05-10T15:42:33+00:00","dateModified":"2023-07-19T09:04:02+00:00","breadcrumb":{"@id":"https:\/\/peixoto.fr\/nos-metiers\/logistique\/#breadcrumb"},"inLanguage":"pt-PT","potentialAction":[{"@type":"ReadAction","target":["https:\/\/peixoto.fr\/nos-metiers\/logistique\/"]}]},{"@type":"ImageObject","inLanguage":"pt-PT","@id":"https:\/\/peixoto.fr\/nos-metiers\/logistique\/#primaryimage","url":"https:\/\/peixoto.fr\/wp-content\/uploads\/2022\/11\/20221115_112055-scaled.jpg","contentUrl":"https:\/\/peixoto.fr\/wp-content\/uploads\/2022\/11\/20221115_112055-scaled.jpg"},{"@type":"BreadcrumbList","@id":"https:\/\/peixoto.fr\/nos-metiers\/logistique\/#breadcrumb","itemListElement":[{"@type":"ListItem","position":1,"name":"Accueil","item":"https:\/\/peixoto.fr\/"},{"@type":"ListItem","position":2,"name":"Nos m\u00e9tiers","item":"https:\/\/peixoto.fr\/nos-metiers\/"},{"@type":"ListItem","position":3,"name":"Logistique"}]},{"@type":"WebSite","@id":"https:\/\/peixoto.fr\/#website","url":"https:\/\/peixoto.fr\/","name":"PEIXOTO","description":"Site WEB du Groupe PEIXOTO","publisher":{"@id":"https:\/\/peixoto.fr\/#organization"},"potentialAction":[{"@type":"SearchAction","target":{"@type":"EntryPoint","urlTemplate":"https:\/\/peixoto.fr\/?s={search_term_string}"},"query-input":{"@type":"PropertyValueSpecification","valueRequired":true,"valueName":"search_term_string"}}],"inLanguage":"pt-PT"},{"@type":"Organization","@id":"https:\/\/peixoto.fr\/#organization","name":"PEIXOTO","url":"https:\/\/peixoto.fr\/","logo":{"@type":"ImageObject","inLanguage":"pt-PT","@id":"https:\/\/peixoto.fr\/#\/schema\/logo\/image\/","url":"https:\/\/peixoto.fr\/wp-content\/uploads\/2022\/05\/logoPEIXOTO-declinaison-texte-bleu-degrad-02.png","contentUrl":"https:\/\/peixoto.fr\/wp-content\/uploads\/2022\/05\/logoPEIXOTO-declinaison-texte-bleu-degrad-02.png","width":2442,"height":776,"caption":"PEIXOTO"},"image":{"@id":"https:\/\/peixoto.fr\/#\/schema\/logo\/image\/"},"sameAs":["https:\/\/www.facebook.com\/profile.php?id=100064380831467","https:\/\/www.instagram.com\/groupepeixoto\/?hl=fr","https:\/\/www.linkedin.com\/company\/sarl-transports-peixoto-et-fils\/"]}]}},"_links":{"self":[{"href":"https:\/\/peixoto.fr\/pt\/wp-json\/wp\/v2\/pages\/1276","targetHints":{"allow":["GET"]}}],"collection":[{"href":"https:\/\/peixoto.fr\/pt\/wp-json\/wp\/v2\/pages"}],"about":[{"href":"https:\/\/peixoto.fr\/pt\/wp-json\/wp\/v2\/types\/page"}],"author":[{"embeddable":true,"href":"https:\/\/peixoto.fr\/pt\/wp-json\/wp\/v2\/users\/2"}],"replies":[{"embeddable":true,"href":"https:\/\/peixoto.fr\/pt\/wp-json\/wp\/v2\/comments?post=1276"}],"version-history":[{"count":25,"href":"https:\/\/peixoto.fr\/pt\/wp-json\/wp\/v2\/pages\/1276\/revisions"}],"predecessor-version":[{"id":3292,"href":"https:\/\/peixoto.fr\/pt\/wp-json\/wp\/v2\/pages\/1276\/revisions\/3292"}],"up":[{"embeddable":true,"href":"https:\/\/peixoto.fr\/pt\/wp-json\/wp\/v2\/pages\/254"}],"wp:attachment":[{"href":"https:\/\/peixoto.fr\/pt\/wp-json\/wp\/v2\/media?parent=1276"}],"curies":[{"name":"wp","href":"https:\/\/api.w.org\/{rel}","templated":true}]}}