{"id":1272,"date":"2022-05-10T17:41:03","date_gmt":"2022-05-10T15:41:03","guid":{"rendered":"https:\/\/peixoto.oceanville.fr\/?page_id=1272"},"modified":"2023-07-19T10:47:49","modified_gmt":"2023-07-19T08:47:49","slug":"transport-de-lots-national-et-international","status":"publish","type":"page","link":"https:\/\/peixoto.fr\/pt\/nos-metiers\/transport-de-lots-national-et-international\/","title":{"rendered":"Transporte de lotes nacionais e internacionais"},"content":{"rendered":"<div data-elementor-type=\"wp-page\" data-elementor-id=\"1272\" class=\"elementor elementor-1272\" data-elementor-post-type=\"page\">\n\t\t\t\t\t\t<section class=\"elementor-section elementor-top-section elementor-element elementor-element-4a8014e5 elementor-section-boxed elementor-section-height-default elementor-section-height-default\" data-id=\"4a8014e5\" data-element_type=\"section\" data-e-type=\"section\" data-settings=\"{&quot;background_background&quot;:&quot;classic&quot;}\">\n\t\t\t\t\t\t\t<div class=\"elementor-background-overlay\"><\/div>\n\t\t\t\t\t\t\t<div class=\"elementor-container elementor-column-gap-default\">\n\t\t\t\t\t<div class=\"elementor-column elementor-col-100 elementor-top-column elementor-element elementor-element-dc7a31c\" data-id=\"dc7a31c\" data-element_type=\"column\" data-e-type=\"column\">\n\t\t\t<div class=\"elementor-widget-wrap elementor-element-populated\">\n\t\t\t\t\t\t<div class=\"elementor-element elementor-element-6a9b4970 elementor-widget elementor-widget-heading\" data-id=\"6a9b4970\" data-element_type=\"widget\" data-e-type=\"widget\" data-widget_type=\"heading.default\">\n\t\t\t\t<div class=\"elementor-widget-container\">\n\t\t\t\t\t<h2 class=\"elementor-heading-title elementor-size-default\">Transporte de lotes nacionais e internacionais<\/h2>\t\t\t\t<\/div>\n\t\t\t\t<\/div>\n\t\t\t\t\t<\/div>\n\t\t<\/div>\n\t\t\t\t\t<\/div>\n\t\t<\/section>\n\t\t\t\t<section class=\"elementor-section elementor-top-section elementor-element elementor-element-17c5574a elementor-section-boxed elementor-section-height-default elementor-section-height-default\" data-id=\"17c5574a\" data-element_type=\"section\" data-e-type=\"section\">\n\t\t\t\t\t\t<div class=\"elementor-container elementor-column-gap-default\">\n\t\t\t\t\t<div class=\"elementor-column elementor-col-100 elementor-top-column elementor-element elementor-element-b8e3d6\" data-id=\"b8e3d6\" data-element_type=\"column\" data-e-type=\"column\">\n\t\t\t<div class=\"elementor-widget-wrap elementor-element-populated\">\n\t\t\t\t\t\t<div class=\"elementor-element elementor-element-a8af1d9 elementor-widget elementor-widget-elementskit-heading\" data-id=\"a8af1d9\" data-element_type=\"widget\" data-e-type=\"widget\" data-widget_type=\"elementskit-heading.default\">\n\t\t\t\t<div class=\"elementor-widget-container\">\n\t\t\t\t\t<div class=\"ekit-wid-con\" ><div class=\"ekit-heading elementskit-section-title-wraper text_left   ekit_heading_tablet-   ekit_heading_mobile-\"><div class=\"ekit_heading_separetor_wraper ekit_heading_elementskit-border-divider elementskit-style-long\"><div class=\"elementskit-border-divider elementskit-style-long\"><\/div><\/div><h2 class=\"ekit-heading--title elementskit-section-title\">Transport de lots national et international<\/h2><\/div><\/div>\t\t\t\t<\/div>\n\t\t\t\t<\/div>\n\t\t\t\t<div class=\"elementor-element elementor-element-5ce9df20 elementor-widget elementor-widget-heading\" data-id=\"5ce9df20\" data-element_type=\"widget\" data-e-type=\"widget\" data-widget_type=\"heading.default\">\n\t\t\t\t<div class=\"elementor-widget-container\">\n\t\t\t\t\t<h2 class=\"elementor-heading-title elementor-size-default\">Apresenta\u00e7\u00e3o<\/h2>\t\t\t\t<\/div>\n\t\t\t\t<\/div>\n\t\t\t\t<section class=\"elementor-section elementor-inner-section elementor-element elementor-element-1d46e643 elementor-section-boxed elementor-section-height-default elementor-section-height-default\" data-id=\"1d46e643\" data-element_type=\"section\" data-e-type=\"section\">\n\t\t\t\t\t\t<div class=\"elementor-container elementor-column-gap-default\">\n\t\t\t\t\t<div class=\"elementor-column elementor-col-50 elementor-inner-column elementor-element elementor-element-4d69bb30\" data-id=\"4d69bb30\" data-element_type=\"column\" data-e-type=\"column\">\n\t\t\t<div class=\"elementor-widget-wrap elementor-element-populated\">\n\t\t\t\t\t\t<div class=\"elementor-element elementor-element-2aa0bda elementor-widget elementor-widget-text-editor\" data-id=\"2aa0bda\" data-element_type=\"widget\" data-e-type=\"widget\" data-widget_type=\"text-editor.default\">\n\t\t\t\t<div class=\"elementor-widget-container\">\n\t\t\t\t\t\t\t\t\t<p>Toujours sous temp\u00e9rature dirig\u00e9e, le groupe Peixoto fait du transport de lots national et international en compl\u00e9ment de ses lignes r\u00e9guli\u00e8res.<\/p><p><br>En p\u00e9riode de forte activit\u00e9, l\u2019affr\u00e8tement est une solution alternative qui permet de r\u00e9aliser la prestation dans les meilleurs d\u00e9lais et dans les conditions identiques \u00e0 celles propos\u00e9e habituellement par les v\u00e9hicules Peixoto.<\/p>\t\t\t\t\t\t\t\t<\/div>\n\t\t\t\t<\/div>\n\t\t\t\t\t<\/div>\n\t\t<\/div>\n\t\t\t\t<div class=\"elementor-column elementor-col-50 elementor-inner-column elementor-element elementor-element-5accb733\" data-id=\"5accb733\" data-element_type=\"column\" data-e-type=\"column\">\n\t\t\t<div class=\"elementor-widget-wrap elementor-element-populated\">\n\t\t\t\t\t\t<div class=\"elementor-element elementor-element-6b1a1a0e elementor-widget__width-initial elementor-widget-mobile__width-initial elementor-widget elementor-widget-image\" data-id=\"6b1a1a0e\" data-element_type=\"widget\" data-e-type=\"widget\" data-widget_type=\"image.default\">\n\t\t\t\t<div class=\"elementor-widget-container\">\n\t\t\t\t\t\t\t\t\t\t\t\t\t\t\t<img fetchpriority=\"high\" decoding=\"async\" width=\"848\" height=\"580\" src=\"https:\/\/peixoto.fr\/wp-content\/uploads\/2022\/11\/Carte-zone-longeu.jpg\" class=\"attachment-full size-full wp-image-2967\" alt=\"\" srcset=\"https:\/\/peixoto.fr\/wp-content\/uploads\/2022\/11\/Carte-zone-longeu.jpg 848w, https:\/\/peixoto.fr\/wp-content\/uploads\/2022\/11\/Carte-zone-longeu-300x205.jpg 300w, https:\/\/peixoto.fr\/wp-content\/uploads\/2022\/11\/Carte-zone-longeu-768x525.jpg 768w, https:\/\/peixoto.fr\/wp-content\/uploads\/2022\/11\/Carte-zone-longeu-18x12.jpg 18w, https:\/\/peixoto.fr\/wp-content\/uploads\/2022\/11\/Carte-zone-longeu-320x220.jpg 320w\" sizes=\"(max-width: 848px) 100vw, 848px\" \/>\t\t\t\t\t\t\t\t\t\t\t\t\t\t\t<\/div>\n\t\t\t\t<\/div>\n\t\t\t\t\t<\/div>\n\t\t<\/div>\n\t\t\t\t\t<\/div>\n\t\t<\/section>\n\t\t\t\t<div class=\"elementor-element elementor-element-2d54579a elementor-widget elementor-widget-heading\" data-id=\"2d54579a\" data-element_type=\"widget\" data-e-type=\"widget\" data-widget_type=\"heading.default\">\n\t\t\t\t<div class=\"elementor-widget-container\">\n\t\t\t\t\t<h2 class=\"elementor-heading-title elementor-size-default\">Como funciona ?<\/h2>\t\t\t\t<\/div>\n\t\t\t\t<\/div>\n\t\t\t\t<section class=\"elementor-section elementor-inner-section elementor-element elementor-element-2db0c2b elementor-reverse-tablet elementor-reverse-mobile elementor-section-boxed elementor-section-height-default elementor-section-height-default\" data-id=\"2db0c2b\" data-element_type=\"section\" data-e-type=\"section\">\n\t\t\t\t\t\t<div class=\"elementor-container elementor-column-gap-default\">\n\t\t\t\t\t<div class=\"elementor-column elementor-col-50 elementor-inner-column elementor-element elementor-element-4816093e elementor-hidden-phone\" data-id=\"4816093e\" data-element_type=\"column\" data-e-type=\"column\">\n\t\t\t<div class=\"elementor-widget-wrap elementor-element-populated\">\n\t\t\t\t\t\t<div class=\"elementor-element elementor-element-44efb290 elementor-widget__width-initial elementor-hidden-phone elementor-widget elementor-widget-image\" data-id=\"44efb290\" data-element_type=\"widget\" data-e-type=\"widget\" data-widget_type=\"image.default\">\n\t\t\t\t<div class=\"elementor-widget-container\">\n\t\t\t\t\t\t\t\t\t\t\t\t\t\t\t<img decoding=\"async\" width=\"1920\" height=\"2560\" src=\"https:\/\/peixoto.fr\/wp-content\/uploads\/2022\/10\/20211222_161850-scaled.jpg\" class=\"attachment-full size-full wp-image-1904\" alt=\"\" srcset=\"https:\/\/peixoto.fr\/wp-content\/uploads\/2022\/10\/20211222_161850-scaled.jpg 1920w, https:\/\/peixoto.fr\/wp-content\/uploads\/2022\/10\/20211222_161850-225x300.jpg 225w, https:\/\/peixoto.fr\/wp-content\/uploads\/2022\/10\/20211222_161850-768x1024.jpg 768w, https:\/\/peixoto.fr\/wp-content\/uploads\/2022\/10\/20211222_161850-1152x1536.jpg 1152w, https:\/\/peixoto.fr\/wp-content\/uploads\/2022\/10\/20211222_161850-1536x2048.jpg 1536w, https:\/\/peixoto.fr\/wp-content\/uploads\/2022\/10\/20211222_161850-9x12.jpg 9w\" sizes=\"(max-width: 1920px) 100vw, 1920px\" \/>\t\t\t\t\t\t\t\t\t\t\t\t\t\t\t<\/div>\n\t\t\t\t<\/div>\n\t\t\t\t<div class=\"elementor-element elementor-element-17dfccaa elementor-widget__width-initial elementor-absolute elementor-widget-tablet__width-initial elementor-widget-mobile__width-initial elementor-hidden-phone elementor-widget elementor-widget-image\" data-id=\"17dfccaa\" data-element_type=\"widget\" data-e-type=\"widget\" data-settings=\"{&quot;_position&quot;:&quot;absolute&quot;}\" data-widget_type=\"image.default\">\n\t\t\t\t<div class=\"elementor-widget-container\">\n\t\t\t\t\t\t\t\t\t\t\t\t\t\t\t<img decoding=\"async\" width=\"2560\" height=\"1920\" src=\"https:\/\/peixoto.fr\/wp-content\/uploads\/2022\/10\/20220401_132651-scaled.jpg\" class=\"attachment-full size-full wp-image-1935\" alt=\"\" srcset=\"https:\/\/peixoto.fr\/wp-content\/uploads\/2022\/10\/20220401_132651-scaled.jpg 2560w, https:\/\/peixoto.fr\/wp-content\/uploads\/2022\/10\/20220401_132651-300x225.jpg 300w, https:\/\/peixoto.fr\/wp-content\/uploads\/2022\/10\/20220401_132651-1024x768.jpg 1024w, https:\/\/peixoto.fr\/wp-content\/uploads\/2022\/10\/20220401_132651-768x576.jpg 768w, https:\/\/peixoto.fr\/wp-content\/uploads\/2022\/10\/20220401_132651-1536x1152.jpg 1536w, https:\/\/peixoto.fr\/wp-content\/uploads\/2022\/10\/20220401_132651-2048x1536.jpg 2048w, https:\/\/peixoto.fr\/wp-content\/uploads\/2022\/10\/20220401_132651-16x12.jpg 16w, https:\/\/peixoto.fr\/wp-content\/uploads\/2022\/10\/20220401_132651-600x450.jpg 600w\" sizes=\"(max-width: 2560px) 100vw, 2560px\" \/>\t\t\t\t\t\t\t\t\t\t\t\t\t\t\t<\/div>\n\t\t\t\t<\/div>\n\t\t\t\t\t<\/div>\n\t\t<\/div>\n\t\t\t\t<div class=\"elementor-column elementor-col-50 elementor-inner-column elementor-element elementor-element-3a3f7247\" data-id=\"3a3f7247\" data-element_type=\"column\" data-e-type=\"column\">\n\t\t\t<div class=\"elementor-widget-wrap elementor-element-populated\">\n\t\t\t\t\t\t<div class=\"elementor-element elementor-element-24eee43 elementor-widget elementor-widget-text-editor\" data-id=\"24eee43\" data-element_type=\"widget\" data-e-type=\"widget\" data-widget_type=\"text-editor.default\">\n\t\t\t\t<div class=\"elementor-widget-container\">\n\t\t\t\t\t\t\t\t\t<p>Notre service zone longue s\u00e9lectionne nos sous-traitants selon les crit\u00e8res qui sont appliqu\u00e9s \u00e0 notre propre parc et trouve avec eux la solution d\u2019acheminement la plus pertinente et au meilleur co\u00fbt.<br>Jusqu\u2019\u00e0 la livraison finale, nous veillons \u00e0 la bonne r\u00e9alisation de la prestation.<\/p>\n<p><br>Nous privil\u00e9gions d\u2019abord nos agences ainsi que nos sous-traitant r\u00e9f\u00e9renc\u00e9s avant d\u2019utiliser les bourses de fret.<\/p>\n<p><br>Tous nos v\u00e9hicules sont \u00e9quip\u00e9s d\u2019un syst\u00e8me de g\u00e9olocalisation pour un suivi en temps r\u00e9el.<\/p>\n<p>&nbsp; <br>Nos destinations les plus r\u00e9currentes sont la Belgique, l\u2019Allemagne, l\u2019Italie, l\u2019Espagne, le Portugal.<\/p>\t\t\t\t\t\t\t\t<\/div>\n\t\t\t\t<\/div>\n\t\t\t\t\t<\/div>\n\t\t<\/div>\n\t\t\t\t\t<\/div>\n\t\t<\/section>\n\t\t\t\t<section class=\"elementor-section elementor-inner-section elementor-element elementor-element-2d409881 elementor-section-boxed elementor-section-height-default elementor-section-height-default\" data-id=\"2d409881\" data-element_type=\"section\" data-e-type=\"section\">\n\t\t\t\t\t\t<div class=\"elementor-container elementor-column-gap-default\">\n\t\t\t\t\t<div class=\"elementor-column elementor-col-33 elementor-inner-column elementor-element elementor-element-60406350\" data-id=\"60406350\" data-element_type=\"column\" data-e-type=\"column\">\n\t\t\t<div class=\"elementor-widget-wrap elementor-element-populated\">\n\t\t\t\t\t\t<div class=\"elementor-element elementor-element-43ef6792 elementor-widget elementor-widget-elementskit-blog-posts\" data-id=\"43ef6792\" data-element_type=\"widget\" data-e-type=\"widget\" data-widget_type=\"elementskit-blog-posts.default\">\n\t\t\t\t<div class=\"elementor-widget-container\">\n\t\t\t\t\t<div class=\"ekit-wid-con\" >        <div id=\"post-items--43ef6792\" class=\"row post-items\">\n                <\/div>\n       <\/div>\t\t\t\t<\/div>\n\t\t\t\t<\/div>\n\t\t\t\t\t<\/div>\n\t\t<\/div>\n\t\t\t\t<div class=\"elementor-column elementor-col-33 elementor-inner-column elementor-element elementor-element-4ead6705\" data-id=\"4ead6705\" data-element_type=\"column\" data-e-type=\"column\">\n\t\t\t<div class=\"elementor-widget-wrap elementor-element-populated\">\n\t\t\t\t\t\t<div class=\"elementor-element elementor-element-40039dc elementor-widget elementor-widget-elementskit-blog-posts\" data-id=\"40039dc\" data-element_type=\"widget\" data-e-type=\"widget\" data-widget_type=\"elementskit-blog-posts.default\">\n\t\t\t\t<div class=\"elementor-widget-container\">\n\t\t\t\t\t<div class=\"ekit-wid-con\" >        <div id=\"post-items--40039dc\" class=\"row post-items\">\n                <\/div>\n       <\/div>\t\t\t\t<\/div>\n\t\t\t\t<\/div>\n\t\t\t\t\t<\/div>\n\t\t<\/div>\n\t\t\t\t<div class=\"elementor-column elementor-col-33 elementor-inner-column elementor-element elementor-element-527af039\" data-id=\"527af039\" data-element_type=\"column\" data-e-type=\"column\">\n\t\t\t<div class=\"elementor-widget-wrap elementor-element-populated\">\n\t\t\t\t\t\t<div class=\"elementor-element elementor-element-41c76031 elementor-widget elementor-widget-elementskit-blog-posts\" data-id=\"41c76031\" data-element_type=\"widget\" data-e-type=\"widget\" data-widget_type=\"elementskit-blog-posts.default\">\n\t\t\t\t<div class=\"elementor-widget-container\">\n\t\t\t\t\t<div class=\"ekit-wid-con\" >        <div id=\"post-items--41c76031\" class=\"row post-items\">\n                <\/div>\n       <\/div>\t\t\t\t<\/div>\n\t\t\t\t<\/div>\n\t\t\t\t\t<\/div>\n\t\t<\/div>\n\t\t\t\t\t<\/div>\n\t\t<\/section>\n\t\t\t\t\t<\/div>\n\t\t<\/div>\n\t\t\t\t\t<\/div>\n\t\t<\/section>\n\t\t\t\t<\/div>","protected":false},"excerpt":{"rendered":"<p>Transport de lots national et International Transport de lots national et international Pr\u00e9sentation Toujours sous temp\u00e9rature dirig\u00e9e, le groupe Peixoto fait du transport de lots national et international en compl\u00e9ment de ses lignes r\u00e9guli\u00e8res. En p\u00e9riode de forte activit\u00e9, l\u2019affr\u00e8tement est une solution alternative qui permet de r\u00e9aliser la prestation dans les meilleurs d\u00e9lais et [&hellip;]<\/p>\n","protected":false},"author":2,"featured_media":0,"parent":254,"menu_order":0,"comment_status":"closed","ping_status":"closed","template":"","meta":{"_acf_changed":false,"footnotes":""},"class_list":["post-1272","page","type-page","status-publish","hentry"],"acf":[],"yoast_head":"<!-- This site is optimized with the Yoast SEO plugin v27.6 - https:\/\/yoast.com\/product\/yoast-seo-wordpress\/ -->\n<title>Transport de lots national et International - PEIXOTO<\/title>\n<meta name=\"robots\" content=\"index, follow, max-snippet:-1, max-image-preview:large, max-video-preview:-1\" \/>\n<link rel=\"canonical\" href=\"https:\/\/peixoto.fr\/pt\/nos-metiers\/transport-de-lots-national-et-international\/\" \/>\n<meta property=\"og:locale\" content=\"pt_PT\" \/>\n<meta property=\"og:type\" content=\"article\" \/>\n<meta property=\"og:title\" content=\"Transport de lots national et International - PEIXOTO\" \/>\n<meta property=\"og:description\" content=\"Transport de lots national et International Transport de lots national et international Pr\u00e9sentation Toujours sous temp\u00e9rature dirig\u00e9e, le groupe Peixoto fait du transport de lots national et international en compl\u00e9ment de ses lignes r\u00e9guli\u00e8res. En p\u00e9riode de forte activit\u00e9, l\u2019affr\u00e8tement est une solution alternative qui permet de r\u00e9aliser la prestation dans les meilleurs d\u00e9lais et [&hellip;]\" \/>\n<meta property=\"og:url\" content=\"https:\/\/peixoto.fr\/pt\/nos-metiers\/transport-de-lots-national-et-international\/\" \/>\n<meta property=\"og:site_name\" content=\"PEIXOTO\" \/>\n<meta property=\"article:publisher\" content=\"https:\/\/www.facebook.com\/profile.php?id=100064380831467\" \/>\n<meta property=\"article:modified_time\" content=\"2023-07-19T08:47:49+00:00\" \/>\n<meta property=\"og:image\" content=\"https:\/\/peixoto.fr\/wp-content\/uploads\/2022\/11\/Carte-zone-longeu.jpg\" \/>\n<meta name=\"twitter:card\" content=\"summary_large_image\" \/>\n<meta name=\"twitter:label1\" content=\"Tempo estimado de leitura\" \/>\n\t<meta name=\"twitter:data1\" content=\"2 minutos\" \/>\n<script type=\"application\/ld+json\" class=\"yoast-schema-graph\">{\"@context\":\"https:\\\/\\\/schema.org\",\"@graph\":[{\"@type\":\"WebPage\",\"@id\":\"https:\\\/\\\/peixoto.fr\\\/nos-metiers\\\/transport-de-lots-national-et-international\\\/\",\"url\":\"https:\\\/\\\/peixoto.fr\\\/nos-metiers\\\/transport-de-lots-national-et-international\\\/\",\"name\":\"Transport de lots national et International - PEIXOTO\",\"isPartOf\":{\"@id\":\"https:\\\/\\\/peixoto.fr\\\/#website\"},\"primaryImageOfPage\":{\"@id\":\"https:\\\/\\\/peixoto.fr\\\/nos-metiers\\\/transport-de-lots-national-et-international\\\/#primaryimage\"},\"image\":{\"@id\":\"https:\\\/\\\/peixoto.fr\\\/nos-metiers\\\/transport-de-lots-national-et-international\\\/#primaryimage\"},\"thumbnailUrl\":\"https:\\\/\\\/peixoto.fr\\\/wp-content\\\/uploads\\\/2022\\\/11\\\/Carte-zone-longeu.jpg\",\"datePublished\":\"2022-05-10T15:41:03+00:00\",\"dateModified\":\"2023-07-19T08:47:49+00:00\",\"breadcrumb\":{\"@id\":\"https:\\\/\\\/peixoto.fr\\\/nos-metiers\\\/transport-de-lots-national-et-international\\\/#breadcrumb\"},\"inLanguage\":\"pt-PT\",\"potentialAction\":[{\"@type\":\"ReadAction\",\"target\":[\"https:\\\/\\\/peixoto.fr\\\/nos-metiers\\\/transport-de-lots-national-et-international\\\/\"]}]},{\"@type\":\"ImageObject\",\"inLanguage\":\"pt-PT\",\"@id\":\"https:\\\/\\\/peixoto.fr\\\/nos-metiers\\\/transport-de-lots-national-et-international\\\/#primaryimage\",\"url\":\"https:\\\/\\\/peixoto.fr\\\/wp-content\\\/uploads\\\/2022\\\/11\\\/Carte-zone-longeu.jpg\",\"contentUrl\":\"https:\\\/\\\/peixoto.fr\\\/wp-content\\\/uploads\\\/2022\\\/11\\\/Carte-zone-longeu.jpg\"},{\"@type\":\"BreadcrumbList\",\"@id\":\"https:\\\/\\\/peixoto.fr\\\/nos-metiers\\\/transport-de-lots-national-et-international\\\/#breadcrumb\",\"itemListElement\":[{\"@type\":\"ListItem\",\"position\":1,\"name\":\"Accueil\",\"item\":\"https:\\\/\\\/peixoto.fr\\\/\"},{\"@type\":\"ListItem\",\"position\":2,\"name\":\"Nos m\u00e9tiers\",\"item\":\"https:\\\/\\\/peixoto.fr\\\/nos-metiers\\\/\"},{\"@type\":\"ListItem\",\"position\":3,\"name\":\"Transport de lots national et International\"}]},{\"@type\":\"WebSite\",\"@id\":\"https:\\\/\\\/peixoto.fr\\\/#website\",\"url\":\"https:\\\/\\\/peixoto.fr\\\/\",\"name\":\"PEIXOTO\",\"description\":\"Site WEB du Groupe PEIXOTO\",\"publisher\":{\"@id\":\"https:\\\/\\\/peixoto.fr\\\/#organization\"},\"potentialAction\":[{\"@type\":\"SearchAction\",\"target\":{\"@type\":\"EntryPoint\",\"urlTemplate\":\"https:\\\/\\\/peixoto.fr\\\/?s={search_term_string}\"},\"query-input\":{\"@type\":\"PropertyValueSpecification\",\"valueRequired\":true,\"valueName\":\"search_term_string\"}}],\"inLanguage\":\"pt-PT\"},{\"@type\":\"Organization\",\"@id\":\"https:\\\/\\\/peixoto.fr\\\/#organization\",\"name\":\"PEIXOTO\",\"url\":\"https:\\\/\\\/peixoto.fr\\\/\",\"logo\":{\"@type\":\"ImageObject\",\"inLanguage\":\"pt-PT\",\"@id\":\"https:\\\/\\\/peixoto.fr\\\/#\\\/schema\\\/logo\\\/image\\\/\",\"url\":\"https:\\\/\\\/peixoto.fr\\\/wp-content\\\/uploads\\\/2022\\\/05\\\/logoPEIXOTO-declinaison-texte-bleu-degrad-02.png\",\"contentUrl\":\"https:\\\/\\\/peixoto.fr\\\/wp-content\\\/uploads\\\/2022\\\/05\\\/logoPEIXOTO-declinaison-texte-bleu-degrad-02.png\",\"width\":2442,\"height\":776,\"caption\":\"PEIXOTO\"},\"image\":{\"@id\":\"https:\\\/\\\/peixoto.fr\\\/#\\\/schema\\\/logo\\\/image\\\/\"},\"sameAs\":[\"https:\\\/\\\/www.facebook.com\\\/profile.php?id=100064380831467\",\"https:\\\/\\\/www.instagram.com\\\/groupepeixoto\\\/?hl=fr\",\"https:\\\/\\\/www.linkedin.com\\\/company\\\/sarl-transports-peixoto-et-fils\\\/\"]}]}<\/script>\n<!-- \/ Yoast SEO plugin. -->","yoast_head_json":{"title":"Transport de lots national et International - PEIXOTO","robots":{"index":"index","follow":"follow","max-snippet":"max-snippet:-1","max-image-preview":"max-image-preview:large","max-video-preview":"max-video-preview:-1"},"canonical":"https:\/\/peixoto.fr\/pt\/nos-metiers\/transport-de-lots-national-et-international\/","og_locale":"pt_PT","og_type":"article","og_title":"Transport de lots national et International - PEIXOTO","og_description":"Transport de lots national et International Transport de lots national et international Pr\u00e9sentation Toujours sous temp\u00e9rature dirig\u00e9e, le groupe Peixoto fait du transport de lots national et international en compl\u00e9ment de ses lignes r\u00e9guli\u00e8res. En p\u00e9riode de forte activit\u00e9, l\u2019affr\u00e8tement est une solution alternative qui permet de r\u00e9aliser la prestation dans les meilleurs d\u00e9lais et [&hellip;]","og_url":"https:\/\/peixoto.fr\/pt\/nos-metiers\/transport-de-lots-national-et-international\/","og_site_name":"PEIXOTO","article_publisher":"https:\/\/www.facebook.com\/profile.php?id=100064380831467","article_modified_time":"2023-07-19T08:47:49+00:00","og_image":[{"url":"https:\/\/peixoto.fr\/wp-content\/uploads\/2022\/11\/Carte-zone-longeu.jpg","type":"","width":"","height":""}],"twitter_card":"summary_large_image","twitter_misc":{"Tempo estimado de leitura":"2 minutos"},"schema":{"@context":"https:\/\/schema.org","@graph":[{"@type":"WebPage","@id":"https:\/\/peixoto.fr\/nos-metiers\/transport-de-lots-national-et-international\/","url":"https:\/\/peixoto.fr\/nos-metiers\/transport-de-lots-national-et-international\/","name":"Transport de lots national et International - PEIXOTO","isPartOf":{"@id":"https:\/\/peixoto.fr\/#website"},"primaryImageOfPage":{"@id":"https:\/\/peixoto.fr\/nos-metiers\/transport-de-lots-national-et-international\/#primaryimage"},"image":{"@id":"https:\/\/peixoto.fr\/nos-metiers\/transport-de-lots-national-et-international\/#primaryimage"},"thumbnailUrl":"https:\/\/peixoto.fr\/wp-content\/uploads\/2022\/11\/Carte-zone-longeu.jpg","datePublished":"2022-05-10T15:41:03+00:00","dateModified":"2023-07-19T08:47:49+00:00","breadcrumb":{"@id":"https:\/\/peixoto.fr\/nos-metiers\/transport-de-lots-national-et-international\/#breadcrumb"},"inLanguage":"pt-PT","potentialAction":[{"@type":"ReadAction","target":["https:\/\/peixoto.fr\/nos-metiers\/transport-de-lots-national-et-international\/"]}]},{"@type":"ImageObject","inLanguage":"pt-PT","@id":"https:\/\/peixoto.fr\/nos-metiers\/transport-de-lots-national-et-international\/#primaryimage","url":"https:\/\/peixoto.fr\/wp-content\/uploads\/2022\/11\/Carte-zone-longeu.jpg","contentUrl":"https:\/\/peixoto.fr\/wp-content\/uploads\/2022\/11\/Carte-zone-longeu.jpg"},{"@type":"BreadcrumbList","@id":"https:\/\/peixoto.fr\/nos-metiers\/transport-de-lots-national-et-international\/#breadcrumb","itemListElement":[{"@type":"ListItem","position":1,"name":"Accueil","item":"https:\/\/peixoto.fr\/"},{"@type":"ListItem","position":2,"name":"Nos m\u00e9tiers","item":"https:\/\/peixoto.fr\/nos-metiers\/"},{"@type":"ListItem","position":3,"name":"Transport de lots national et International"}]},{"@type":"WebSite","@id":"https:\/\/peixoto.fr\/#website","url":"https:\/\/peixoto.fr\/","name":"PEIXOTO","description":"Site WEB du Groupe PEIXOTO","publisher":{"@id":"https:\/\/peixoto.fr\/#organization"},"potentialAction":[{"@type":"SearchAction","target":{"@type":"EntryPoint","urlTemplate":"https:\/\/peixoto.fr\/?s={search_term_string}"},"query-input":{"@type":"PropertyValueSpecification","valueRequired":true,"valueName":"search_term_string"}}],"inLanguage":"pt-PT"},{"@type":"Organization","@id":"https:\/\/peixoto.fr\/#organization","name":"PEIXOTO","url":"https:\/\/peixoto.fr\/","logo":{"@type":"ImageObject","inLanguage":"pt-PT","@id":"https:\/\/peixoto.fr\/#\/schema\/logo\/image\/","url":"https:\/\/peixoto.fr\/wp-content\/uploads\/2022\/05\/logoPEIXOTO-declinaison-texte-bleu-degrad-02.png","contentUrl":"https:\/\/peixoto.fr\/wp-content\/uploads\/2022\/05\/logoPEIXOTO-declinaison-texte-bleu-degrad-02.png","width":2442,"height":776,"caption":"PEIXOTO"},"image":{"@id":"https:\/\/peixoto.fr\/#\/schema\/logo\/image\/"},"sameAs":["https:\/\/www.facebook.com\/profile.php?id=100064380831467","https:\/\/www.instagram.com\/groupepeixoto\/?hl=fr","https:\/\/www.linkedin.com\/company\/sarl-transports-peixoto-et-fils\/"]}]}},"_links":{"self":[{"href":"https:\/\/peixoto.fr\/pt\/wp-json\/wp\/v2\/pages\/1272","targetHints":{"allow":["GET"]}}],"collection":[{"href":"https:\/\/peixoto.fr\/pt\/wp-json\/wp\/v2\/pages"}],"about":[{"href":"https:\/\/peixoto.fr\/pt\/wp-json\/wp\/v2\/types\/page"}],"author":[{"embeddable":true,"href":"https:\/\/peixoto.fr\/pt\/wp-json\/wp\/v2\/users\/2"}],"replies":[{"embeddable":true,"href":"https:\/\/peixoto.fr\/pt\/wp-json\/wp\/v2\/comments?post=1272"}],"version-history":[{"count":19,"href":"https:\/\/peixoto.fr\/pt\/wp-json\/wp\/v2\/pages\/1272\/revisions"}],"predecessor-version":[{"id":3286,"href":"https:\/\/peixoto.fr\/pt\/wp-json\/wp\/v2\/pages\/1272\/revisions\/3286"}],"up":[{"embeddable":true,"href":"https:\/\/peixoto.fr\/pt\/wp-json\/wp\/v2\/pages\/254"}],"wp:attachment":[{"href":"https:\/\/peixoto.fr\/pt\/wp-json\/wp\/v2\/media?parent=1272"}],"curies":[{"name":"wp","href":"https:\/\/api.w.org\/{rel}","templated":true}]}}