{"id":901,"date":"2022-03-14T16:52:21","date_gmt":"2022-03-14T15:52:21","guid":{"rendered":"https:\/\/peixoto.oceanville.fr\/?page_id=901"},"modified":"2023-07-19T10:42:09","modified_gmt":"2023-07-19T08:42:09","slug":"location","status":"publish","type":"page","link":"https:\/\/peixoto.fr\/en\/nos-metiers\/location\/","title":{"rendered":"Location v\u00e9hicules avec conducteur"},"content":{"rendered":"<div data-elementor-type=\"wp-page\" data-elementor-id=\"901\" class=\"elementor elementor-901\" data-elementor-post-type=\"page\">\n\t\t\t\t\t\t<section class=\"elementor-section elementor-top-section elementor-element elementor-element-4a8014e5 elementor-section-boxed elementor-section-height-default elementor-section-height-default\" data-id=\"4a8014e5\" data-element_type=\"section\" data-e-type=\"section\" data-settings=\"{&quot;background_background&quot;:&quot;classic&quot;}\">\n\t\t\t\t\t\t\t<div class=\"elementor-background-overlay\"><\/div>\n\t\t\t\t\t\t\t<div class=\"elementor-container elementor-column-gap-default\">\n\t\t\t\t\t<div class=\"elementor-column elementor-col-100 elementor-top-column elementor-element elementor-element-dc7a31c\" data-id=\"dc7a31c\" data-element_type=\"column\" data-e-type=\"column\">\n\t\t\t<div class=\"elementor-widget-wrap elementor-element-populated\">\n\t\t\t\t\t\t<div class=\"elementor-element elementor-element-6a9b4970 elementor-widget elementor-widget-heading\" data-id=\"6a9b4970\" data-element_type=\"widget\" data-e-type=\"widget\" data-widget_type=\"heading.default\">\n\t\t\t\t<div class=\"elementor-widget-container\">\n\t\t\t\t\t<h2 class=\"elementor-heading-title elementor-size-default\">Location v\u00e9hicules avec conducteur<\/h2>\t\t\t\t<\/div>\n\t\t\t\t<\/div>\n\t\t\t\t\t<\/div>\n\t\t<\/div>\n\t\t\t\t\t<\/div>\n\t\t<\/section>\n\t\t\t\t<section class=\"elementor-section elementor-top-section elementor-element elementor-element-17c5574a elementor-section-boxed elementor-section-height-default elementor-section-height-default\" data-id=\"17c5574a\" data-element_type=\"section\" data-e-type=\"section\">\n\t\t\t\t\t\t<div class=\"elementor-container elementor-column-gap-default\">\n\t\t\t\t\t<div class=\"elementor-column elementor-col-100 elementor-top-column elementor-element elementor-element-b8e3d6\" data-id=\"b8e3d6\" data-element_type=\"column\" data-e-type=\"column\">\n\t\t\t<div class=\"elementor-widget-wrap elementor-element-populated\">\n\t\t\t\t\t\t<div class=\"elementor-element elementor-element-a8af1d9 elementor-widget elementor-widget-elementskit-heading\" data-id=\"a8af1d9\" data-element_type=\"widget\" data-e-type=\"widget\" data-widget_type=\"elementskit-heading.default\">\n\t\t\t\t<div class=\"elementor-widget-container\">\n\t\t\t\t\t<div class=\"ekit-wid-con\" ><div class=\"ekit-heading elementskit-section-title-wraper text_left   ekit_heading_tablet-   ekit_heading_mobile-\"><div class=\"ekit_heading_separetor_wraper ekit_heading_elementskit-border-divider elementskit-style-long\"><div class=\"elementskit-border-divider elementskit-style-long\"><\/div><\/div><h2 class=\"ekit-heading--title elementskit-section-title\">Location v\u00e9hicule avec conducteur<\/h2><\/div><\/div>\t\t\t\t<\/div>\n\t\t\t\t<\/div>\n\t\t\t\t<div class=\"elementor-element elementor-element-5ce9df20 elementor-widget elementor-widget-heading\" data-id=\"5ce9df20\" data-element_type=\"widget\" data-e-type=\"widget\" data-widget_type=\"heading.default\">\n\t\t\t\t<div class=\"elementor-widget-container\">\n\t\t\t\t\t<h2 class=\"elementor-heading-title elementor-size-default\">Presentation<\/h2>\t\t\t\t<\/div>\n\t\t\t\t<\/div>\n\t\t\t\t<section class=\"elementor-section elementor-inner-section elementor-element elementor-element-1d46e643 elementor-section-boxed elementor-section-height-default elementor-section-height-default\" data-id=\"1d46e643\" data-element_type=\"section\" data-e-type=\"section\">\n\t\t\t\t\t\t<div class=\"elementor-container elementor-column-gap-default\">\n\t\t\t\t\t<div class=\"elementor-column elementor-col-50 elementor-inner-column elementor-element elementor-element-4d69bb30\" data-id=\"4d69bb30\" data-element_type=\"column\" data-e-type=\"column\">\n\t\t\t<div class=\"elementor-widget-wrap elementor-element-populated\">\n\t\t\t\t\t\t<div class=\"elementor-element elementor-element-2aa0bda elementor-widget elementor-widget-text-editor\" data-id=\"2aa0bda\" data-element_type=\"widget\" data-e-type=\"widget\" data-widget_type=\"text-editor.default\">\n\t\t\t\t<div class=\"elementor-widget-container\">\n\t\t\t\t\t\t\t\t\t<p>Le groupe Peixoto vous propose une prestation sur mesure, adapt\u00e9e \u00e0 vos besoins, qu\u2019ils soient permanents ou saisonniers. Nous vous garantissons un service optimal, consacr\u00e9 \u00e0 100% \u00e0 votre entreprise.<\/p>\t\t\t\t\t\t\t\t<\/div>\n\t\t\t\t<\/div>\n\t\t\t\t\t<\/div>\n\t\t<\/div>\n\t\t\t\t<div class=\"elementor-column elementor-col-50 elementor-inner-column elementor-element elementor-element-5accb733\" data-id=\"5accb733\" data-element_type=\"column\" data-e-type=\"column\">\n\t\t\t<div class=\"elementor-widget-wrap elementor-element-populated\">\n\t\t\t\t\t\t<div class=\"elementor-element elementor-element-6b1a1a0e elementor-widget__width-initial elementor-widget-mobile__width-initial elementor-widget elementor-widget-image\" data-id=\"6b1a1a0e\" data-element_type=\"widget\" data-e-type=\"widget\" data-widget_type=\"image.default\">\n\t\t\t\t<div class=\"elementor-widget-container\">\n\t\t\t\t\t\t\t\t\t\t\t\t\t\t\t<img decoding=\"async\" src=\"https:\/\/peixoto.fr\/wp-content\/uploads\/2022\/05\/trucks-heavy-traffic.jpg\" title=\"Trucks Heavy Traffic\" alt=\"Trucks Heavy Traffic\" loading=\"lazy\" \/>\t\t\t\t\t\t\t\t\t\t\t\t\t\t\t<\/div>\n\t\t\t\t<\/div>\n\t\t\t\t\t<\/div>\n\t\t<\/div>\n\t\t\t\t\t<\/div>\n\t\t<\/section>\n\t\t\t\t<div class=\"elementor-element elementor-element-2d54579a elementor-widget elementor-widget-heading\" data-id=\"2d54579a\" data-element_type=\"widget\" data-e-type=\"widget\" data-widget_type=\"heading.default\">\n\t\t\t\t<div class=\"elementor-widget-container\">\n\t\t\t\t\t<h2 class=\"elementor-heading-title elementor-size-default\">How it works ?<\/h2>\t\t\t\t<\/div>\n\t\t\t\t<\/div>\n\t\t\t\t<section class=\"elementor-section elementor-inner-section elementor-element elementor-element-2db0c2b elementor-reverse-tablet elementor-reverse-mobile elementor-section-boxed elementor-section-height-default elementor-section-height-default\" data-id=\"2db0c2b\" data-element_type=\"section\" data-e-type=\"section\">\n\t\t\t\t\t\t<div class=\"elementor-container elementor-column-gap-default\">\n\t\t\t\t\t<div class=\"elementor-column elementor-col-50 elementor-inner-column elementor-element elementor-element-4816093e elementor-hidden-phone\" data-id=\"4816093e\" data-element_type=\"column\" data-e-type=\"column\">\n\t\t\t<div class=\"elementor-widget-wrap elementor-element-populated\">\n\t\t\t\t\t\t<div class=\"elementor-element elementor-element-44efb290 elementor-widget__width-initial elementor-hidden-phone elementor-widget elementor-widget-image\" data-id=\"44efb290\" data-element_type=\"widget\" data-e-type=\"widget\" data-widget_type=\"image.default\">\n\t\t\t\t<div class=\"elementor-widget-container\">\n\t\t\t\t\t\t\t\t\t\t\t\t\t\t\t<img fetchpriority=\"high\" decoding=\"async\" width=\"1920\" height=\"2560\" src=\"https:\/\/peixoto.fr\/wp-content\/uploads\/2022\/10\/20220614_194125-scaled.jpg\" class=\"attachment-full size-full wp-image-1937\" alt=\"\" srcset=\"https:\/\/peixoto.fr\/wp-content\/uploads\/2022\/10\/20220614_194125-scaled.jpg 1920w, https:\/\/peixoto.fr\/wp-content\/uploads\/2022\/10\/20220614_194125-225x300.jpg 225w, https:\/\/peixoto.fr\/wp-content\/uploads\/2022\/10\/20220614_194125-768x1024.jpg 768w, https:\/\/peixoto.fr\/wp-content\/uploads\/2022\/10\/20220614_194125-1152x1536.jpg 1152w, https:\/\/peixoto.fr\/wp-content\/uploads\/2022\/10\/20220614_194125-1536x2048.jpg 1536w, https:\/\/peixoto.fr\/wp-content\/uploads\/2022\/10\/20220614_194125-9x12.jpg 9w\" sizes=\"(max-width: 1920px) 100vw, 1920px\" \/>\t\t\t\t\t\t\t\t\t\t\t\t\t\t\t<\/div>\n\t\t\t\t<\/div>\n\t\t\t\t<div class=\"elementor-element elementor-element-17dfccaa elementor-widget__width-initial elementor-absolute elementor-widget-tablet__width-initial elementor-widget-mobile__width-initial elementor-hidden-phone elementor-widget elementor-widget-image\" data-id=\"17dfccaa\" data-element_type=\"widget\" data-e-type=\"widget\" data-settings=\"{&quot;_position&quot;:&quot;absolute&quot;}\" data-widget_type=\"image.default\">\n\t\t\t\t<div class=\"elementor-widget-container\">\n\t\t\t\t\t\t\t\t\t\t\t\t\t\t\t<img decoding=\"async\" width=\"2560\" height=\"1796\" src=\"https:\/\/peixoto.fr\/wp-content\/uploads\/2022\/10\/Inked20220809_150929-scaled-e1715092936815.jpg\" class=\"attachment-full size-full wp-image-2014\" alt=\"\" srcset=\"https:\/\/peixoto.fr\/wp-content\/uploads\/2022\/10\/Inked20220809_150929-scaled-e1715092936815.jpg 2560w, https:\/\/peixoto.fr\/wp-content\/uploads\/2022\/10\/Inked20220809_150929-scaled-e1715092936815-300x210.jpg 300w, https:\/\/peixoto.fr\/wp-content\/uploads\/2022\/10\/Inked20220809_150929-scaled-e1715092936815-1024x718.jpg 1024w, https:\/\/peixoto.fr\/wp-content\/uploads\/2022\/10\/Inked20220809_150929-scaled-e1715092936815-768x539.jpg 768w, https:\/\/peixoto.fr\/wp-content\/uploads\/2022\/10\/Inked20220809_150929-scaled-e1715092936815-1536x1078.jpg 1536w, https:\/\/peixoto.fr\/wp-content\/uploads\/2022\/10\/Inked20220809_150929-scaled-e1715092936815-2048x1437.jpg 2048w, https:\/\/peixoto.fr\/wp-content\/uploads\/2022\/10\/Inked20220809_150929-scaled-e1715092936815-18x12.jpg 18w\" sizes=\"(max-width: 2560px) 100vw, 2560px\" \/>\t\t\t\t\t\t\t\t\t\t\t\t\t\t\t<\/div>\n\t\t\t\t<\/div>\n\t\t\t\t\t<\/div>\n\t\t<\/div>\n\t\t\t\t<div class=\"elementor-column elementor-col-50 elementor-inner-column elementor-element elementor-element-3a3f7247\" data-id=\"3a3f7247\" data-element_type=\"column\" data-e-type=\"column\">\n\t\t\t<div class=\"elementor-widget-wrap elementor-element-populated\">\n\t\t\t\t\t\t<div class=\"elementor-element elementor-element-24eee43 elementor-widget elementor-widget-text-editor\" data-id=\"24eee43\" data-element_type=\"widget\" data-e-type=\"widget\" data-widget_type=\"text-editor.default\">\n\t\t\t\t<div class=\"elementor-widget-container\">\n\t\t\t\t\t\t\t\t\t<p>Pour r\u00e9pondre au mieux \u00e0 vos attentes, nous mettons en place des moyens adapt\u00e9s \u00e0 vos besoins avec un exploitant d\u00e9di\u00e9. Ainsi vous aurez un interlocuteur privil\u00e9gi\u00e9 pendant toute la dur\u00e9e de votre contrat. Ce service de proximit\u00e9 est un plus, et permettra de r\u00e9pondre \u00e0 vos interrogations dans les plus brefs d\u00e9lais.&nbsp;<\/p><p>A ceci ajoutons la formation de nos conducteurs aux sp\u00e9cificit\u00e9s de votre activit\u00e9 ainsi que celles de vos clients. Notre formation interne \u00e0 l\u2019aide de conducteurs r\u00e9f\u00e9rents permet aujourd\u2019hui de garantir une continuit\u00e9 de service. Ces points contribueront \u00e0 coup s\u00fbr \u00e0 tisser une vraie relation, bas\u00e9e sur la confiance.<\/p>\n<p>Nous disposons d\u2019une flotte r\u00e9cente qui r\u00e9pond aux nouveaux enjeux \u00e9cologiques, adapt\u00e9e \u00e0 tout environnement, et pouvant acc\u00e9der aux diff\u00e9rentes zones \u00e0 faible \u00e9mission. Nos v\u00e9hicules sauront immanquablement s\u2019adapter \u00e0 votre activit\u00e9. De plus plusieurs possibilit\u00e9s s\u2019offrent \u00e0 vous, telles que le flocage de nos v\u00e9hicules \u00e0 votre marque ou \u00e0 vos couleurs ou bien encore la reprise directe de votre parc.<\/p>\t\t\t\t\t\t\t\t<\/div>\n\t\t\t\t<\/div>\n\t\t\t\t\t<\/div>\n\t\t<\/div>\n\t\t\t\t\t<\/div>\n\t\t<\/section>\n\t\t\t\t<section class=\"elementor-section elementor-inner-section elementor-element elementor-element-2d409881 elementor-section-boxed elementor-section-height-default elementor-section-height-default\" data-id=\"2d409881\" data-element_type=\"section\" data-e-type=\"section\">\n\t\t\t\t\t\t<div class=\"elementor-container elementor-column-gap-default\">\n\t\t\t\t\t<div class=\"elementor-column elementor-col-33 elementor-inner-column elementor-element elementor-element-60406350\" data-id=\"60406350\" data-element_type=\"column\" data-e-type=\"column\">\n\t\t\t<div class=\"elementor-widget-wrap elementor-element-populated\">\n\t\t\t\t\t\t<div class=\"elementor-element elementor-element-43ef6792 elementor-widget elementor-widget-elementskit-blog-posts\" data-id=\"43ef6792\" data-element_type=\"widget\" data-e-type=\"widget\" data-widget_type=\"elementskit-blog-posts.default\">\n\t\t\t\t<div class=\"elementor-widget-container\">\n\t\t\t\t\t<div class=\"ekit-wid-con\" >        <div id=\"post-items--43ef6792\" class=\"row post-items\">\n                <\/div>\n       <\/div>\t\t\t\t<\/div>\n\t\t\t\t<\/div>\n\t\t\t\t\t<\/div>\n\t\t<\/div>\n\t\t\t\t<div class=\"elementor-column elementor-col-33 elementor-inner-column elementor-element elementor-element-4ead6705\" data-id=\"4ead6705\" data-element_type=\"column\" data-e-type=\"column\">\n\t\t\t<div class=\"elementor-widget-wrap elementor-element-populated\">\n\t\t\t\t\t\t<div class=\"elementor-element elementor-element-40039dc elementor-widget elementor-widget-elementskit-blog-posts\" data-id=\"40039dc\" data-element_type=\"widget\" data-e-type=\"widget\" data-widget_type=\"elementskit-blog-posts.default\">\n\t\t\t\t<div class=\"elementor-widget-container\">\n\t\t\t\t\t<div class=\"ekit-wid-con\" >        <div id=\"post-items--40039dc\" class=\"row post-items\">\n                <\/div>\n       <\/div>\t\t\t\t<\/div>\n\t\t\t\t<\/div>\n\t\t\t\t\t<\/div>\n\t\t<\/div>\n\t\t\t\t<div class=\"elementor-column elementor-col-33 elementor-inner-column elementor-element elementor-element-527af039\" data-id=\"527af039\" data-element_type=\"column\" data-e-type=\"column\">\n\t\t\t<div class=\"elementor-widget-wrap elementor-element-populated\">\n\t\t\t\t\t\t<div class=\"elementor-element elementor-element-41c76031 elementor-widget elementor-widget-elementskit-blog-posts\" data-id=\"41c76031\" data-element_type=\"widget\" data-e-type=\"widget\" data-widget_type=\"elementskit-blog-posts.default\">\n\t\t\t\t<div class=\"elementor-widget-container\">\n\t\t\t\t\t<div class=\"ekit-wid-con\" >        <div id=\"post-items--41c76031\" class=\"row post-items\">\n                <\/div>\n       <\/div>\t\t\t\t<\/div>\n\t\t\t\t<\/div>\n\t\t\t\t\t<\/div>\n\t\t<\/div>\n\t\t\t\t\t<\/div>\n\t\t<\/section>\n\t\t\t\t\t<\/div>\n\t\t<\/div>\n\t\t\t\t\t<\/div>\n\t\t<\/section>\n\t\t\t\t<\/div>","protected":false},"excerpt":{"rendered":"<p>Location v\u00e9hicules avec conducteur Location v\u00e9hicule avec conducteur Pr\u00e9sentation Le groupe Peixoto vous propose une prestation sur mesure, adapt\u00e9e \u00e0 vos besoins, qu\u2019ils soient permanents ou saisonniers. Nous vous garantissons un service optimal, consacr\u00e9 \u00e0 100% \u00e0 votre entreprise. Comment \u00e7a marche ? Pour r\u00e9pondre au mieux \u00e0 vos attentes, nous mettons en place des [&hellip;]<\/p>\n","protected":false},"author":2,"featured_media":0,"parent":254,"menu_order":0,"comment_status":"closed","ping_status":"closed","template":"","meta":{"_acf_changed":false,"footnotes":""},"class_list":["post-901","page","type-page","status-publish","hentry"],"acf":[],"yoast_head":"<!-- This site is optimized with the Yoast SEO plugin v27.4 - https:\/\/yoast.com\/product\/yoast-seo-wordpress\/ -->\n<title>Location v\u00e9hicules avec conducteur - PEIXOTO<\/title>\n<meta name=\"robots\" content=\"index, follow, max-snippet:-1, max-image-preview:large, max-video-preview:-1\" \/>\n<link rel=\"canonical\" href=\"https:\/\/peixoto.fr\/en\/nos-metiers\/location\/\" \/>\n<meta property=\"og:locale\" content=\"en_GB\" \/>\n<meta property=\"og:type\" content=\"article\" \/>\n<meta property=\"og:title\" content=\"Location v\u00e9hicules avec conducteur - PEIXOTO\" \/>\n<meta property=\"og:description\" content=\"Location v\u00e9hicules avec conducteur Location v\u00e9hicule avec conducteur Pr\u00e9sentation Le groupe Peixoto vous propose une prestation sur mesure, adapt\u00e9e \u00e0 vos besoins, qu\u2019ils soient permanents ou saisonniers. Nous vous garantissons un service optimal, consacr\u00e9 \u00e0 100% \u00e0 votre entreprise. Comment \u00e7a marche ? Pour r\u00e9pondre au mieux \u00e0 vos attentes, nous mettons en place des [&hellip;]\" \/>\n<meta property=\"og:url\" content=\"https:\/\/peixoto.fr\/en\/nos-metiers\/location\/\" \/>\n<meta property=\"og:site_name\" content=\"PEIXOTO\" \/>\n<meta property=\"article:publisher\" content=\"https:\/\/www.facebook.com\/profile.php?id=100064380831467\" \/>\n<meta property=\"article:modified_time\" content=\"2023-07-19T08:42:09+00:00\" \/>\n<meta property=\"og:image\" content=\"https:\/\/peixoto.fr\/wp-content\/uploads\/2022\/05\/trucks-heavy-traffic.jpg\" \/>\n<meta name=\"twitter:card\" content=\"summary_large_image\" \/>\n<meta name=\"twitter:label1\" content=\"Estimated reading time\" \/>\n\t<meta name=\"twitter:data1\" content=\"2 minutes\" \/>\n<script type=\"application\/ld+json\" class=\"yoast-schema-graph\">{\"@context\":\"https:\\\/\\\/schema.org\",\"@graph\":[{\"@type\":\"WebPage\",\"@id\":\"https:\\\/\\\/peixoto.fr\\\/nos-metiers\\\/location\\\/\",\"url\":\"https:\\\/\\\/peixoto.fr\\\/nos-metiers\\\/location\\\/\",\"name\":\"Location v\u00e9hicules avec conducteur - PEIXOTO\",\"isPartOf\":{\"@id\":\"https:\\\/\\\/peixoto.fr\\\/#website\"},\"primaryImageOfPage\":{\"@id\":\"https:\\\/\\\/peixoto.fr\\\/nos-metiers\\\/location\\\/#primaryimage\"},\"image\":{\"@id\":\"https:\\\/\\\/peixoto.fr\\\/nos-metiers\\\/location\\\/#primaryimage\"},\"thumbnailUrl\":\"https:\\\/\\\/peixoto.fr\\\/wp-content\\\/uploads\\\/2022\\\/05\\\/trucks-heavy-traffic.jpg\",\"datePublished\":\"2022-03-14T15:52:21+00:00\",\"dateModified\":\"2023-07-19T08:42:09+00:00\",\"breadcrumb\":{\"@id\":\"https:\\\/\\\/peixoto.fr\\\/nos-metiers\\\/location\\\/#breadcrumb\"},\"inLanguage\":\"en-GB\",\"potentialAction\":[{\"@type\":\"ReadAction\",\"target\":[\"https:\\\/\\\/peixoto.fr\\\/nos-metiers\\\/location\\\/\"]}]},{\"@type\":\"ImageObject\",\"inLanguage\":\"en-GB\",\"@id\":\"https:\\\/\\\/peixoto.fr\\\/nos-metiers\\\/location\\\/#primaryimage\",\"url\":\"https:\\\/\\\/peixoto.fr\\\/wp-content\\\/uploads\\\/2022\\\/05\\\/trucks-heavy-traffic.jpg\",\"contentUrl\":\"https:\\\/\\\/peixoto.fr\\\/wp-content\\\/uploads\\\/2022\\\/05\\\/trucks-heavy-traffic.jpg\"},{\"@type\":\"BreadcrumbList\",\"@id\":\"https:\\\/\\\/peixoto.fr\\\/nos-metiers\\\/location\\\/#breadcrumb\",\"itemListElement\":[{\"@type\":\"ListItem\",\"position\":1,\"name\":\"Accueil\",\"item\":\"https:\\\/\\\/peixoto.fr\\\/\"},{\"@type\":\"ListItem\",\"position\":2,\"name\":\"Nos m\u00e9tiers\",\"item\":\"https:\\\/\\\/peixoto.fr\\\/nos-metiers\\\/\"},{\"@type\":\"ListItem\",\"position\":3,\"name\":\"Location v\u00e9hicules avec conducteur\"}]},{\"@type\":\"WebSite\",\"@id\":\"https:\\\/\\\/peixoto.fr\\\/#website\",\"url\":\"https:\\\/\\\/peixoto.fr\\\/\",\"name\":\"PEIXOTO\",\"description\":\"Site WEB du Groupe PEIXOTO\",\"publisher\":{\"@id\":\"https:\\\/\\\/peixoto.fr\\\/#organization\"},\"potentialAction\":[{\"@type\":\"SearchAction\",\"target\":{\"@type\":\"EntryPoint\",\"urlTemplate\":\"https:\\\/\\\/peixoto.fr\\\/?s={search_term_string}\"},\"query-input\":{\"@type\":\"PropertyValueSpecification\",\"valueRequired\":true,\"valueName\":\"search_term_string\"}}],\"inLanguage\":\"en-GB\"},{\"@type\":\"Organization\",\"@id\":\"https:\\\/\\\/peixoto.fr\\\/#organization\",\"name\":\"PEIXOTO\",\"url\":\"https:\\\/\\\/peixoto.fr\\\/\",\"logo\":{\"@type\":\"ImageObject\",\"inLanguage\":\"en-GB\",\"@id\":\"https:\\\/\\\/peixoto.fr\\\/#\\\/schema\\\/logo\\\/image\\\/\",\"url\":\"https:\\\/\\\/peixoto.fr\\\/wp-content\\\/uploads\\\/2022\\\/05\\\/logoPEIXOTO-declinaison-texte-bleu-degrad-02.png\",\"contentUrl\":\"https:\\\/\\\/peixoto.fr\\\/wp-content\\\/uploads\\\/2022\\\/05\\\/logoPEIXOTO-declinaison-texte-bleu-degrad-02.png\",\"width\":2442,\"height\":776,\"caption\":\"PEIXOTO\"},\"image\":{\"@id\":\"https:\\\/\\\/peixoto.fr\\\/#\\\/schema\\\/logo\\\/image\\\/\"},\"sameAs\":[\"https:\\\/\\\/www.facebook.com\\\/profile.php?id=100064380831467\",\"https:\\\/\\\/www.instagram.com\\\/groupepeixoto\\\/?hl=fr\",\"https:\\\/\\\/www.linkedin.com\\\/company\\\/sarl-transports-peixoto-et-fils\\\/\"]}]}<\/script>\n<!-- \/ Yoast SEO plugin. -->","yoast_head_json":{"title":"Location v\u00e9hicules avec conducteur - PEIXOTO","robots":{"index":"index","follow":"follow","max-snippet":"max-snippet:-1","max-image-preview":"max-image-preview:large","max-video-preview":"max-video-preview:-1"},"canonical":"https:\/\/peixoto.fr\/en\/nos-metiers\/location\/","og_locale":"en_GB","og_type":"article","og_title":"Location v\u00e9hicules avec conducteur - PEIXOTO","og_description":"Location v\u00e9hicules avec conducteur Location v\u00e9hicule avec conducteur Pr\u00e9sentation Le groupe Peixoto vous propose une prestation sur mesure, adapt\u00e9e \u00e0 vos besoins, qu\u2019ils soient permanents ou saisonniers. Nous vous garantissons un service optimal, consacr\u00e9 \u00e0 100% \u00e0 votre entreprise. Comment \u00e7a marche ? Pour r\u00e9pondre au mieux \u00e0 vos attentes, nous mettons en place des [&hellip;]","og_url":"https:\/\/peixoto.fr\/en\/nos-metiers\/location\/","og_site_name":"PEIXOTO","article_publisher":"https:\/\/www.facebook.com\/profile.php?id=100064380831467","article_modified_time":"2023-07-19T08:42:09+00:00","og_image":[{"url":"https:\/\/peixoto.fr\/wp-content\/uploads\/2022\/05\/trucks-heavy-traffic.jpg","type":"","width":"","height":""}],"twitter_card":"summary_large_image","twitter_misc":{"Estimated reading time":"2 minutes"},"schema":{"@context":"https:\/\/schema.org","@graph":[{"@type":"WebPage","@id":"https:\/\/peixoto.fr\/nos-metiers\/location\/","url":"https:\/\/peixoto.fr\/nos-metiers\/location\/","name":"Location v\u00e9hicules avec conducteur - PEIXOTO","isPartOf":{"@id":"https:\/\/peixoto.fr\/#website"},"primaryImageOfPage":{"@id":"https:\/\/peixoto.fr\/nos-metiers\/location\/#primaryimage"},"image":{"@id":"https:\/\/peixoto.fr\/nos-metiers\/location\/#primaryimage"},"thumbnailUrl":"https:\/\/peixoto.fr\/wp-content\/uploads\/2022\/05\/trucks-heavy-traffic.jpg","datePublished":"2022-03-14T15:52:21+00:00","dateModified":"2023-07-19T08:42:09+00:00","breadcrumb":{"@id":"https:\/\/peixoto.fr\/nos-metiers\/location\/#breadcrumb"},"inLanguage":"en-GB","potentialAction":[{"@type":"ReadAction","target":["https:\/\/peixoto.fr\/nos-metiers\/location\/"]}]},{"@type":"ImageObject","inLanguage":"en-GB","@id":"https:\/\/peixoto.fr\/nos-metiers\/location\/#primaryimage","url":"https:\/\/peixoto.fr\/wp-content\/uploads\/2022\/05\/trucks-heavy-traffic.jpg","contentUrl":"https:\/\/peixoto.fr\/wp-content\/uploads\/2022\/05\/trucks-heavy-traffic.jpg"},{"@type":"BreadcrumbList","@id":"https:\/\/peixoto.fr\/nos-metiers\/location\/#breadcrumb","itemListElement":[{"@type":"ListItem","position":1,"name":"Accueil","item":"https:\/\/peixoto.fr\/"},{"@type":"ListItem","position":2,"name":"Nos m\u00e9tiers","item":"https:\/\/peixoto.fr\/nos-metiers\/"},{"@type":"ListItem","position":3,"name":"Location v\u00e9hicules avec conducteur"}]},{"@type":"WebSite","@id":"https:\/\/peixoto.fr\/#website","url":"https:\/\/peixoto.fr\/","name":"PEIXOTO","description":"Site WEB du Groupe PEIXOTO","publisher":{"@id":"https:\/\/peixoto.fr\/#organization"},"potentialAction":[{"@type":"SearchAction","target":{"@type":"EntryPoint","urlTemplate":"https:\/\/peixoto.fr\/?s={search_term_string}"},"query-input":{"@type":"PropertyValueSpecification","valueRequired":true,"valueName":"search_term_string"}}],"inLanguage":"en-GB"},{"@type":"Organization","@id":"https:\/\/peixoto.fr\/#organization","name":"PEIXOTO","url":"https:\/\/peixoto.fr\/","logo":{"@type":"ImageObject","inLanguage":"en-GB","@id":"https:\/\/peixoto.fr\/#\/schema\/logo\/image\/","url":"https:\/\/peixoto.fr\/wp-content\/uploads\/2022\/05\/logoPEIXOTO-declinaison-texte-bleu-degrad-02.png","contentUrl":"https:\/\/peixoto.fr\/wp-content\/uploads\/2022\/05\/logoPEIXOTO-declinaison-texte-bleu-degrad-02.png","width":2442,"height":776,"caption":"PEIXOTO"},"image":{"@id":"https:\/\/peixoto.fr\/#\/schema\/logo\/image\/"},"sameAs":["https:\/\/www.facebook.com\/profile.php?id=100064380831467","https:\/\/www.instagram.com\/groupepeixoto\/?hl=fr","https:\/\/www.linkedin.com\/company\/sarl-transports-peixoto-et-fils\/"]}]}},"_links":{"self":[{"href":"https:\/\/peixoto.fr\/en\/wp-json\/wp\/v2\/pages\/901","targetHints":{"allow":["GET"]}}],"collection":[{"href":"https:\/\/peixoto.fr\/en\/wp-json\/wp\/v2\/pages"}],"about":[{"href":"https:\/\/peixoto.fr\/en\/wp-json\/wp\/v2\/types\/page"}],"author":[{"embeddable":true,"href":"https:\/\/peixoto.fr\/en\/wp-json\/wp\/v2\/users\/2"}],"replies":[{"embeddable":true,"href":"https:\/\/peixoto.fr\/en\/wp-json\/wp\/v2\/comments?post=901"}],"version-history":[{"count":35,"href":"https:\/\/peixoto.fr\/en\/wp-json\/wp\/v2\/pages\/901\/revisions"}],"predecessor-version":[{"id":3277,"href":"https:\/\/peixoto.fr\/en\/wp-json\/wp\/v2\/pages\/901\/revisions\/3277"}],"up":[{"embeddable":true,"href":"https:\/\/peixoto.fr\/en\/wp-json\/wp\/v2\/pages\/254"}],"wp:attachment":[{"href":"https:\/\/peixoto.fr\/en\/wp-json\/wp\/v2\/media?parent=901"}],"curies":[{"name":"wp","href":"https:\/\/api.w.org\/{rel}","templated":true}]}}