{"id":631,"date":"2022-03-13T15:03:35","date_gmt":"2022-03-13T14:03:35","guid":{"rendered":"https:\/\/peixoto.oceanville.fr\/?page_id=631"},"modified":"2023-07-19T10:12:11","modified_gmt":"2023-07-19T08:12:11","slug":"peixoto-bordeaux-gironde","status":"publish","type":"page","link":"https:\/\/peixoto.fr\/en\/qui-sommes-nous\/nos-sites\/peixoto-bordeaux-gironde\/","title":{"rendered":"Nos sites &#8211; Peixoto Bordeaux Gironde"},"content":{"rendered":"<div data-elementor-type=\"wp-page\" data-elementor-id=\"631\" class=\"elementor elementor-631\" data-elementor-post-type=\"page\">\n\t\t\t\t\t\t<section class=\"elementor-section elementor-top-section elementor-element elementor-element-14a659c5 elementor-section-boxed elementor-section-height-default elementor-section-height-default\" data-id=\"14a659c5\" data-element_type=\"section\" data-e-type=\"section\" data-settings=\"{&quot;background_background&quot;:&quot;classic&quot;}\">\n\t\t\t\t\t\t\t<div class=\"elementor-background-overlay\"><\/div>\n\t\t\t\t\t\t\t<div class=\"elementor-container elementor-column-gap-default\">\n\t\t\t\t\t<div class=\"elementor-column elementor-col-100 elementor-top-column elementor-element elementor-element-53cd546f\" data-id=\"53cd546f\" data-element_type=\"column\" data-e-type=\"column\">\n\t\t\t<div class=\"elementor-widget-wrap elementor-element-populated\">\n\t\t\t\t\t\t<div class=\"elementor-element elementor-element-53c2341e elementor-widget elementor-widget-heading\" data-id=\"53c2341e\" data-element_type=\"widget\" data-e-type=\"widget\" data-widget_type=\"heading.default\">\n\t\t\t\t<div class=\"elementor-widget-container\">\n\t\t\t\t\t<h1 class=\"elementor-heading-title elementor-size-default\">Peixoto Bordeaux Gironde<\/h1>\t\t\t\t<\/div>\n\t\t\t\t<\/div>\n\t\t\t\t<div class=\"elementor-element elementor-element-94355b0 elementor-widget elementor-widget-heading\" data-id=\"94355b0\" data-element_type=\"widget\" data-e-type=\"widget\" data-widget_type=\"heading.default\">\n\t\t\t\t<div class=\"elementor-widget-container\">\n\t\t\t\t\t<h2 class=\"elementor-heading-title elementor-size-default\">Bordeaux<\/h2>\t\t\t\t<\/div>\n\t\t\t\t<\/div>\n\t\t\t\t\t<\/div>\n\t\t<\/div>\n\t\t\t\t\t<\/div>\n\t\t<\/section>\n\t\t\t\t<section class=\"elementor-section elementor-top-section elementor-element elementor-element-50e93cd elementor-section-boxed elementor-section-height-default elementor-section-height-default\" data-id=\"50e93cd\" data-element_type=\"section\" data-e-type=\"section\">\n\t\t\t\t\t\t<div class=\"elementor-container elementor-column-gap-default\">\n\t\t\t\t\t<div class=\"elementor-column elementor-col-100 elementor-top-column elementor-element elementor-element-7699553\" data-id=\"7699553\" data-element_type=\"column\" data-e-type=\"column\">\n\t\t\t<div class=\"elementor-widget-wrap elementor-element-populated\">\n\t\t\t\t\t\t<div class=\"elementor-element elementor-element-a7c3fd0 elementor-widget elementor-widget-spacer\" data-id=\"a7c3fd0\" data-element_type=\"widget\" data-e-type=\"widget\" data-widget_type=\"spacer.default\">\n\t\t\t\t<div class=\"elementor-widget-container\">\n\t\t\t\t\t\t\t<div class=\"elementor-spacer\">\n\t\t\t<div class=\"elementor-spacer-inner\"><\/div>\n\t\t<\/div>\n\t\t\t\t\t\t<\/div>\n\t\t\t\t<\/div>\n\t\t\t\t\t<\/div>\n\t\t<\/div>\n\t\t\t\t\t<\/div>\n\t\t<\/section>\n\t\t\t\t<section class=\"elementor-section elementor-top-section elementor-element elementor-element-8a6b9dd elementor-section-boxed elementor-section-height-default elementor-section-height-default\" data-id=\"8a6b9dd\" data-element_type=\"section\" data-e-type=\"section\">\n\t\t\t\t\t\t<div class=\"elementor-container elementor-column-gap-default\">\n\t\t\t\t\t<div class=\"elementor-column elementor-col-100 elementor-top-column elementor-element elementor-element-42019c3\" data-id=\"42019c3\" data-element_type=\"column\" data-e-type=\"column\">\n\t\t\t<div class=\"elementor-widget-wrap elementor-element-populated\">\n\t\t\t\t\t\t<div class=\"elementor-element elementor-element-36455ff elementor-widget elementor-widget-heading\" data-id=\"36455ff\" data-element_type=\"widget\" data-e-type=\"widget\" data-widget_type=\"heading.default\">\n\t\t\t\t<div class=\"elementor-widget-container\">\n\t\t\t\t\t<h2 class=\"elementor-heading-title elementor-size-default\">Peixoto Bordeaux Gironde<\/h2>\t\t\t\t<\/div>\n\t\t\t\t<\/div>\n\t\t\t\t\t<\/div>\n\t\t<\/div>\n\t\t\t\t\t<\/div>\n\t\t<\/section>\n\t\t\t\t<section class=\"elementor-section elementor-top-section elementor-element elementor-element-b3d4c18 elementor-section-boxed elementor-section-height-default elementor-section-height-default\" data-id=\"b3d4c18\" data-element_type=\"section\" data-e-type=\"section\">\n\t\t\t\t\t\t<div class=\"elementor-container elementor-column-gap-default\">\n\t\t\t\t\t<div class=\"elementor-column elementor-col-50 elementor-top-column elementor-element elementor-element-147e632\" data-id=\"147e632\" data-element_type=\"column\" data-e-type=\"column\">\n\t\t\t<div class=\"elementor-widget-wrap elementor-element-populated\">\n\t\t\t\t\t\t<div class=\"elementor-element elementor-element-23ac76d elementor-widget elementor-widget-text-editor\" data-id=\"23ac76d\" data-element_type=\"widget\" data-e-type=\"widget\" data-widget_type=\"text-editor.default\">\n\t\t\t\t<div class=\"elementor-widget-container\">\n\t\t\t\t\t\t\t\t\t<p>En 2010, afin du fusionner l&rsquo;activit\u00e9 girondine des Transports Touz\u00e9 (22) et celle des Transports Peixoto et Fils (40), nous avons pris possession d&rsquo;un d\u00e9p\u00f4t sur la commune de Floirac (33).<\/p><p>Cependant en 2015, malgr\u00e9 un premier agrandissement du d\u00e9p\u00f4t de Floirac, l&rsquo;accroissement des activit\u00e9s de distribution sous temp\u00e9rature dirig\u00e9e et de groupage en fruits et l\u00e9gumes vers la r\u00e9gion parisienne et la Bretagne oblige le groupe \u00e0 cr\u00e9er une soci\u00e9t\u00e9 \u00e0 part enti\u00e8re.\u00a0<\/p><p>C&rsquo;est ainsi que naitra : Peixoto Bordeaux Gironde !<\/p><p>Suite \u00e0 cette \u00e9volution, un nouveau d\u00e9p\u00f4t voit le jour en 2017 \u00e0 Beychac-et-Caillau (33) afin de pouvoir accueillir l&rsquo;int\u00e9gralit\u00e9 de l&rsquo;activit\u00e9 girondine.<\/p>\t\t\t\t\t\t\t\t<\/div>\n\t\t\t\t<\/div>\n\t\t\t\t\t<\/div>\n\t\t<\/div>\n\t\t\t\t<div class=\"elementor-column elementor-col-50 elementor-top-column elementor-element elementor-element-57f7e5e\" data-id=\"57f7e5e\" data-element_type=\"column\" data-e-type=\"column\">\n\t\t\t<div class=\"elementor-widget-wrap elementor-element-populated\">\n\t\t\t\t\t\t<div class=\"elementor-element elementor-element-5c22063 elementor-widget elementor-widget-image\" data-id=\"5c22063\" data-element_type=\"widget\" data-e-type=\"widget\" data-widget_type=\"image.default\">\n\t\t\t\t<div class=\"elementor-widget-container\">\n\t\t\t\t\t\t\t\t\t\t\t\t\t\t\t<img fetchpriority=\"high\" decoding=\"async\" width=\"677\" height=\"430\" src=\"https:\/\/peixoto.fr\/wp-content\/uploads\/2022\/10\/Depot-Bordeaux.png\" class=\"attachment-large size-large wp-image-1990\" alt=\"\" srcset=\"https:\/\/peixoto.fr\/wp-content\/uploads\/2022\/10\/Depot-Bordeaux.png 677w, https:\/\/peixoto.fr\/wp-content\/uploads\/2022\/10\/Depot-Bordeaux-300x191.png 300w, https:\/\/peixoto.fr\/wp-content\/uploads\/2022\/10\/Depot-Bordeaux-18x12.png 18w\" sizes=\"(max-width: 677px) 100vw, 677px\" \/>\t\t\t\t\t\t\t\t\t\t\t\t\t\t\t<\/div>\n\t\t\t\t<\/div>\n\t\t\t\t\t<\/div>\n\t\t<\/div>\n\t\t\t\t\t<\/div>\n\t\t<\/section>\n\t\t\t\t<section class=\"elementor-section elementor-top-section elementor-element elementor-element-1956ffa elementor-section-boxed elementor-section-height-default elementor-section-height-default\" data-id=\"1956ffa\" data-element_type=\"section\" data-e-type=\"section\">\n\t\t\t\t\t\t<div class=\"elementor-container elementor-column-gap-default\">\n\t\t\t\t\t<div class=\"elementor-column elementor-col-33 elementor-top-column elementor-element elementor-element-6fd9f6d\" data-id=\"6fd9f6d\" data-element_type=\"column\" data-e-type=\"column\">\n\t\t\t<div class=\"elementor-widget-wrap elementor-element-populated\">\n\t\t\t\t\t\t<div class=\"elementor-element elementor-element-58d8ad1 elementor-widget elementor-widget-image\" data-id=\"58d8ad1\" data-element_type=\"widget\" data-e-type=\"widget\" data-widget_type=\"image.default\">\n\t\t\t\t<div class=\"elementor-widget-container\">\n\t\t\t\t\t\t\t\t\t\t\t\t\t\t\t<img decoding=\"async\" width=\"800\" height=\"600\" src=\"https:\/\/peixoto.fr\/wp-content\/uploads\/2022\/10\/20211223_Depot-Bordeaux-1024x768.jpg\" class=\"attachment-large size-large wp-image-1920\" alt=\"\" srcset=\"https:\/\/peixoto.fr\/wp-content\/uploads\/2022\/10\/20211223_Depot-Bordeaux-1024x768.jpg 1024w, https:\/\/peixoto.fr\/wp-content\/uploads\/2022\/10\/20211223_Depot-Bordeaux-300x225.jpg 300w, https:\/\/peixoto.fr\/wp-content\/uploads\/2022\/10\/20211223_Depot-Bordeaux-768x576.jpg 768w, https:\/\/peixoto.fr\/wp-content\/uploads\/2022\/10\/20211223_Depot-Bordeaux-1536x1152.jpg 1536w, https:\/\/peixoto.fr\/wp-content\/uploads\/2022\/10\/20211223_Depot-Bordeaux-2048x1536.jpg 2048w, https:\/\/peixoto.fr\/wp-content\/uploads\/2022\/10\/20211223_Depot-Bordeaux-16x12.jpg 16w, https:\/\/peixoto.fr\/wp-content\/uploads\/2022\/10\/20211223_Depot-Bordeaux-600x450.jpg 600w\" sizes=\"(max-width: 800px) 100vw, 800px\" \/>\t\t\t\t\t\t\t\t\t\t\t\t\t\t\t<\/div>\n\t\t\t\t<\/div>\n\t\t\t\t\t<\/div>\n\t\t<\/div>\n\t\t\t\t<div class=\"elementor-column elementor-col-33 elementor-top-column elementor-element elementor-element-3899289\" data-id=\"3899289\" data-element_type=\"column\" data-e-type=\"column\">\n\t\t\t<div class=\"elementor-widget-wrap elementor-element-populated\">\n\t\t\t\t\t\t<div class=\"elementor-element elementor-element-b33ac4d elementor-widget elementor-widget-image\" data-id=\"b33ac4d\" data-element_type=\"widget\" data-e-type=\"widget\" data-widget_type=\"image.default\">\n\t\t\t\t<div class=\"elementor-widget-container\">\n\t\t\t\t\t\t\t\t\t\t\t\t\t\t\t<img decoding=\"async\" width=\"763\" height=\"577\" src=\"https:\/\/peixoto.fr\/wp-content\/uploads\/2022\/10\/Capture.png\" class=\"attachment-large size-large wp-image-1988\" alt=\"\" srcset=\"https:\/\/peixoto.fr\/wp-content\/uploads\/2022\/10\/Capture.png 763w, https:\/\/peixoto.fr\/wp-content\/uploads\/2022\/10\/Capture-300x227.png 300w, https:\/\/peixoto.fr\/wp-content\/uploads\/2022\/10\/Capture-16x12.png 16w\" sizes=\"(max-width: 763px) 100vw, 763px\" \/>\t\t\t\t\t\t\t\t\t\t\t\t\t\t\t<\/div>\n\t\t\t\t<\/div>\n\t\t\t\t\t<\/div>\n\t\t<\/div>\n\t\t\t\t<div class=\"elementor-column elementor-col-33 elementor-top-column elementor-element elementor-element-f170c74\" data-id=\"f170c74\" data-element_type=\"column\" data-e-type=\"column\">\n\t\t\t<div class=\"elementor-widget-wrap elementor-element-populated\">\n\t\t\t\t\t\t<div class=\"elementor-element elementor-element-19ed6d2 elementor-widget elementor-widget-image\" data-id=\"19ed6d2\" data-element_type=\"widget\" data-e-type=\"widget\" data-widget_type=\"image.default\">\n\t\t\t\t<div class=\"elementor-widget-container\">\n\t\t\t\t\t\t\t\t\t\t\t\t\t\t\t<img loading=\"lazy\" decoding=\"async\" width=\"640\" height=\"480\" src=\"https:\/\/peixoto.fr\/wp-content\/uploads\/2022\/10\/Image8.jpg\" class=\"attachment-large size-large wp-image-2002\" alt=\"\" srcset=\"https:\/\/peixoto.fr\/wp-content\/uploads\/2022\/10\/Image8.jpg 640w, https:\/\/peixoto.fr\/wp-content\/uploads\/2022\/10\/Image8-300x225.jpg 300w, https:\/\/peixoto.fr\/wp-content\/uploads\/2022\/10\/Image8-16x12.jpg 16w, https:\/\/peixoto.fr\/wp-content\/uploads\/2022\/10\/Image8-600x450.jpg 600w\" sizes=\"(max-width: 640px) 100vw, 640px\" \/>\t\t\t\t\t\t\t\t\t\t\t\t\t\t\t<\/div>\n\t\t\t\t<\/div>\n\t\t\t\t\t<\/div>\n\t\t<\/div>\n\t\t\t\t\t<\/div>\n\t\t<\/section>\n\t\t\t\t<\/div>","protected":false},"excerpt":{"rendered":"<p>Peixoto Bordeaux Gironde Bordeaux Peixoto Bordeaux Gironde En 2010, afin du fusionner l&rsquo;activit\u00e9 girondine des Transports Touz\u00e9 (22) et celle des Transports Peixoto et Fils (40), nous avons pris possession d&rsquo;un d\u00e9p\u00f4t sur la commune de Floirac (33). Cependant en 2015, malgr\u00e9 un premier agrandissement du d\u00e9p\u00f4t de Floirac, l&rsquo;accroissement des activit\u00e9s de distribution sous [&hellip;]<\/p>\n","protected":false},"author":2,"featured_media":0,"parent":2248,"menu_order":0,"comment_status":"closed","ping_status":"closed","template":"","meta":{"_acf_changed":false,"footnotes":""},"class_list":["post-631","page","type-page","status-publish","hentry"],"acf":[],"yoast_head":"<!-- This site is optimized with the Yoast SEO plugin v27.5 - https:\/\/yoast.com\/product\/yoast-seo-wordpress\/ -->\n<title>Nos sites - Peixoto Bordeaux Gironde - PEIXOTO<\/title>\n<meta name=\"robots\" content=\"index, follow, max-snippet:-1, max-image-preview:large, max-video-preview:-1\" \/>\n<link rel=\"canonical\" href=\"https:\/\/peixoto.fr\/en\/qui-sommes-nous\/nos-sites\/peixoto-bordeaux-gironde\/\" \/>\n<meta property=\"og:locale\" content=\"en_GB\" \/>\n<meta property=\"og:type\" content=\"article\" \/>\n<meta property=\"og:title\" content=\"Nos sites - Peixoto Bordeaux Gironde - PEIXOTO\" \/>\n<meta property=\"og:description\" content=\"Peixoto Bordeaux Gironde Bordeaux Peixoto Bordeaux Gironde En 2010, afin du fusionner l&rsquo;activit\u00e9 girondine des Transports Touz\u00e9 (22) et celle des Transports Peixoto et Fils (40), nous avons pris possession d&rsquo;un d\u00e9p\u00f4t sur la commune de Floirac (33). Cependant en 2015, malgr\u00e9 un premier agrandissement du d\u00e9p\u00f4t de Floirac, l&rsquo;accroissement des activit\u00e9s de distribution sous [&hellip;]\" \/>\n<meta property=\"og:url\" content=\"https:\/\/peixoto.fr\/en\/qui-sommes-nous\/nos-sites\/peixoto-bordeaux-gironde\/\" \/>\n<meta property=\"og:site_name\" content=\"PEIXOTO\" \/>\n<meta property=\"article:publisher\" content=\"https:\/\/www.facebook.com\/profile.php?id=100064380831467\" \/>\n<meta property=\"article:modified_time\" content=\"2023-07-19T08:12:11+00:00\" \/>\n<meta property=\"og:image\" content=\"https:\/\/peixoto.fr\/wp-content\/uploads\/2022\/10\/Depot-Bordeaux.png\" \/>\n<meta name=\"twitter:card\" content=\"summary_large_image\" \/>\n<meta name=\"twitter:label1\" content=\"Estimated reading time\" \/>\n\t<meta name=\"twitter:data1\" content=\"2 minutes\" \/>\n<script type=\"application\/ld+json\" class=\"yoast-schema-graph\">{\"@context\":\"https:\\\/\\\/schema.org\",\"@graph\":[{\"@type\":\"WebPage\",\"@id\":\"https:\\\/\\\/peixoto.fr\\\/qui-sommes-nous\\\/nos-sites\\\/peixoto-bordeaux-gironde\\\/\",\"url\":\"https:\\\/\\\/peixoto.fr\\\/qui-sommes-nous\\\/nos-sites\\\/peixoto-bordeaux-gironde\\\/\",\"name\":\"Nos sites - Peixoto Bordeaux Gironde - PEIXOTO\",\"isPartOf\":{\"@id\":\"https:\\\/\\\/peixoto.fr\\\/#website\"},\"primaryImageOfPage\":{\"@id\":\"https:\\\/\\\/peixoto.fr\\\/qui-sommes-nous\\\/nos-sites\\\/peixoto-bordeaux-gironde\\\/#primaryimage\"},\"image\":{\"@id\":\"https:\\\/\\\/peixoto.fr\\\/qui-sommes-nous\\\/nos-sites\\\/peixoto-bordeaux-gironde\\\/#primaryimage\"},\"thumbnailUrl\":\"https:\\\/\\\/peixoto.fr\\\/wp-content\\\/uploads\\\/2022\\\/10\\\/Depot-Bordeaux.png\",\"datePublished\":\"2022-03-13T14:03:35+00:00\",\"dateModified\":\"2023-07-19T08:12:11+00:00\",\"breadcrumb\":{\"@id\":\"https:\\\/\\\/peixoto.fr\\\/qui-sommes-nous\\\/nos-sites\\\/peixoto-bordeaux-gironde\\\/#breadcrumb\"},\"inLanguage\":\"en-GB\",\"potentialAction\":[{\"@type\":\"ReadAction\",\"target\":[\"https:\\\/\\\/peixoto.fr\\\/qui-sommes-nous\\\/nos-sites\\\/peixoto-bordeaux-gironde\\\/\"]}]},{\"@type\":\"ImageObject\",\"inLanguage\":\"en-GB\",\"@id\":\"https:\\\/\\\/peixoto.fr\\\/qui-sommes-nous\\\/nos-sites\\\/peixoto-bordeaux-gironde\\\/#primaryimage\",\"url\":\"https:\\\/\\\/peixoto.fr\\\/wp-content\\\/uploads\\\/2022\\\/10\\\/Depot-Bordeaux.png\",\"contentUrl\":\"https:\\\/\\\/peixoto.fr\\\/wp-content\\\/uploads\\\/2022\\\/10\\\/Depot-Bordeaux.png\"},{\"@type\":\"BreadcrumbList\",\"@id\":\"https:\\\/\\\/peixoto.fr\\\/qui-sommes-nous\\\/nos-sites\\\/peixoto-bordeaux-gironde\\\/#breadcrumb\",\"itemListElement\":[{\"@type\":\"ListItem\",\"position\":1,\"name\":\"Accueil\",\"item\":\"https:\\\/\\\/peixoto.fr\\\/\"},{\"@type\":\"ListItem\",\"position\":2,\"name\":\"Qui sommes-nous ?\",\"item\":\"https:\\\/\\\/peixoto.fr\\\/qui-sommes-nous\\\/\"},{\"@type\":\"ListItem\",\"position\":3,\"name\":\"Nos sites\",\"item\":\"https:\\\/\\\/peixoto.fr\\\/qui-sommes-nous\\\/nos-sites\\\/\"},{\"@type\":\"ListItem\",\"position\":4,\"name\":\"Nos sites &#8211; Peixoto Bordeaux Gironde\"}]},{\"@type\":\"WebSite\",\"@id\":\"https:\\\/\\\/peixoto.fr\\\/#website\",\"url\":\"https:\\\/\\\/peixoto.fr\\\/\",\"name\":\"PEIXOTO\",\"description\":\"Site WEB du Groupe PEIXOTO\",\"publisher\":{\"@id\":\"https:\\\/\\\/peixoto.fr\\\/#organization\"},\"potentialAction\":[{\"@type\":\"SearchAction\",\"target\":{\"@type\":\"EntryPoint\",\"urlTemplate\":\"https:\\\/\\\/peixoto.fr\\\/?s={search_term_string}\"},\"query-input\":{\"@type\":\"PropertyValueSpecification\",\"valueRequired\":true,\"valueName\":\"search_term_string\"}}],\"inLanguage\":\"en-GB\"},{\"@type\":\"Organization\",\"@id\":\"https:\\\/\\\/peixoto.fr\\\/#organization\",\"name\":\"PEIXOTO\",\"url\":\"https:\\\/\\\/peixoto.fr\\\/\",\"logo\":{\"@type\":\"ImageObject\",\"inLanguage\":\"en-GB\",\"@id\":\"https:\\\/\\\/peixoto.fr\\\/#\\\/schema\\\/logo\\\/image\\\/\",\"url\":\"https:\\\/\\\/peixoto.fr\\\/wp-content\\\/uploads\\\/2022\\\/05\\\/logoPEIXOTO-declinaison-texte-bleu-degrad-02.png\",\"contentUrl\":\"https:\\\/\\\/peixoto.fr\\\/wp-content\\\/uploads\\\/2022\\\/05\\\/logoPEIXOTO-declinaison-texte-bleu-degrad-02.png\",\"width\":2442,\"height\":776,\"caption\":\"PEIXOTO\"},\"image\":{\"@id\":\"https:\\\/\\\/peixoto.fr\\\/#\\\/schema\\\/logo\\\/image\\\/\"},\"sameAs\":[\"https:\\\/\\\/www.facebook.com\\\/profile.php?id=100064380831467\",\"https:\\\/\\\/www.instagram.com\\\/groupepeixoto\\\/?hl=fr\",\"https:\\\/\\\/www.linkedin.com\\\/company\\\/sarl-transports-peixoto-et-fils\\\/\"]}]}<\/script>\n<!-- \/ Yoast SEO plugin. -->","yoast_head_json":{"title":"Nos sites - Peixoto Bordeaux Gironde - PEIXOTO","robots":{"index":"index","follow":"follow","max-snippet":"max-snippet:-1","max-image-preview":"max-image-preview:large","max-video-preview":"max-video-preview:-1"},"canonical":"https:\/\/peixoto.fr\/en\/qui-sommes-nous\/nos-sites\/peixoto-bordeaux-gironde\/","og_locale":"en_GB","og_type":"article","og_title":"Nos sites - Peixoto Bordeaux Gironde - PEIXOTO","og_description":"Peixoto Bordeaux Gironde Bordeaux Peixoto Bordeaux Gironde En 2010, afin du fusionner l&rsquo;activit\u00e9 girondine des Transports Touz\u00e9 (22) et celle des Transports Peixoto et Fils (40), nous avons pris possession d&rsquo;un d\u00e9p\u00f4t sur la commune de Floirac (33). Cependant en 2015, malgr\u00e9 un premier agrandissement du d\u00e9p\u00f4t de Floirac, l&rsquo;accroissement des activit\u00e9s de distribution sous [&hellip;]","og_url":"https:\/\/peixoto.fr\/en\/qui-sommes-nous\/nos-sites\/peixoto-bordeaux-gironde\/","og_site_name":"PEIXOTO","article_publisher":"https:\/\/www.facebook.com\/profile.php?id=100064380831467","article_modified_time":"2023-07-19T08:12:11+00:00","og_image":[{"url":"https:\/\/peixoto.fr\/wp-content\/uploads\/2022\/10\/Depot-Bordeaux.png","type":"","width":"","height":""}],"twitter_card":"summary_large_image","twitter_misc":{"Estimated reading time":"2 minutes"},"schema":{"@context":"https:\/\/schema.org","@graph":[{"@type":"WebPage","@id":"https:\/\/peixoto.fr\/qui-sommes-nous\/nos-sites\/peixoto-bordeaux-gironde\/","url":"https:\/\/peixoto.fr\/qui-sommes-nous\/nos-sites\/peixoto-bordeaux-gironde\/","name":"Nos sites - Peixoto Bordeaux Gironde - PEIXOTO","isPartOf":{"@id":"https:\/\/peixoto.fr\/#website"},"primaryImageOfPage":{"@id":"https:\/\/peixoto.fr\/qui-sommes-nous\/nos-sites\/peixoto-bordeaux-gironde\/#primaryimage"},"image":{"@id":"https:\/\/peixoto.fr\/qui-sommes-nous\/nos-sites\/peixoto-bordeaux-gironde\/#primaryimage"},"thumbnailUrl":"https:\/\/peixoto.fr\/wp-content\/uploads\/2022\/10\/Depot-Bordeaux.png","datePublished":"2022-03-13T14:03:35+00:00","dateModified":"2023-07-19T08:12:11+00:00","breadcrumb":{"@id":"https:\/\/peixoto.fr\/qui-sommes-nous\/nos-sites\/peixoto-bordeaux-gironde\/#breadcrumb"},"inLanguage":"en-GB","potentialAction":[{"@type":"ReadAction","target":["https:\/\/peixoto.fr\/qui-sommes-nous\/nos-sites\/peixoto-bordeaux-gironde\/"]}]},{"@type":"ImageObject","inLanguage":"en-GB","@id":"https:\/\/peixoto.fr\/qui-sommes-nous\/nos-sites\/peixoto-bordeaux-gironde\/#primaryimage","url":"https:\/\/peixoto.fr\/wp-content\/uploads\/2022\/10\/Depot-Bordeaux.png","contentUrl":"https:\/\/peixoto.fr\/wp-content\/uploads\/2022\/10\/Depot-Bordeaux.png"},{"@type":"BreadcrumbList","@id":"https:\/\/peixoto.fr\/qui-sommes-nous\/nos-sites\/peixoto-bordeaux-gironde\/#breadcrumb","itemListElement":[{"@type":"ListItem","position":1,"name":"Accueil","item":"https:\/\/peixoto.fr\/"},{"@type":"ListItem","position":2,"name":"Qui sommes-nous ?","item":"https:\/\/peixoto.fr\/qui-sommes-nous\/"},{"@type":"ListItem","position":3,"name":"Nos sites","item":"https:\/\/peixoto.fr\/qui-sommes-nous\/nos-sites\/"},{"@type":"ListItem","position":4,"name":"Nos sites &#8211; Peixoto Bordeaux Gironde"}]},{"@type":"WebSite","@id":"https:\/\/peixoto.fr\/#website","url":"https:\/\/peixoto.fr\/","name":"PEIXOTO","description":"Site WEB du Groupe PEIXOTO","publisher":{"@id":"https:\/\/peixoto.fr\/#organization"},"potentialAction":[{"@type":"SearchAction","target":{"@type":"EntryPoint","urlTemplate":"https:\/\/peixoto.fr\/?s={search_term_string}"},"query-input":{"@type":"PropertyValueSpecification","valueRequired":true,"valueName":"search_term_string"}}],"inLanguage":"en-GB"},{"@type":"Organization","@id":"https:\/\/peixoto.fr\/#organization","name":"PEIXOTO","url":"https:\/\/peixoto.fr\/","logo":{"@type":"ImageObject","inLanguage":"en-GB","@id":"https:\/\/peixoto.fr\/#\/schema\/logo\/image\/","url":"https:\/\/peixoto.fr\/wp-content\/uploads\/2022\/05\/logoPEIXOTO-declinaison-texte-bleu-degrad-02.png","contentUrl":"https:\/\/peixoto.fr\/wp-content\/uploads\/2022\/05\/logoPEIXOTO-declinaison-texte-bleu-degrad-02.png","width":2442,"height":776,"caption":"PEIXOTO"},"image":{"@id":"https:\/\/peixoto.fr\/#\/schema\/logo\/image\/"},"sameAs":["https:\/\/www.facebook.com\/profile.php?id=100064380831467","https:\/\/www.instagram.com\/groupepeixoto\/?hl=fr","https:\/\/www.linkedin.com\/company\/sarl-transports-peixoto-et-fils\/"]}]}},"_links":{"self":[{"href":"https:\/\/peixoto.fr\/en\/wp-json\/wp\/v2\/pages\/631","targetHints":{"allow":["GET"]}}],"collection":[{"href":"https:\/\/peixoto.fr\/en\/wp-json\/wp\/v2\/pages"}],"about":[{"href":"https:\/\/peixoto.fr\/en\/wp-json\/wp\/v2\/types\/page"}],"author":[{"embeddable":true,"href":"https:\/\/peixoto.fr\/en\/wp-json\/wp\/v2\/users\/2"}],"replies":[{"embeddable":true,"href":"https:\/\/peixoto.fr\/en\/wp-json\/wp\/v2\/comments?post=631"}],"version-history":[{"count":100,"href":"https:\/\/peixoto.fr\/en\/wp-json\/wp\/v2\/pages\/631\/revisions"}],"predecessor-version":[{"id":3250,"href":"https:\/\/peixoto.fr\/en\/wp-json\/wp\/v2\/pages\/631\/revisions\/3250"}],"up":[{"embeddable":true,"href":"https:\/\/peixoto.fr\/en\/wp-json\/wp\/v2\/pages\/2248"}],"wp:attachment":[{"href":"https:\/\/peixoto.fr\/en\/wp-json\/wp\/v2\/media?parent=631"}],"curies":[{"name":"wp","href":"https:\/\/api.w.org\/{rel}","templated":true}]}}