{"id":2290,"date":"2022-11-05T17:12:53","date_gmt":"2022-11-05T16:12:53","guid":{"rendered":"https:\/\/peixoto.oceanville.fr\/?page_id=2290"},"modified":"2022-11-05T17:26:35","modified_gmt":"2022-11-05T16:26:35","slug":"mentions-legales","status":"publish","type":"page","link":"https:\/\/peixoto.fr\/en\/mentions-legales\/","title":{"rendered":"Legal Notice"},"content":{"rendered":"<div data-elementor-type=\"wp-page\" data-elementor-id=\"2290\" class=\"elementor elementor-2290\" data-elementor-post-type=\"page\">\n\t\t\t\t\t\t<section class=\"elementor-section elementor-top-section elementor-element elementor-element-19e20091 elementor-section-boxed elementor-section-height-default elementor-section-height-default\" data-id=\"19e20091\" data-element_type=\"section\" data-e-type=\"section\" data-settings=\"{&quot;background_background&quot;:&quot;classic&quot;}\">\n\t\t\t\t\t\t\t<div class=\"elementor-background-overlay\"><\/div>\n\t\t\t\t\t\t\t<div class=\"elementor-container elementor-column-gap-default\">\n\t\t\t\t\t<div class=\"elementor-column elementor-col-100 elementor-top-column elementor-element elementor-element-1cfb36c4\" data-id=\"1cfb36c4\" data-element_type=\"column\" data-e-type=\"column\">\n\t\t\t<div class=\"elementor-widget-wrap elementor-element-populated\">\n\t\t\t\t\t\t<div class=\"elementor-element elementor-element-3e817593 elementor-widget elementor-widget-heading\" data-id=\"3e817593\" data-element_type=\"widget\" data-e-type=\"widget\" data-widget_type=\"heading.default\">\n\t\t\t\t<div class=\"elementor-widget-container\">\n\t\t\t\t\t<h1 class=\"elementor-heading-title elementor-size-default\">Legal Notice<\/h1>\t\t\t\t<\/div>\n\t\t\t\t<\/div>\n\t\t\t\t\t<\/div>\n\t\t<\/div>\n\t\t\t\t\t<\/div>\n\t\t<\/section>\n\t\t\t\t<section class=\"elementor-section elementor-top-section elementor-element elementor-element-6ef48f6 elementor-section-boxed elementor-section-height-default elementor-section-height-default\" data-id=\"6ef48f6\" data-element_type=\"section\" data-e-type=\"section\">\n\t\t\t\t\t\t<div class=\"elementor-container elementor-column-gap-default\">\n\t\t\t\t\t<div class=\"elementor-column elementor-col-100 elementor-top-column elementor-element elementor-element-962bf22\" data-id=\"962bf22\" data-element_type=\"column\" data-e-type=\"column\">\n\t\t\t<div class=\"elementor-widget-wrap elementor-element-populated\">\n\t\t\t\t\t\t<div class=\"elementor-element elementor-element-f748452 elementor-widget elementor-widget-text-editor\" data-id=\"f748452\" data-element_type=\"widget\" data-e-type=\"widget\" data-widget_type=\"text-editor.default\">\n\t\t\t\t<div class=\"elementor-widget-container\">\n\t\t\t\t\t\t\t\t\t<div><h1 align=\"center\"><span style=\"font-size: 16px;\">En vigueur au 1er janvier 2022<\/span><\/h1><\/div><div><p class=\"Paragraphe\" align=\"center\">\u00a0<\/p><\/div><div><p class=\"Paragraphe\" align=\"center\">\u00a0<\/p><\/div><div><p class=\"Paragraphe\">Conform\u00e9ment aux dispositions des Articles 6-III et 19 de la Loi n\u00b02004-575 du 21 juin 2004 pour la Confiance dans l\u2019\u00e9conomie num\u00e9rique, dite L.C.E.N., il est port\u00e9 \u00e0 la connaissance des Utilisateurs du site <strong>peixoto.fr<\/strong> les pr\u00e9sentes mentions l\u00e9gales.<\/p><\/div><div><p class=\"Paragraphe\">La connexion et la navigation sur le site <strong>peixoto.fr<\/strong> par l\u2019Utilisateur implique acceptation int\u00e9grale et sans r\u00e9serve des pr\u00e9sentes mentions l\u00e9gales.<\/p><\/div><div><p class=\"Paragraphe\">Ces derni\u00e8res sont accessibles sur le site \u00e0 la rubrique \u00ab<a href=\"https:\/\/peixoto.fr\/en\/mentions-legales\/\">Legal Notice<\/a>\u00bb.<\/p><\/div><div><h1>\u00a0<\/h1><\/div><div><h3>ARTICLE 1 : L\u2019\u00e9diteur<\/h3><\/div><div><h1>\u00a0<\/h1><\/div><div><p class=\"Paragraphe\">L&rsquo;\u00e9dition du site <strong>peixoto.fr<\/strong> est assur\u00e9e par L&rsquo;entreprise SASU PEIXOTO, dont le si\u00e8ge social est situ\u00e9 au 405 AVENUE DE TERREBLANQUE &#8211; ZI CASABLANCA &#8211; 40230 ST VINCENT DE TYROSSE, num\u00e9ro de t\u00e9l\u00e9phone 0558770203, adresse e-mail : <a href=\"mailto:contact@peixoto.fr\">contact@peixoto.fr<\/a>.<\/p><\/div><div><p class=\"Paragraphe\">Le Directeur de la publication est Manuel Peixoto<\/p><\/div><div><h1>\u00a0<\/h1><\/div><div><h3>ARTICLE 2 : L\u2019h\u00e9bergeur<\/h3><\/div><div><h1>\u00a0<\/h1><\/div><div><p class=\"Paragraphe\">L&rsquo;h\u00e9bergeur du site <strong>peixoto.fr<\/strong>\u00a0est la Soci\u00e9t\u00e9 OVH dont le si\u00e8ge social est situ\u00e9 au 2, rue Kellermann, 59100 Roubaix, avec le num\u00e9ro de t\u00e9l\u00e9phone : 1007.<\/p><\/div><div><h1>\u00a0<\/h1><\/div><div><h3>ARTICLE 3 : Acc\u00e8s au site<\/h3><\/div><div><h1>\u00a0<\/h1><\/div><div><p class=\"Paragraphe\">Le site est accessible par tout endroit, 7j\/7, 24h\/24 sauf cas de force majeure, interruption programm\u00e9e ou non et pouvant d\u00e9coulant d\u2019une n\u00e9cessit\u00e9 de maintenance.<\/p><\/div><div><p class=\"Paragraphe\">En cas de modification, interruption ou suspension des services le site <strong>peixoto.fr<\/strong>\u00a0ne saurait \u00eatre tenu responsable.<\/p><\/div><div><h1>\u00a0<\/h1><\/div><div><h3>ARTICLE 4 : Collecte des donn\u00e9es<\/h3><\/div><div><h1>\u00a0<\/h1><\/div><div><p class=\"Paragraphe\">Le site assure \u00e0 l&rsquo;Utilisateur une collecte et un traitement d&rsquo;informations personnelles dans le respect de la vie priv\u00e9e conform\u00e9ment \u00e0 la loi n\u00b078-17 du 6 janvier 1978 relative \u00e0 l&rsquo;informatique, aux fichiers et aux libert\u00e9s.<\/p><\/div><div><p class=\"Paragraphe\">En vertu de la loi Informatique et Libert\u00e9s, en date du 6 janvier 1978, l&rsquo;Utilisateur dispose d&rsquo;un droit d&rsquo;acc\u00e8s, de rectification, de suppression et d&rsquo;opposition de ses donn\u00e9es personnelles. L&rsquo;Utilisateur exerce ce droit : en nous contactant via email contact@peixoto.fr<\/p><\/div><div><h1>\u00a0<\/h1><\/div><div><h3>ARTICLE 5 : Cookies<\/h3><\/div><div><h1>\u00a0<\/h1><\/div><div><p class=\"Paragraphe\">L\u2019Utilisateur est inform\u00e9 que lors de ses visites sur le site, un cookie peut s\u2019installer automatiquement sur son logiciel de navigation.<\/p><\/div><div><p class=\"Paragraphe\">En naviguant sur le site, il les accepte.<\/p><\/div><div><p class=\"Paragraphe\">Un cookie est un \u00e9l\u00e9ment qui ne permet pas d\u2019identifier l\u2019Utilisateur mais sert \u00e0 enregistrer des informations relatives \u00e0 la navigation de celui-ci sur le site Internet. L\u2019Utilisateur pourra d\u00e9sactiver ce cookie par l\u2019interm\u00e9diaire des param\u00e8tres figurant au sein de son logiciel de navigation.<\/p><\/div><div><p class=\"Paragraphe\">\u00a0<\/p><\/div><div><h3>ARTICLE 6 : Propri\u00e9t\u00e9 intellectuelle<\/h3><\/div><div><h1>\u00a0<\/h1><\/div><div><p class=\"Paragraphe\">Toute utilisation, reproduction, diffusion, commercialisation, modification de toute ou partie du site <strong>peixoto.fr<\/strong>,\u00a0 sans autorisation de l\u2019Editeur est prohib\u00e9e et pourra entra\u00een\u00e9e des actions et poursuites judiciaires telles que notamment pr\u00e9vues par le Code de la propri\u00e9t\u00e9 intellectuelle et le Code civil.<\/p><\/div><div><p class=\"Paragraphe\">\u00a0<\/p><\/div><div><p class=\"Paragraphe\">Pour plus d\u2019informations, se reporter aux politiques de confidentialit\u00e9 du site <strong>peixoto.fr<\/strong> accessible \u00e0 la rubrique \u00ab<a href=\"\/en\/politique-de-confidentialite\/\">Donn\u00e9es personnelles<\/a>\u00bb<\/p><\/div><div><p class=\"Paragraphe\">\u00a0<\/p><\/div><div><p class=\"Paragraphe\">\u00a0<\/p><\/div>\t\t\t\t\t\t\t\t<\/div>\n\t\t\t\t<\/div>\n\t\t\t\t\t<\/div>\n\t\t<\/div>\n\t\t\t\t\t<\/div>\n\t\t<\/section>\n\t\t\t\t<\/div>","protected":false},"excerpt":{"rendered":"<p>Mentions l\u00e9gales En vigueur au 1er janvier 2022 \u00a0 \u00a0 Conform\u00e9ment aux dispositions des Articles 6-III et 19 de la Loi n\u00b02004-575 du 21 juin 2004 pour la Confiance dans l\u2019\u00e9conomie num\u00e9rique, dite L.C.E.N., il est port\u00e9 \u00e0 la connaissance des Utilisateurs du site peixoto.fr les pr\u00e9sentes mentions l\u00e9gales. La connexion et la navigation sur [&hellip;]<\/p>\n","protected":false},"author":2,"featured_media":0,"parent":0,"menu_order":0,"comment_status":"closed","ping_status":"closed","template":"","meta":{"_acf_changed":false,"footnotes":""},"class_list":["post-2290","page","type-page","status-publish","hentry"],"acf":[],"yoast_head":"<!-- This site is optimized with the Yoast SEO plugin v27.4 - https:\/\/yoast.com\/product\/yoast-seo-wordpress\/ -->\n<title>Mentions l\u00e9gales - PEIXOTO<\/title>\n<meta name=\"robots\" content=\"index, follow, max-snippet:-1, max-image-preview:large, max-video-preview:-1\" \/>\n<link rel=\"canonical\" href=\"https:\/\/peixoto.fr\/en\/mentions-legales\/\" \/>\n<meta property=\"og:locale\" content=\"en_GB\" \/>\n<meta property=\"og:type\" content=\"article\" \/>\n<meta property=\"og:title\" content=\"Mentions l\u00e9gales - PEIXOTO\" \/>\n<meta property=\"og:description\" content=\"Mentions l\u00e9gales En vigueur au 1er janvier 2022 \u00a0 \u00a0 Conform\u00e9ment aux dispositions des Articles 6-III et 19 de la Loi n\u00b02004-575 du 21 juin 2004 pour la Confiance dans l\u2019\u00e9conomie num\u00e9rique, dite L.C.E.N., il est port\u00e9 \u00e0 la connaissance des Utilisateurs du site peixoto.fr les pr\u00e9sentes mentions l\u00e9gales. La connexion et la navigation sur [&hellip;]\" \/>\n<meta property=\"og:url\" content=\"https:\/\/peixoto.fr\/en\/mentions-legales\/\" \/>\n<meta property=\"og:site_name\" content=\"PEIXOTO\" \/>\n<meta property=\"article:publisher\" content=\"https:\/\/www.facebook.com\/profile.php?id=100064380831467\" \/>\n<meta property=\"article:modified_time\" content=\"2022-11-05T16:26:35+00:00\" \/>\n<meta name=\"twitter:card\" content=\"summary_large_image\" \/>\n<meta name=\"twitter:label1\" content=\"Estimated reading time\" \/>\n\t<meta name=\"twitter:data1\" content=\"2 minutes\" \/>\n<script type=\"application\/ld+json\" class=\"yoast-schema-graph\">{\"@context\":\"https:\\\/\\\/schema.org\",\"@graph\":[{\"@type\":\"WebPage\",\"@id\":\"https:\\\/\\\/peixoto.fr\\\/mentions-legales\\\/\",\"url\":\"https:\\\/\\\/peixoto.fr\\\/mentions-legales\\\/\",\"name\":\"Mentions l\u00e9gales - PEIXOTO\",\"isPartOf\":{\"@id\":\"https:\\\/\\\/peixoto.fr\\\/#website\"},\"datePublished\":\"2022-11-05T16:12:53+00:00\",\"dateModified\":\"2022-11-05T16:26:35+00:00\",\"breadcrumb\":{\"@id\":\"https:\\\/\\\/peixoto.fr\\\/mentions-legales\\\/#breadcrumb\"},\"inLanguage\":\"en-GB\",\"potentialAction\":[{\"@type\":\"ReadAction\",\"target\":[\"https:\\\/\\\/peixoto.fr\\\/mentions-legales\\\/\"]}]},{\"@type\":\"BreadcrumbList\",\"@id\":\"https:\\\/\\\/peixoto.fr\\\/mentions-legales\\\/#breadcrumb\",\"itemListElement\":[{\"@type\":\"ListItem\",\"position\":1,\"name\":\"Accueil\",\"item\":\"https:\\\/\\\/peixoto.fr\\\/\"},{\"@type\":\"ListItem\",\"position\":2,\"name\":\"Mentions l\u00e9gales\"}]},{\"@type\":\"WebSite\",\"@id\":\"https:\\\/\\\/peixoto.fr\\\/#website\",\"url\":\"https:\\\/\\\/peixoto.fr\\\/\",\"name\":\"PEIXOTO\",\"description\":\"Site WEB du Groupe PEIXOTO\",\"publisher\":{\"@id\":\"https:\\\/\\\/peixoto.fr\\\/#organization\"},\"potentialAction\":[{\"@type\":\"SearchAction\",\"target\":{\"@type\":\"EntryPoint\",\"urlTemplate\":\"https:\\\/\\\/peixoto.fr\\\/?s={search_term_string}\"},\"query-input\":{\"@type\":\"PropertyValueSpecification\",\"valueRequired\":true,\"valueName\":\"search_term_string\"}}],\"inLanguage\":\"en-GB\"},{\"@type\":\"Organization\",\"@id\":\"https:\\\/\\\/peixoto.fr\\\/#organization\",\"name\":\"PEIXOTO\",\"url\":\"https:\\\/\\\/peixoto.fr\\\/\",\"logo\":{\"@type\":\"ImageObject\",\"inLanguage\":\"en-GB\",\"@id\":\"https:\\\/\\\/peixoto.fr\\\/#\\\/schema\\\/logo\\\/image\\\/\",\"url\":\"https:\\\/\\\/peixoto.fr\\\/wp-content\\\/uploads\\\/2022\\\/05\\\/logoPEIXOTO-declinaison-texte-bleu-degrad-02.png\",\"contentUrl\":\"https:\\\/\\\/peixoto.fr\\\/wp-content\\\/uploads\\\/2022\\\/05\\\/logoPEIXOTO-declinaison-texte-bleu-degrad-02.png\",\"width\":2442,\"height\":776,\"caption\":\"PEIXOTO\"},\"image\":{\"@id\":\"https:\\\/\\\/peixoto.fr\\\/#\\\/schema\\\/logo\\\/image\\\/\"},\"sameAs\":[\"https:\\\/\\\/www.facebook.com\\\/profile.php?id=100064380831467\",\"https:\\\/\\\/www.instagram.com\\\/groupepeixoto\\\/?hl=fr\",\"https:\\\/\\\/www.linkedin.com\\\/company\\\/sarl-transports-peixoto-et-fils\\\/\"]}]}<\/script>\n<!-- \/ Yoast SEO plugin. -->","yoast_head_json":{"title":"Mentions l\u00e9gales - PEIXOTO","robots":{"index":"index","follow":"follow","max-snippet":"max-snippet:-1","max-image-preview":"max-image-preview:large","max-video-preview":"max-video-preview:-1"},"canonical":"https:\/\/peixoto.fr\/en\/mentions-legales\/","og_locale":"en_GB","og_type":"article","og_title":"Mentions l\u00e9gales - PEIXOTO","og_description":"Mentions l\u00e9gales En vigueur au 1er janvier 2022 \u00a0 \u00a0 Conform\u00e9ment aux dispositions des Articles 6-III et 19 de la Loi n\u00b02004-575 du 21 juin 2004 pour la Confiance dans l\u2019\u00e9conomie num\u00e9rique, dite L.C.E.N., il est port\u00e9 \u00e0 la connaissance des Utilisateurs du site peixoto.fr les pr\u00e9sentes mentions l\u00e9gales. La connexion et la navigation sur [&hellip;]","og_url":"https:\/\/peixoto.fr\/en\/mentions-legales\/","og_site_name":"PEIXOTO","article_publisher":"https:\/\/www.facebook.com\/profile.php?id=100064380831467","article_modified_time":"2022-11-05T16:26:35+00:00","twitter_card":"summary_large_image","twitter_misc":{"Estimated reading time":"2 minutes"},"schema":{"@context":"https:\/\/schema.org","@graph":[{"@type":"WebPage","@id":"https:\/\/peixoto.fr\/mentions-legales\/","url":"https:\/\/peixoto.fr\/mentions-legales\/","name":"Mentions l\u00e9gales - PEIXOTO","isPartOf":{"@id":"https:\/\/peixoto.fr\/#website"},"datePublished":"2022-11-05T16:12:53+00:00","dateModified":"2022-11-05T16:26:35+00:00","breadcrumb":{"@id":"https:\/\/peixoto.fr\/mentions-legales\/#breadcrumb"},"inLanguage":"en-GB","potentialAction":[{"@type":"ReadAction","target":["https:\/\/peixoto.fr\/mentions-legales\/"]}]},{"@type":"BreadcrumbList","@id":"https:\/\/peixoto.fr\/mentions-legales\/#breadcrumb","itemListElement":[{"@type":"ListItem","position":1,"name":"Accueil","item":"https:\/\/peixoto.fr\/"},{"@type":"ListItem","position":2,"name":"Mentions l\u00e9gales"}]},{"@type":"WebSite","@id":"https:\/\/peixoto.fr\/#website","url":"https:\/\/peixoto.fr\/","name":"PEIXOTO","description":"Site WEB du Groupe PEIXOTO","publisher":{"@id":"https:\/\/peixoto.fr\/#organization"},"potentialAction":[{"@type":"SearchAction","target":{"@type":"EntryPoint","urlTemplate":"https:\/\/peixoto.fr\/?s={search_term_string}"},"query-input":{"@type":"PropertyValueSpecification","valueRequired":true,"valueName":"search_term_string"}}],"inLanguage":"en-GB"},{"@type":"Organization","@id":"https:\/\/peixoto.fr\/#organization","name":"PEIXOTO","url":"https:\/\/peixoto.fr\/","logo":{"@type":"ImageObject","inLanguage":"en-GB","@id":"https:\/\/peixoto.fr\/#\/schema\/logo\/image\/","url":"https:\/\/peixoto.fr\/wp-content\/uploads\/2022\/05\/logoPEIXOTO-declinaison-texte-bleu-degrad-02.png","contentUrl":"https:\/\/peixoto.fr\/wp-content\/uploads\/2022\/05\/logoPEIXOTO-declinaison-texte-bleu-degrad-02.png","width":2442,"height":776,"caption":"PEIXOTO"},"image":{"@id":"https:\/\/peixoto.fr\/#\/schema\/logo\/image\/"},"sameAs":["https:\/\/www.facebook.com\/profile.php?id=100064380831467","https:\/\/www.instagram.com\/groupepeixoto\/?hl=fr","https:\/\/www.linkedin.com\/company\/sarl-transports-peixoto-et-fils\/"]}]}},"_links":{"self":[{"href":"https:\/\/peixoto.fr\/en\/wp-json\/wp\/v2\/pages\/2290","targetHints":{"allow":["GET"]}}],"collection":[{"href":"https:\/\/peixoto.fr\/en\/wp-json\/wp\/v2\/pages"}],"about":[{"href":"https:\/\/peixoto.fr\/en\/wp-json\/wp\/v2\/types\/page"}],"author":[{"embeddable":true,"href":"https:\/\/peixoto.fr\/en\/wp-json\/wp\/v2\/users\/2"}],"replies":[{"embeddable":true,"href":"https:\/\/peixoto.fr\/en\/wp-json\/wp\/v2\/comments?post=2290"}],"version-history":[{"count":19,"href":"https:\/\/peixoto.fr\/en\/wp-json\/wp\/v2\/pages\/2290\/revisions"}],"predecessor-version":[{"id":2312,"href":"https:\/\/peixoto.fr\/en\/wp-json\/wp\/v2\/pages\/2290\/revisions\/2312"}],"wp:attachment":[{"href":"https:\/\/peixoto.fr\/en\/wp-json\/wp\/v2\/media?parent=2290"}],"curies":[{"name":"wp","href":"https:\/\/api.w.org\/{rel}","templated":true}]}}