{"id":1274,"date":"2022-05-10T17:41:56","date_gmt":"2022-05-10T15:41:56","guid":{"rendered":"https:\/\/peixoto.oceanville.fr\/?page_id=1274"},"modified":"2023-07-19T10:49:55","modified_gmt":"2023-07-19T08:49:55","slug":"messagerie-palettisee","status":"publish","type":"page","link":"https:\/\/peixoto.fr\/en\/nos-metiers\/messagerie-palettisee\/","title":{"rendered":"Palletized Courier"},"content":{"rendered":"<div data-elementor-type=\"wp-page\" data-elementor-id=\"1274\" class=\"elementor elementor-1274\" data-elementor-post-type=\"page\">\n\t\t\t\t\t\t<section class=\"elementor-section elementor-top-section elementor-element elementor-element-4a8014e5 elementor-section-boxed elementor-section-height-default elementor-section-height-default\" data-id=\"4a8014e5\" data-element_type=\"section\" data-e-type=\"section\" data-settings=\"{&quot;background_background&quot;:&quot;classic&quot;}\">\n\t\t\t\t\t\t\t<div class=\"elementor-background-overlay\"><\/div>\n\t\t\t\t\t\t\t<div class=\"elementor-container elementor-column-gap-default\">\n\t\t\t\t\t<div class=\"elementor-column elementor-col-100 elementor-top-column elementor-element elementor-element-dc7a31c\" data-id=\"dc7a31c\" data-element_type=\"column\" data-e-type=\"column\">\n\t\t\t<div class=\"elementor-widget-wrap elementor-element-populated\">\n\t\t\t\t\t\t<div class=\"elementor-element elementor-element-6a9b4970 elementor-widget elementor-widget-heading\" data-id=\"6a9b4970\" data-element_type=\"widget\" data-e-type=\"widget\" data-widget_type=\"heading.default\">\n\t\t\t\t<div class=\"elementor-widget-container\">\n\t\t\t\t\t<h2 class=\"elementor-heading-title elementor-size-default\">Messagerie <br>Palettis\u00e9e<\/h2>\t\t\t\t<\/div>\n\t\t\t\t<\/div>\n\t\t\t\t\t<\/div>\n\t\t<\/div>\n\t\t\t\t\t<\/div>\n\t\t<\/section>\n\t\t\t\t<section class=\"elementor-section elementor-top-section elementor-element elementor-element-17c5574a elementor-section-boxed elementor-section-height-default elementor-section-height-default\" data-id=\"17c5574a\" data-element_type=\"section\" data-e-type=\"section\">\n\t\t\t\t\t\t<div class=\"elementor-container elementor-column-gap-default\">\n\t\t\t\t\t<div class=\"elementor-column elementor-col-100 elementor-top-column elementor-element elementor-element-b8e3d6\" data-id=\"b8e3d6\" data-element_type=\"column\" data-e-type=\"column\">\n\t\t\t<div class=\"elementor-widget-wrap elementor-element-populated\">\n\t\t\t\t\t\t<div class=\"elementor-element elementor-element-a8af1d9 elementor-widget elementor-widget-elementskit-heading\" data-id=\"a8af1d9\" data-element_type=\"widget\" data-e-type=\"widget\" data-widget_type=\"elementskit-heading.default\">\n\t\t\t\t<div class=\"elementor-widget-container\">\n\t\t\t\t\t<div class=\"ekit-wid-con\" ><div class=\"ekit-heading elementskit-section-title-wraper text_left   ekit_heading_tablet-   ekit_heading_mobile-\"><div class=\"ekit_heading_separetor_wraper ekit_heading_elementskit-border-divider elementskit-style-long\"><div class=\"elementskit-border-divider elementskit-style-long\"><\/div><\/div><h2 class=\"ekit-heading--title elementskit-section-title\">Messagerie palettis\u00e9e<\/h2><\/div><\/div>\t\t\t\t<\/div>\n\t\t\t\t<\/div>\n\t\t\t\t<div class=\"elementor-element elementor-element-5ce9df20 elementor-widget elementor-widget-heading\" data-id=\"5ce9df20\" data-element_type=\"widget\" data-e-type=\"widget\" data-widget_type=\"heading.default\">\n\t\t\t\t<div class=\"elementor-widget-container\">\n\t\t\t\t\t<h2 class=\"elementor-heading-title elementor-size-default\">Presentation<\/h2>\t\t\t\t<\/div>\n\t\t\t\t<\/div>\n\t\t\t\t<section class=\"elementor-section elementor-inner-section elementor-element elementor-element-1d46e643 elementor-section-boxed elementor-section-height-default elementor-section-height-default\" data-id=\"1d46e643\" data-element_type=\"section\" data-e-type=\"section\">\n\t\t\t\t\t\t<div class=\"elementor-container elementor-column-gap-default\">\n\t\t\t\t\t<div class=\"elementor-column elementor-col-50 elementor-inner-column elementor-element elementor-element-4d69bb30\" data-id=\"4d69bb30\" data-element_type=\"column\" data-e-type=\"column\">\n\t\t\t<div class=\"elementor-widget-wrap elementor-element-populated\">\n\t\t\t\t\t\t<div class=\"elementor-element elementor-element-2aa0bda elementor-widget elementor-widget-text-editor\" data-id=\"2aa0bda\" data-element_type=\"widget\" data-e-type=\"widget\" data-widget_type=\"text-editor.default\">\n\t\t\t\t<div class=\"elementor-widget-container\">\n\t\t\t\t\t\t\t\t\t<p>Le groupe Peixoto vous propose une couverture nationale avec un maillage compos\u00e9 de plus de 50 entreprises adh\u00e9rentes au groupement FLO.\u00a0<\/p><p>Elles sont engag\u00e9es sur leur fond propre dans les investissements li\u00e9s aux \u00e9quipements de distribution, au moyen humain, et aux 3 plateformes \u00e9toiles nationales, qui sont Orl\u00e9ans, Lyon et Toulouse.\u00a0<\/p><p>Un contrat d\u2019engagement est sign\u00e9 entre chaque adh\u00e9rent et le r\u00e9seau FLOPalette. Un protocole d\u2019exploitation commun est \u00e9galement mis en place dans le respect d\u2019une charte qualit\u00e9.<\/p>\t\t\t\t\t\t\t\t<\/div>\n\t\t\t\t<\/div>\n\t\t\t\t\t<\/div>\n\t\t<\/div>\n\t\t\t\t<div class=\"elementor-column elementor-col-50 elementor-inner-column elementor-element elementor-element-5accb733\" data-id=\"5accb733\" data-element_type=\"column\" data-e-type=\"column\">\n\t\t\t<div class=\"elementor-widget-wrap elementor-element-populated\">\n\t\t\t\t\t\t<div class=\"elementor-element elementor-element-6b1a1a0e elementor-widget__width-initial elementor-widget-mobile__width-initial elementor-widget elementor-widget-image\" data-id=\"6b1a1a0e\" data-element_type=\"widget\" data-e-type=\"widget\" data-widget_type=\"image.default\">\n\t\t\t\t<div class=\"elementor-widget-container\">\n\t\t\t\t\t\t\t\t\t\t\t\t\t\t\t<img fetchpriority=\"high\" decoding=\"async\" width=\"300\" height=\"300\" src=\"https:\/\/peixoto.fr\/wp-content\/uploads\/2022\/11\/x10-logo.jpg\" class=\"attachment-full size-full wp-image-2892\" alt=\"\" srcset=\"https:\/\/peixoto.fr\/wp-content\/uploads\/2022\/11\/x10-logo.jpg 300w, https:\/\/peixoto.fr\/wp-content\/uploads\/2022\/11\/x10-logo-150x150.jpg 150w, https:\/\/peixoto.fr\/wp-content\/uploads\/2022\/11\/x10-logo-12x12.jpg 12w, https:\/\/peixoto.fr\/wp-content\/uploads\/2022\/11\/x10-logo-100x100.jpg 100w\" sizes=\"(max-width: 300px) 100vw, 300px\" \/>\t\t\t\t\t\t\t\t\t\t\t\t\t\t\t<\/div>\n\t\t\t\t<\/div>\n\t\t\t\t\t<\/div>\n\t\t<\/div>\n\t\t\t\t\t<\/div>\n\t\t<\/section>\n\t\t\t\t<div class=\"elementor-element elementor-element-2d54579a elementor-widget elementor-widget-heading\" data-id=\"2d54579a\" data-element_type=\"widget\" data-e-type=\"widget\" data-widget_type=\"heading.default\">\n\t\t\t\t<div class=\"elementor-widget-container\">\n\t\t\t\t\t<h2 class=\"elementor-heading-title elementor-size-default\">How it works ?<\/h2>\t\t\t\t<\/div>\n\t\t\t\t<\/div>\n\t\t\t\t<section class=\"elementor-section elementor-inner-section elementor-element elementor-element-2db0c2b elementor-reverse-tablet elementor-reverse-mobile elementor-section-boxed elementor-section-height-default elementor-section-height-default\" data-id=\"2db0c2b\" data-element_type=\"section\" data-e-type=\"section\">\n\t\t\t\t\t\t<div class=\"elementor-container elementor-column-gap-default\">\n\t\t\t\t\t<div class=\"elementor-column elementor-col-50 elementor-inner-column elementor-element elementor-element-4816093e elementor-hidden-phone\" data-id=\"4816093e\" data-element_type=\"column\" data-e-type=\"column\">\n\t\t\t<div class=\"elementor-widget-wrap elementor-element-populated\">\n\t\t\t\t\t\t<div class=\"elementor-element elementor-element-44efb290 elementor-widget__width-initial elementor-hidden-phone elementor-widget elementor-widget-image\" data-id=\"44efb290\" data-element_type=\"widget\" data-e-type=\"widget\" data-widget_type=\"image.default\">\n\t\t\t\t<div class=\"elementor-widget-container\">\n\t\t\t\t\t\t\t\t\t\t\t\t\t\t\t<img decoding=\"async\" width=\"1920\" height=\"2560\" src=\"https:\/\/peixoto.fr\/wp-content\/uploads\/2022\/10\/20211222_161938-scaled.jpg\" class=\"attachment-full size-full wp-image-1907\" alt=\"\" srcset=\"https:\/\/peixoto.fr\/wp-content\/uploads\/2022\/10\/20211222_161938-scaled.jpg 1920w, https:\/\/peixoto.fr\/wp-content\/uploads\/2022\/10\/20211222_161938-225x300.jpg 225w, https:\/\/peixoto.fr\/wp-content\/uploads\/2022\/10\/20211222_161938-768x1024.jpg 768w, https:\/\/peixoto.fr\/wp-content\/uploads\/2022\/10\/20211222_161938-1152x1536.jpg 1152w, https:\/\/peixoto.fr\/wp-content\/uploads\/2022\/10\/20211222_161938-1536x2048.jpg 1536w, https:\/\/peixoto.fr\/wp-content\/uploads\/2022\/10\/20211222_161938-9x12.jpg 9w\" sizes=\"(max-width: 1920px) 100vw, 1920px\" \/>\t\t\t\t\t\t\t\t\t\t\t\t\t\t\t<\/div>\n\t\t\t\t<\/div>\n\t\t\t\t<div class=\"elementor-element elementor-element-17dfccaa elementor-widget__width-initial elementor-absolute elementor-widget-tablet__width-initial elementor-widget-mobile__width-initial elementor-hidden-phone elementor-widget elementor-widget-image\" data-id=\"17dfccaa\" data-element_type=\"widget\" data-e-type=\"widget\" data-settings=\"{&quot;_position&quot;:&quot;absolute&quot;}\" data-widget_type=\"image.default\">\n\t\t\t\t<div class=\"elementor-widget-container\">\n\t\t\t\t\t\t\t\t\t\t\t\t\t\t\t<img decoding=\"async\" width=\"380\" height=\"153\" src=\"https:\/\/peixoto.fr\/wp-content\/uploads\/2022\/09\/Groupement-FLO.png\" class=\"attachment-full size-full wp-image-1882\" alt=\"\" srcset=\"https:\/\/peixoto.fr\/wp-content\/uploads\/2022\/09\/Groupement-FLO.png 380w, https:\/\/peixoto.fr\/wp-content\/uploads\/2022\/09\/Groupement-FLO-300x121.png 300w, https:\/\/peixoto.fr\/wp-content\/uploads\/2022\/09\/Groupement-FLO-18x7.png 18w\" sizes=\"(max-width: 380px) 100vw, 380px\" \/>\t\t\t\t\t\t\t\t\t\t\t\t\t\t\t<\/div>\n\t\t\t\t<\/div>\n\t\t\t\t\t<\/div>\n\t\t<\/div>\n\t\t\t\t<div class=\"elementor-column elementor-col-50 elementor-inner-column elementor-element elementor-element-3a3f7247\" data-id=\"3a3f7247\" data-element_type=\"column\" data-e-type=\"column\">\n\t\t\t<div class=\"elementor-widget-wrap elementor-element-populated\">\n\t\t\t\t\t\t<div class=\"elementor-element elementor-element-24eee43 elementor-widget elementor-widget-text-editor\" data-id=\"24eee43\" data-element_type=\"widget\" data-e-type=\"widget\" data-widget_type=\"text-editor.default\">\n\t\t\t\t<div class=\"elementor-widget-container\">\n\t\t\t\t\t\t\t\t\t<p>Nous pouvons charger et distribuer sur l\u2019ensemble du territoire de la demie \u00e0 5 palettes avec un d\u00e9lai allant de 24 \u00e0 72h.\u00a0<\/p><p>Le syst\u00e8me informatique unique permet \u00e0 chaque adh\u00e9rent de tracer les exp\u00e9ditions depuis la remise du client jusqu\u2019\u00e0 la livraison chez le destinataire.\u00a0<\/p><p>Le transport de produits dangereux emball\u00e9s est \u00e9galement possible gr\u00e2ce \u00e0 la formation de nos conducteurs et l\u2019obtention de la certification ADR. <br \/>Toujours dans une d\u00e9marche \u00e9cologique, le r\u00e9seau Flo et par voie de cons\u00e9quence le groupe Peixoto, s\u2019engage \u00e0 replanter un arbre au bout de 10 palettes transport\u00e9es.<\/p>\t\t\t\t\t\t\t\t<\/div>\n\t\t\t\t<\/div>\n\t\t\t\t\t<\/div>\n\t\t<\/div>\n\t\t\t\t\t<\/div>\n\t\t<\/section>\n\t\t\t\t<section class=\"elementor-section elementor-inner-section elementor-element elementor-element-2d409881 elementor-section-boxed elementor-section-height-default elementor-section-height-default\" data-id=\"2d409881\" data-element_type=\"section\" data-e-type=\"section\">\n\t\t\t\t\t\t<div class=\"elementor-container elementor-column-gap-default\">\n\t\t\t\t\t<div class=\"elementor-column elementor-col-33 elementor-inner-column elementor-element elementor-element-60406350\" data-id=\"60406350\" data-element_type=\"column\" data-e-type=\"column\">\n\t\t\t<div class=\"elementor-widget-wrap elementor-element-populated\">\n\t\t\t\t\t\t<div class=\"elementor-element elementor-element-43ef6792 elementor-widget elementor-widget-elementskit-blog-posts\" data-id=\"43ef6792\" data-element_type=\"widget\" data-e-type=\"widget\" data-widget_type=\"elementskit-blog-posts.default\">\n\t\t\t\t<div class=\"elementor-widget-container\">\n\t\t\t\t\t<div class=\"ekit-wid-con\" >        <div id=\"post-items--43ef6792\" class=\"row post-items\">\n                <\/div>\n       <\/div>\t\t\t\t<\/div>\n\t\t\t\t<\/div>\n\t\t\t\t\t<\/div>\n\t\t<\/div>\n\t\t\t\t<div class=\"elementor-column elementor-col-33 elementor-inner-column elementor-element elementor-element-4ead6705\" data-id=\"4ead6705\" data-element_type=\"column\" data-e-type=\"column\">\n\t\t\t<div class=\"elementor-widget-wrap elementor-element-populated\">\n\t\t\t\t\t\t<div class=\"elementor-element elementor-element-40039dc elementor-widget elementor-widget-elementskit-blog-posts\" data-id=\"40039dc\" data-element_type=\"widget\" data-e-type=\"widget\" data-widget_type=\"elementskit-blog-posts.default\">\n\t\t\t\t<div class=\"elementor-widget-container\">\n\t\t\t\t\t<div class=\"ekit-wid-con\" >        <div id=\"post-items--40039dc\" class=\"row post-items\">\n                <\/div>\n       <\/div>\t\t\t\t<\/div>\n\t\t\t\t<\/div>\n\t\t\t\t\t<\/div>\n\t\t<\/div>\n\t\t\t\t<div class=\"elementor-column elementor-col-33 elementor-inner-column elementor-element elementor-element-527af039\" data-id=\"527af039\" data-element_type=\"column\" data-e-type=\"column\">\n\t\t\t<div class=\"elementor-widget-wrap elementor-element-populated\">\n\t\t\t\t\t\t<div class=\"elementor-element elementor-element-41c76031 elementor-widget elementor-widget-elementskit-blog-posts\" data-id=\"41c76031\" data-element_type=\"widget\" data-e-type=\"widget\" data-widget_type=\"elementskit-blog-posts.default\">\n\t\t\t\t<div class=\"elementor-widget-container\">\n\t\t\t\t\t<div class=\"ekit-wid-con\" >        <div id=\"post-items--41c76031\" class=\"row post-items\">\n                <\/div>\n       <\/div>\t\t\t\t<\/div>\n\t\t\t\t<\/div>\n\t\t\t\t\t<\/div>\n\t\t<\/div>\n\t\t\t\t\t<\/div>\n\t\t<\/section>\n\t\t\t\t\t<\/div>\n\t\t<\/div>\n\t\t\t\t\t<\/div>\n\t\t<\/section>\n\t\t\t\t<\/div>","protected":false},"excerpt":{"rendered":"<p>Messagerie Palettis\u00e9e Messagerie palettis\u00e9e Pr\u00e9sentation Le groupe Peixoto vous propose une couverture nationale avec un maillage compos\u00e9 de plus de 50 entreprises adh\u00e9rentes au groupement FLO.\u00a0 Elles sont engag\u00e9es sur leur fond propre dans les investissements li\u00e9s aux \u00e9quipements de distribution, au moyen humain, et aux 3 plateformes \u00e9toiles nationales, qui sont Orl\u00e9ans, Lyon et [&hellip;]<\/p>\n","protected":false},"author":2,"featured_media":0,"parent":254,"menu_order":0,"comment_status":"closed","ping_status":"closed","template":"","meta":{"_acf_changed":false,"footnotes":""},"class_list":["post-1274","page","type-page","status-publish","hentry"],"acf":[],"yoast_head":"<!-- This site is optimized with the Yoast SEO plugin v27.6 - https:\/\/yoast.com\/product\/yoast-seo-wordpress\/ -->\n<title>Messagerie Palettis\u00e9e - PEIXOTO<\/title>\n<meta name=\"robots\" content=\"index, follow, max-snippet:-1, max-image-preview:large, max-video-preview:-1\" \/>\n<link rel=\"canonical\" href=\"https:\/\/peixoto.fr\/en\/nos-metiers\/messagerie-palettisee\/\" \/>\n<meta property=\"og:locale\" content=\"en_GB\" \/>\n<meta property=\"og:type\" content=\"article\" \/>\n<meta property=\"og:title\" content=\"Messagerie Palettis\u00e9e - PEIXOTO\" \/>\n<meta property=\"og:description\" content=\"Messagerie Palettis\u00e9e Messagerie palettis\u00e9e Pr\u00e9sentation Le groupe Peixoto vous propose une couverture nationale avec un maillage compos\u00e9 de plus de 50 entreprises adh\u00e9rentes au groupement FLO.\u00a0 Elles sont engag\u00e9es sur leur fond propre dans les investissements li\u00e9s aux \u00e9quipements de distribution, au moyen humain, et aux 3 plateformes \u00e9toiles nationales, qui sont Orl\u00e9ans, Lyon et [&hellip;]\" \/>\n<meta property=\"og:url\" content=\"https:\/\/peixoto.fr\/en\/nos-metiers\/messagerie-palettisee\/\" \/>\n<meta property=\"og:site_name\" content=\"PEIXOTO\" \/>\n<meta property=\"article:publisher\" content=\"https:\/\/www.facebook.com\/profile.php?id=100064380831467\" \/>\n<meta property=\"article:modified_time\" content=\"2023-07-19T08:49:55+00:00\" \/>\n<meta property=\"og:image\" content=\"https:\/\/peixoto.fr\/wp-content\/uploads\/2022\/11\/x10-logo.jpg\" \/>\n<meta name=\"twitter:card\" content=\"summary_large_image\" \/>\n<meta name=\"twitter:label1\" content=\"Estimated reading time\" \/>\n\t<meta name=\"twitter:data1\" content=\"2 minutes\" \/>\n<script type=\"application\/ld+json\" class=\"yoast-schema-graph\">{\"@context\":\"https:\\\/\\\/schema.org\",\"@graph\":[{\"@type\":\"WebPage\",\"@id\":\"https:\\\/\\\/peixoto.fr\\\/nos-metiers\\\/messagerie-palettisee\\\/\",\"url\":\"https:\\\/\\\/peixoto.fr\\\/nos-metiers\\\/messagerie-palettisee\\\/\",\"name\":\"Messagerie Palettis\u00e9e - PEIXOTO\",\"isPartOf\":{\"@id\":\"https:\\\/\\\/peixoto.fr\\\/#website\"},\"primaryImageOfPage\":{\"@id\":\"https:\\\/\\\/peixoto.fr\\\/nos-metiers\\\/messagerie-palettisee\\\/#primaryimage\"},\"image\":{\"@id\":\"https:\\\/\\\/peixoto.fr\\\/nos-metiers\\\/messagerie-palettisee\\\/#primaryimage\"},\"thumbnailUrl\":\"https:\\\/\\\/peixoto.fr\\\/wp-content\\\/uploads\\\/2022\\\/11\\\/x10-logo.jpg\",\"datePublished\":\"2022-05-10T15:41:56+00:00\",\"dateModified\":\"2023-07-19T08:49:55+00:00\",\"breadcrumb\":{\"@id\":\"https:\\\/\\\/peixoto.fr\\\/nos-metiers\\\/messagerie-palettisee\\\/#breadcrumb\"},\"inLanguage\":\"en-GB\",\"potentialAction\":[{\"@type\":\"ReadAction\",\"target\":[\"https:\\\/\\\/peixoto.fr\\\/nos-metiers\\\/messagerie-palettisee\\\/\"]}]},{\"@type\":\"ImageObject\",\"inLanguage\":\"en-GB\",\"@id\":\"https:\\\/\\\/peixoto.fr\\\/nos-metiers\\\/messagerie-palettisee\\\/#primaryimage\",\"url\":\"https:\\\/\\\/peixoto.fr\\\/wp-content\\\/uploads\\\/2022\\\/11\\\/x10-logo.jpg\",\"contentUrl\":\"https:\\\/\\\/peixoto.fr\\\/wp-content\\\/uploads\\\/2022\\\/11\\\/x10-logo.jpg\"},{\"@type\":\"BreadcrumbList\",\"@id\":\"https:\\\/\\\/peixoto.fr\\\/nos-metiers\\\/messagerie-palettisee\\\/#breadcrumb\",\"itemListElement\":[{\"@type\":\"ListItem\",\"position\":1,\"name\":\"Accueil\",\"item\":\"https:\\\/\\\/peixoto.fr\\\/\"},{\"@type\":\"ListItem\",\"position\":2,\"name\":\"Nos m\u00e9tiers\",\"item\":\"https:\\\/\\\/peixoto.fr\\\/nos-metiers\\\/\"},{\"@type\":\"ListItem\",\"position\":3,\"name\":\"Messagerie Palettis\u00e9e\"}]},{\"@type\":\"WebSite\",\"@id\":\"https:\\\/\\\/peixoto.fr\\\/#website\",\"url\":\"https:\\\/\\\/peixoto.fr\\\/\",\"name\":\"PEIXOTO\",\"description\":\"Site WEB du Groupe PEIXOTO\",\"publisher\":{\"@id\":\"https:\\\/\\\/peixoto.fr\\\/#organization\"},\"potentialAction\":[{\"@type\":\"SearchAction\",\"target\":{\"@type\":\"EntryPoint\",\"urlTemplate\":\"https:\\\/\\\/peixoto.fr\\\/?s={search_term_string}\"},\"query-input\":{\"@type\":\"PropertyValueSpecification\",\"valueRequired\":true,\"valueName\":\"search_term_string\"}}],\"inLanguage\":\"en-GB\"},{\"@type\":\"Organization\",\"@id\":\"https:\\\/\\\/peixoto.fr\\\/#organization\",\"name\":\"PEIXOTO\",\"url\":\"https:\\\/\\\/peixoto.fr\\\/\",\"logo\":{\"@type\":\"ImageObject\",\"inLanguage\":\"en-GB\",\"@id\":\"https:\\\/\\\/peixoto.fr\\\/#\\\/schema\\\/logo\\\/image\\\/\",\"url\":\"https:\\\/\\\/peixoto.fr\\\/wp-content\\\/uploads\\\/2022\\\/05\\\/logoPEIXOTO-declinaison-texte-bleu-degrad-02.png\",\"contentUrl\":\"https:\\\/\\\/peixoto.fr\\\/wp-content\\\/uploads\\\/2022\\\/05\\\/logoPEIXOTO-declinaison-texte-bleu-degrad-02.png\",\"width\":2442,\"height\":776,\"caption\":\"PEIXOTO\"},\"image\":{\"@id\":\"https:\\\/\\\/peixoto.fr\\\/#\\\/schema\\\/logo\\\/image\\\/\"},\"sameAs\":[\"https:\\\/\\\/www.facebook.com\\\/profile.php?id=100064380831467\",\"https:\\\/\\\/www.instagram.com\\\/groupepeixoto\\\/?hl=fr\",\"https:\\\/\\\/www.linkedin.com\\\/company\\\/sarl-transports-peixoto-et-fils\\\/\"]}]}<\/script>\n<!-- \/ Yoast SEO plugin. -->","yoast_head_json":{"title":"Messagerie Palettis\u00e9e - PEIXOTO","robots":{"index":"index","follow":"follow","max-snippet":"max-snippet:-1","max-image-preview":"max-image-preview:large","max-video-preview":"max-video-preview:-1"},"canonical":"https:\/\/peixoto.fr\/en\/nos-metiers\/messagerie-palettisee\/","og_locale":"en_GB","og_type":"article","og_title":"Messagerie Palettis\u00e9e - PEIXOTO","og_description":"Messagerie Palettis\u00e9e Messagerie palettis\u00e9e Pr\u00e9sentation Le groupe Peixoto vous propose une couverture nationale avec un maillage compos\u00e9 de plus de 50 entreprises adh\u00e9rentes au groupement FLO.\u00a0 Elles sont engag\u00e9es sur leur fond propre dans les investissements li\u00e9s aux \u00e9quipements de distribution, au moyen humain, et aux 3 plateformes \u00e9toiles nationales, qui sont Orl\u00e9ans, Lyon et [&hellip;]","og_url":"https:\/\/peixoto.fr\/en\/nos-metiers\/messagerie-palettisee\/","og_site_name":"PEIXOTO","article_publisher":"https:\/\/www.facebook.com\/profile.php?id=100064380831467","article_modified_time":"2023-07-19T08:49:55+00:00","og_image":[{"url":"https:\/\/peixoto.fr\/wp-content\/uploads\/2022\/11\/x10-logo.jpg","type":"","width":"","height":""}],"twitter_card":"summary_large_image","twitter_misc":{"Estimated reading time":"2 minutes"},"schema":{"@context":"https:\/\/schema.org","@graph":[{"@type":"WebPage","@id":"https:\/\/peixoto.fr\/nos-metiers\/messagerie-palettisee\/","url":"https:\/\/peixoto.fr\/nos-metiers\/messagerie-palettisee\/","name":"Messagerie Palettis\u00e9e - PEIXOTO","isPartOf":{"@id":"https:\/\/peixoto.fr\/#website"},"primaryImageOfPage":{"@id":"https:\/\/peixoto.fr\/nos-metiers\/messagerie-palettisee\/#primaryimage"},"image":{"@id":"https:\/\/peixoto.fr\/nos-metiers\/messagerie-palettisee\/#primaryimage"},"thumbnailUrl":"https:\/\/peixoto.fr\/wp-content\/uploads\/2022\/11\/x10-logo.jpg","datePublished":"2022-05-10T15:41:56+00:00","dateModified":"2023-07-19T08:49:55+00:00","breadcrumb":{"@id":"https:\/\/peixoto.fr\/nos-metiers\/messagerie-palettisee\/#breadcrumb"},"inLanguage":"en-GB","potentialAction":[{"@type":"ReadAction","target":["https:\/\/peixoto.fr\/nos-metiers\/messagerie-palettisee\/"]}]},{"@type":"ImageObject","inLanguage":"en-GB","@id":"https:\/\/peixoto.fr\/nos-metiers\/messagerie-palettisee\/#primaryimage","url":"https:\/\/peixoto.fr\/wp-content\/uploads\/2022\/11\/x10-logo.jpg","contentUrl":"https:\/\/peixoto.fr\/wp-content\/uploads\/2022\/11\/x10-logo.jpg"},{"@type":"BreadcrumbList","@id":"https:\/\/peixoto.fr\/nos-metiers\/messagerie-palettisee\/#breadcrumb","itemListElement":[{"@type":"ListItem","position":1,"name":"Accueil","item":"https:\/\/peixoto.fr\/"},{"@type":"ListItem","position":2,"name":"Nos m\u00e9tiers","item":"https:\/\/peixoto.fr\/nos-metiers\/"},{"@type":"ListItem","position":3,"name":"Messagerie Palettis\u00e9e"}]},{"@type":"WebSite","@id":"https:\/\/peixoto.fr\/#website","url":"https:\/\/peixoto.fr\/","name":"PEIXOTO","description":"Site WEB du Groupe PEIXOTO","publisher":{"@id":"https:\/\/peixoto.fr\/#organization"},"potentialAction":[{"@type":"SearchAction","target":{"@type":"EntryPoint","urlTemplate":"https:\/\/peixoto.fr\/?s={search_term_string}"},"query-input":{"@type":"PropertyValueSpecification","valueRequired":true,"valueName":"search_term_string"}}],"inLanguage":"en-GB"},{"@type":"Organization","@id":"https:\/\/peixoto.fr\/#organization","name":"PEIXOTO","url":"https:\/\/peixoto.fr\/","logo":{"@type":"ImageObject","inLanguage":"en-GB","@id":"https:\/\/peixoto.fr\/#\/schema\/logo\/image\/","url":"https:\/\/peixoto.fr\/wp-content\/uploads\/2022\/05\/logoPEIXOTO-declinaison-texte-bleu-degrad-02.png","contentUrl":"https:\/\/peixoto.fr\/wp-content\/uploads\/2022\/05\/logoPEIXOTO-declinaison-texte-bleu-degrad-02.png","width":2442,"height":776,"caption":"PEIXOTO"},"image":{"@id":"https:\/\/peixoto.fr\/#\/schema\/logo\/image\/"},"sameAs":["https:\/\/www.facebook.com\/profile.php?id=100064380831467","https:\/\/www.instagram.com\/groupepeixoto\/?hl=fr","https:\/\/www.linkedin.com\/company\/sarl-transports-peixoto-et-fils\/"]}]}},"_links":{"self":[{"href":"https:\/\/peixoto.fr\/en\/wp-json\/wp\/v2\/pages\/1274","targetHints":{"allow":["GET"]}}],"collection":[{"href":"https:\/\/peixoto.fr\/en\/wp-json\/wp\/v2\/pages"}],"about":[{"href":"https:\/\/peixoto.fr\/en\/wp-json\/wp\/v2\/types\/page"}],"author":[{"embeddable":true,"href":"https:\/\/peixoto.fr\/en\/wp-json\/wp\/v2\/users\/2"}],"replies":[{"embeddable":true,"href":"https:\/\/peixoto.fr\/en\/wp-json\/wp\/v2\/comments?post=1274"}],"version-history":[{"count":19,"href":"https:\/\/peixoto.fr\/en\/wp-json\/wp\/v2\/pages\/1274\/revisions"}],"predecessor-version":[{"id":3289,"href":"https:\/\/peixoto.fr\/en\/wp-json\/wp\/v2\/pages\/1274\/revisions\/3289"}],"up":[{"embeddable":true,"href":"https:\/\/peixoto.fr\/en\/wp-json\/wp\/v2\/pages\/254"}],"wp:attachment":[{"href":"https:\/\/peixoto.fr\/en\/wp-json\/wp\/v2\/media?parent=1274"}],"curies":[{"name":"wp","href":"https:\/\/api.w.org\/{rel}","templated":true}]}}